{"id":89949,"date":"2021-02-21T21:17:22","date_gmt":"2021-02-21T21:17:22","guid":{"rendered":"https:\/\/www.autonvaraosahaku.fi\/?product=monroe-l10651-muut-luokat"},"modified":"2021-02-21T21:17:33","modified_gmt":"2021-02-21T21:17:33","slug":"monroe-l10651-muut-luokat","status":"publish","type":"product","link":"https:\/\/www.autonvaraosahaku.fi\/?product=monroe-l10651-muut-luokat","title":{"rendered":"MONROE L10651 Muut luokat"},"content":{"rendered":"<p>Paino [kg]: 0,305; Tarvittava kappalem\u00e4\u00e4r\u00e4: 1; Tanko \/ tuki: Yhdystanko; Pakkauspituus [cm]: 13,5; Pakkausleveys [cm]: 9,5; Pakkauskorkeus [mm]: 7; Valmistusvuoteen: 05\/2012; VOLVO: V50 MW,C30,S40 II MS,V40 Schr\u00e4gheck; FORD: FOCUS II Kombi DA_,FOCUS II DA_,FOCUS III Turnier,FOCUS C-MAX,C-MAX DM2,FOCUS III,FOCUS II Stufenheck DA_,FOCUS III Stufenheck,FOCUS III Kasten\/Schr\u00e4gheck; 1500682, 1719542, 8M515E494AA, 8M515E494AB, 30760236, 30760237, 30760238<\/p>\n","protected":false},"excerpt":{"rendered":"<p>MONROE Korjaussarja, Vakaaja L10651  VOLVO,FORD,V50 MW,C30,S40 II MS,V40 Schr\u00e4gheck,FOCUS II Kombi DA_,FOCUS II DA_,FOCUS III Turnier,FOCUS C-MAX<\/p>\n","protected":false},"featured_media":0,"template":"","meta":{"site-sidebar-layout":"default","site-content-layout":"default","ast-global-header-display":"","ast-main-header-display":"","ast-hfb-above-header-display":"","ast-hfb-below-header-display":"","ast-hfb-mobile-header-display":"","site-post-title":"","ast-breadcrumbs-content":"","ast-featured-img":"","footer-sml-layout":"","theme-transparent-header-meta":"","adv-header-id-meta":"","stick-header-meta":"","header-above-stick-meta":"","header-main-stick-meta":"","header-below-stick-meta":""},"pwb-brand":[79],"product_cat":[37],"product_tag":[],"class_list":{"0":"post-89949","1":"product","2":"type-product","3":"status-publish","5":"pwb-brand-monroe","6":"product_cat-muut-luokat","7":"desktop-align-left","8":"tablet-align-left","9":"mobile-align-left","11":"first","12":"instock","13":"product-type-external"},"brands":[{"id":79,"name":"MONROE","slug":"monroe"}],"_links":{"self":[{"href":"https:\/\/www.autonvaraosahaku.fi\/index.php?rest_route=\/wp\/v2\/product\/89949","targetHints":{"allow":["GET"]}}],"collection":[{"href":"https:\/\/www.autonvaraosahaku.fi\/index.php?rest_route=\/wp\/v2\/product"}],"about":[{"href":"https:\/\/www.autonvaraosahaku.fi\/index.php?rest_route=\/wp\/v2\/types\/product"}],"wp:attachment":[{"href":"https:\/\/www.autonvaraosahaku.fi\/index.php?rest_route=%2Fwp%2Fv2%2Fmedia&parent=89949"}],"wp:term":[{"taxonomy":"pwb-brand","embeddable":true,"href":"https:\/\/www.autonvaraosahaku.fi\/index.php?rest_route=%2Fwp%2Fv2%2Fpwb-brand&post=89949"},{"taxonomy":"product_cat","embeddable":true,"href":"https:\/\/www.autonvaraosahaku.fi\/index.php?rest_route=%2Fwp%2Fv2%2Fproduct_cat&post=89949"},{"taxonomy":"product_tag","embeddable":true,"href":"https:\/\/www.autonvaraosahaku.fi\/index.php?rest_route=%2Fwp%2Fv2%2Fproduct_tag&post=89949"}],"curies":[{"name":"wp","href":"https:\/\/api.w.org\/{rel}","templated":true}]}}