{"id":89963,"date":"2021-02-21T21:17:34","date_gmt":"2021-02-21T21:17:34","guid":{"rendered":"https:\/\/www.autonvaraosahaku.fi\/?product=ridex-193b0072-vetonivelen-suojakumi"},"modified":"2021-02-21T21:17:42","modified_gmt":"2021-02-21T21:17:42","slug":"ridex-193b0072-vetonivelen-suojakumi","status":"publish","type":"product","link":"https:\/\/www.autonvaraosahaku.fi\/?product=ridex-193b0072-vetonivelen-suojakumi","title":{"rendered":"RIDEX 193B0072 Vetonivelen suojakumi"},"content":{"rendered":"<p>Asennuspuoli: Py\u00f6r\u00e4n puoli, Etuakseli; Sis\u00e4l\u00e4pimitta 1 [mm]: 19; Sis\u00e4l\u00e4pimitta 2 [mm]: 68; Korkeus (mm): 86; Materiaali: Kumi; Paino [kg]: 0,262; MAZDA: XEDOS 6 CA,323 C IV BG,FAMILIA IV BG,626 III Station Wagon GV; SUZUKI: BALENO Kombi EG,BALENO EG,BALENO Schr\u00e4gheck EG; 757003, 757906, C60222530, F00622530A, F00622530B, F00622530C, F01122530, F01122530A, F02322530, F02322530A, F02322630, F02322630A, FA0122530, FD6422530, 392414F125, 392414F126, 302559, 28023AA120, C60222530, F00622530, F00622530A, F00622530B, F00622530C, F02322530, F02322530A, F02322630, F02322630A, F02422630, F02422630A, F06122530A, F06122530B, G07122530, Y40222530, 854050803; Vetoakselin Suojakumi,Paljekumi, Vetoakseli<\/p>\n","protected":false},"excerpt":{"rendered":"<p>RIDEX Vetonivelen Suojakumi 193B0072 Vetoakselin Suojakumi,Paljekumi, Vetoakseli MAZDA,SUZUKI,XEDOS 6 CA,323 C IV BG,FAMILIA IV BG<\/p>\n","protected":false},"featured_media":0,"template":"","meta":{"site-sidebar-layout":"default","site-content-layout":"default","ast-global-header-display":"","ast-main-header-display":"","ast-hfb-above-header-display":"","ast-hfb-below-header-display":"","ast-hfb-mobile-header-display":"","site-post-title":"","ast-breadcrumbs-content":"","ast-featured-img":"","footer-sml-layout":"","theme-transparent-header-meta":"","adv-header-id-meta":"","stick-header-meta":"","header-above-stick-meta":"","header-main-stick-meta":"","header-below-stick-meta":""},"pwb-brand":[157],"product_cat":[42],"product_tag":[],"class_list":{"0":"post-89963","1":"product","2":"type-product","3":"status-publish","5":"pwb-brand-ridex","6":"product_cat-vetonivelen-suojakumi","7":"desktop-align-left","8":"tablet-align-left","9":"mobile-align-left","11":"first","12":"instock","13":"product-type-external"},"brands":[{"id":157,"name":"RIDEX","slug":"ridex"}],"_links":{"self":[{"href":"https:\/\/www.autonvaraosahaku.fi\/index.php?rest_route=\/wp\/v2\/product\/89963","targetHints":{"allow":["GET"]}}],"collection":[{"href":"https:\/\/www.autonvaraosahaku.fi\/index.php?rest_route=\/wp\/v2\/product"}],"about":[{"href":"https:\/\/www.autonvaraosahaku.fi\/index.php?rest_route=\/wp\/v2\/types\/product"}],"wp:attachment":[{"href":"https:\/\/www.autonvaraosahaku.fi\/index.php?rest_route=%2Fwp%2Fv2%2Fmedia&parent=89963"}],"wp:term":[{"taxonomy":"pwb-brand","embeddable":true,"href":"https:\/\/www.autonvaraosahaku.fi\/index.php?rest_route=%2Fwp%2Fv2%2Fpwb-brand&post=89963"},{"taxonomy":"product_cat","embeddable":true,"href":"https:\/\/www.autonvaraosahaku.fi\/index.php?rest_route=%2Fwp%2Fv2%2Fproduct_cat&post=89963"},{"taxonomy":"product_tag","embeddable":true,"href":"https:\/\/www.autonvaraosahaku.fi\/index.php?rest_route=%2Fwp%2Fv2%2Fproduct_tag&post=89963"}],"curies":[{"name":"wp","href":"https:\/\/api.w.org\/{rel}","templated":true}]}}