{"id":89988,"date":"2021-02-21T21:17:47","date_gmt":"2021-02-21T21:17:47","guid":{"rendered":"https:\/\/www.autonvaraosahaku.fi\/?product=nural-87-433400-00-manta"},"modified":"2021-02-21T21:17:58","modified_gmt":"2021-02-21T21:17:58","slug":"nural-87-433400-00-manta","status":"publish","type":"product","link":"https:\/\/www.autonvaraosahaku.fi\/?product=nural-87-433400-00-manta","title":{"rendered":"N\u00dcRAL 87-433400-00 M\u00e4nt\u00e4"},"content":{"rendered":"<p>Pituus (mm): 75,500; Sylinterin halkaisija [mm]: 83,00; Moott. tehoon (kW): 120; Mekaanisesti ty\u00f6stetty: Leikkauksella\/tilalla \u00f6ljysuutinta varten; Ruuvi-\u00d8 [mm]: 30; Korvaava tuote\/korvaava tiedote 2: J\u00e4\u00e4hdytyskanavalla, M\u00e4nn\u00e4nrengasuralla; Komponenttinumero: 08-433400-00; Tuotantonumero: 08349P202; Puristuskorkeus [mm]: 48,500; Syvennysl\u00e4pimitta [mm]: 49,400; Pultinpituus [mm]: 66; Syvennys 1 [mm]: 13,250; Vakiomitta (STD): ; M\u00e4nn\u00e4n v\u00e4lys [mm]: 0,054; TECDOC-moottorinumero: 24545; MERCEDES-BENZ: C-CLASS W204,C-CLASS T-Model S204,E-CLASS W212,VIANO W639,B-CLASS W246, W242,E-CLASS T-Model S212,GLK-CLASS X204,VITO Bus W639,A-CLASS W176,VITO \/ MIXTO Kasten W639,SPRINTER 3,5-t Kasten 906,CLA Coupe C117,SPRINTER 3,5-t Bus 906,SPRINTER 3-t Kasten 906,SPRINTER 3,5-t Pritsche\/Fahrgestell 906,SPRINTER 3-t Bus 906,SPRINTER 5-t Kasten 906,SPRINTER 5-t Pritsche\/Fahrgestell 906,SPRINTER 3-t Pritsche\/Fahrgestell 906,SPRINTER 4,6-t Pritsche\/Fahrgestell 906,SPRINTER 4,6-t Kasten 906,V-CLASS W447,SPRINTER 4,6-t Bus,SPRINTER 5-t Bus,GLA-CLASS X156,VITO Tourer W447,CLA Shooting Brake X117,VITO Kasten W447,VITO Mixto W447; JEEP: COMPASS MK49; A6510301117; M\u00e4nn\u00e4t<\/p>\n","protected":false},"excerpt":{"rendered":"<p>N\u00dcRAL M\u00e4nt\u00e4 87-433400-00 M\u00e4nn\u00e4t MERCEDES-BENZ,JEEP,C-CLASS W204,C-CLASS T-Model S204,E-CLASS W212,VIANO W639,B-CLASS W246, W242,E-CLASS T-Model S212<\/p>\n","protected":false},"featured_media":0,"template":"","meta":{"site-sidebar-layout":"default","site-content-layout":"default","ast-global-header-display":"","ast-main-header-display":"","ast-hfb-above-header-display":"","ast-hfb-below-header-display":"","ast-hfb-mobile-header-display":"","site-post-title":"","ast-breadcrumbs-content":"","ast-featured-img":"","footer-sml-layout":"","theme-transparent-header-meta":"","adv-header-id-meta":"","stick-header-meta":"","header-above-stick-meta":"","header-main-stick-meta":"","header-below-stick-meta":""},"pwb-brand":[579],"product_cat":[434],"product_tag":[],"class_list":{"0":"post-89988","1":"product","2":"type-product","3":"status-publish","5":"pwb-brand-nural","6":"product_cat-manta","7":"desktop-align-left","8":"tablet-align-left","9":"mobile-align-left","11":"first","12":"instock","13":"product-type-external"},"brands":[{"id":579,"name":"N\u00dcRAL","slug":"nural"}],"_links":{"self":[{"href":"https:\/\/www.autonvaraosahaku.fi\/index.php?rest_route=\/wp\/v2\/product\/89988","targetHints":{"allow":["GET"]}}],"collection":[{"href":"https:\/\/www.autonvaraosahaku.fi\/index.php?rest_route=\/wp\/v2\/product"}],"about":[{"href":"https:\/\/www.autonvaraosahaku.fi\/index.php?rest_route=\/wp\/v2\/types\/product"}],"wp:attachment":[{"href":"https:\/\/www.autonvaraosahaku.fi\/index.php?rest_route=%2Fwp%2Fv2%2Fmedia&parent=89988"}],"wp:term":[{"taxonomy":"pwb-brand","embeddable":true,"href":"https:\/\/www.autonvaraosahaku.fi\/index.php?rest_route=%2Fwp%2Fv2%2Fpwb-brand&post=89988"},{"taxonomy":"product_cat","embeddable":true,"href":"https:\/\/www.autonvaraosahaku.fi\/index.php?rest_route=%2Fwp%2Fv2%2Fproduct_cat&post=89988"},{"taxonomy":"product_tag","embeddable":true,"href":"https:\/\/www.autonvaraosahaku.fi\/index.php?rest_route=%2Fwp%2Fv2%2Fproduct_tag&post=89988"}],"curies":[{"name":"wp","href":"https:\/\/api.w.org\/{rel}","templated":true}]}}