{"id":90000,"date":"2021-02-21T21:18:00","date_gmt":"2021-02-21T21:18:00","guid":{"rendered":"https:\/\/www.autonvaraosahaku.fi\/?product=corteco-49358740-tiivisteet"},"modified":"2021-02-21T21:18:06","modified_gmt":"2021-02-21T21:18:06","slug":"corteco-49358740-tiivisteet","status":"publish","type":"product","link":"https:\/\/www.autonvaraosahaku.fi\/?product=corteco-49358740-tiivisteet","title":{"rendered":"CORTECO 49358740 Tiivisteet"},"content":{"rendered":"<p>Asennuspuoli: Poisto; Sis\u00e4l\u00e4pimitta 1 [mm]: 40; Ulkol\u00e4pimitta 1 [mm]: 64; Ulkol\u00e4pimitta 2 [mm]: 71; Korkeus 1 (mm): 7,5; Korkeus 2 (mm): 12,5; Materiaali: ACM (polyakryyli-kautsu); LAND ROVER: FREELANDER LN; TRX000010L<\/p>\n","protected":false},"excerpt":{"rendered":"<p>CORTECO Akselitiiviste, Tasauspy\u00f6r\u00e4st\u00f6 49358740  LAND ROVER,FREELANDER LN<\/p>\n","protected":false},"featured_media":0,"template":"","meta":{"site-sidebar-layout":"default","site-content-layout":"default","ast-global-header-display":"","ast-main-header-display":"","ast-hfb-above-header-display":"","ast-hfb-below-header-display":"","ast-hfb-mobile-header-display":"","site-post-title":"","ast-breadcrumbs-content":"","ast-featured-img":"","footer-sml-layout":"","theme-transparent-header-meta":"","adv-header-id-meta":"","stick-header-meta":"","header-above-stick-meta":"","header-main-stick-meta":"","header-below-stick-meta":""},"pwb-brand":[53],"product_cat":[27],"product_tag":[],"class_list":{"0":"post-90000","1":"product","2":"type-product","3":"status-publish","5":"pwb-brand-corteco","6":"product_cat-tiivisteet","7":"desktop-align-left","8":"tablet-align-left","9":"mobile-align-left","11":"first","12":"instock","13":"product-type-external"},"brands":[{"id":53,"name":"CORTECO","slug":"corteco"}],"_links":{"self":[{"href":"https:\/\/www.autonvaraosahaku.fi\/index.php?rest_route=\/wp\/v2\/product\/90000","targetHints":{"allow":["GET"]}}],"collection":[{"href":"https:\/\/www.autonvaraosahaku.fi\/index.php?rest_route=\/wp\/v2\/product"}],"about":[{"href":"https:\/\/www.autonvaraosahaku.fi\/index.php?rest_route=\/wp\/v2\/types\/product"}],"wp:attachment":[{"href":"https:\/\/www.autonvaraosahaku.fi\/index.php?rest_route=%2Fwp%2Fv2%2Fmedia&parent=90000"}],"wp:term":[{"taxonomy":"pwb-brand","embeddable":true,"href":"https:\/\/www.autonvaraosahaku.fi\/index.php?rest_route=%2Fwp%2Fv2%2Fpwb-brand&post=90000"},{"taxonomy":"product_cat","embeddable":true,"href":"https:\/\/www.autonvaraosahaku.fi\/index.php?rest_route=%2Fwp%2Fv2%2Fproduct_cat&post=90000"},{"taxonomy":"product_tag","embeddable":true,"href":"https:\/\/www.autonvaraosahaku.fi\/index.php?rest_route=%2Fwp%2Fv2%2Fproduct_tag&post=90000"}],"curies":[{"name":"wp","href":"https:\/\/api.w.org\/{rel}","templated":true}]}}