{"id":9001,"date":"2021-02-21T14:04:40","date_gmt":"2021-02-21T14:04:40","guid":{"rendered":"https:\/\/www.autonvaraosahaku.fi\/?product=original-imperium-21812-jaahdyttimen-letku"},"modified":"2021-02-21T14:04:40","modified_gmt":"2021-02-21T14:04:40","slug":"original-imperium-21812-jaahdyttimen-letku","status":"publish","type":"product","link":"https:\/\/www.autonvaraosahaku.fi\/?product=original-imperium-21812-jaahdyttimen-letku","title":{"rendered":"ORIGINAL IMPERIUM 21812 J\u00e4\u00e4hdyttimen letku"},"content":{"rendered":"<p>Paino [g]: 45; Sis\u00e4l\u00e4pimitta [mm]: 7,5; Ulkol\u00e4pimitta [mm]: 13,5; Pituus (mm): 240; J\u00e4\u00e4hdytysjohto: von Vergaser nach Heizungsk\u00fchler; BMW: 3 E30,5 E34,3 Cabriolet E30,7 E32,8 E31,5 Touring E34,5 E28,3 Touring E30; SEAT: FURA 025A; LANCIA: Y10 156; FIAT: BARCHETTA 183,PANDA 141A_,COUPE FA\/175,BRAVO I 182,BRAVA 182,MAREA Weekend 185,UNO 146A\/E,127,FIORINO Kasten 146,128 Coupe,128,PANDA Van 141_,MAREA 185,RITMO I 138A,FIORINO Pick up 146,FIORINO 147,REGATA 138,128 Familiare,DUNA 146 B,ELBA 146_,DUNA Weekend 146 B; CITRO\u00cbN: AX ZA-_,BX XB-_,BX Break XB-_,C15 VD-_; TALBOT: SIMCA 1100 Schr\u00e4gheck; INNOCENTI: ELBA 146; 4195157, 4266805, 4346493, 4398756, 4415176, 4428395, 4428925, 60608901, 7537067, 7589814, SE020032162A, 13311288284, 95636723, 95636723, 4195157, 4266805, 4346493, 4398756, 4415176, 4428395, 4428925, 60608901, 7537067, 7589814, 4195157, 4398756, 4415176, 4428925, 60608901, 7537067, 4195157, 4266805, 4346493, 4398756, 4415176, 4428395, 4428925, 60608901, 7537067, 7589814, 95636723, SE020032162A, SE020032162A, 35536, SE020032162A<\/p>\n","protected":false},"excerpt":{"rendered":"<p>ORIGINAL IMPERIUM J\u00e4\u00e4hdyttimen Letku 21812  BMW,SEAT,LANCIA,3 E30,5 E34,3 Cabriolet E30,7 E32,8 E31,5 Touring E34,5 E28,3 Touring E30,FURA 025A<\/p>\n","protected":false},"featured_media":0,"template":"","meta":{"site-sidebar-layout":"default","site-content-layout":"default","ast-global-header-display":"","ast-main-header-display":"","ast-hfb-above-header-display":"","ast-hfb-below-header-display":"","ast-hfb-mobile-header-display":"","site-post-title":"","ast-breadcrumbs-content":"","ast-featured-img":"","footer-sml-layout":"","theme-transparent-header-meta":"","adv-header-id-meta":"","stick-header-meta":"","header-above-stick-meta":"","header-main-stick-meta":"","header-below-stick-meta":""},"pwb-brand":[72],"product_cat":[206],"product_tag":[],"class_list":{"0":"post-9001","1":"product","2":"type-product","3":"status-publish","5":"pwb-brand-original-imperium","6":"product_cat-jaahdyttimen-letku","7":"desktop-align-left","8":"tablet-align-left","9":"mobile-align-left","11":"first","12":"instock","13":"product-type-external"},"brands":[{"id":72,"name":"ORIGINAL IMPERIUM","slug":"original-imperium"}],"_links":{"self":[{"href":"https:\/\/www.autonvaraosahaku.fi\/index.php?rest_route=\/wp\/v2\/product\/9001","targetHints":{"allow":["GET"]}}],"collection":[{"href":"https:\/\/www.autonvaraosahaku.fi\/index.php?rest_route=\/wp\/v2\/product"}],"about":[{"href":"https:\/\/www.autonvaraosahaku.fi\/index.php?rest_route=\/wp\/v2\/types\/product"}],"wp:attachment":[{"href":"https:\/\/www.autonvaraosahaku.fi\/index.php?rest_route=%2Fwp%2Fv2%2Fmedia&parent=9001"}],"wp:term":[{"taxonomy":"pwb-brand","embeddable":true,"href":"https:\/\/www.autonvaraosahaku.fi\/index.php?rest_route=%2Fwp%2Fv2%2Fpwb-brand&post=9001"},{"taxonomy":"product_cat","embeddable":true,"href":"https:\/\/www.autonvaraosahaku.fi\/index.php?rest_route=%2Fwp%2Fv2%2Fproduct_cat&post=9001"},{"taxonomy":"product_tag","embeddable":true,"href":"https:\/\/www.autonvaraosahaku.fi\/index.php?rest_route=%2Fwp%2Fv2%2Fproduct_tag&post=9001"}],"curies":[{"name":"wp","href":"https:\/\/api.w.org\/{rel}","templated":true}]}}