{"id":90010,"date":"2021-02-21T21:18:13","date_gmt":"2021-02-21T21:18:13","guid":{"rendered":"https:\/\/www.autonvaraosahaku.fi\/?product=meyle-100-905-0005-sytytysmoduuli"},"modified":"2021-02-21T21:18:14","modified_gmt":"2021-02-21T21:18:14","slug":"meyle-100-905-0005-sytytysmoduuli","status":"publish","type":"product","link":"https:\/\/www.autonvaraosahaku.fi\/?product=meyle-100-905-0005-sytytysmoduuli","title":{"rendered":"MEYLE 100 905 0005 Sytytysmoduuli"},"content":{"rendered":"<p>K\u00e4ytt\u00f6j\u00e4nnite [V]: 12; Puola-sytytysj\u00e4rjestelm\u00e4: Transistorisytytys (TS); Korvaava tuote\/korvaava tiedote 2: Ilman kiinnitysmateriaalia, takalevyll\u00e4; Napojen m\u00e4\u00e4r\u00e4: 7; lis\u00e4tieto: ORIGINAL Quality; VW: TRANSPORTER IV Bus 70XB, 70XC, 7DB, 7DW,GOLF II 19E, 1G1,PASSAT Variant 3A5, 35I,GOLF I Cabriolet 155,TRANSPORTER III Bus,POLO 86C, 80,KAEFER,POLO Coupe 86C, 80,PASSAT 3A2, 35I,CORRADO 53I,SCIROCCO 53B,CADDY I 14,JETTA II 19E, 1G2, 165,PASSAT Variant 32B,TRANSPORTER III Kasten,POLO CLASSIC 86C, 80,TRANSPORTER III Pritsche\/Fahrgestell,PASSAT 32B,ILTIS 183,PASSAT Stufenheck 32B,SANTANA 32B; AUDI: 80 89, 89Q, 8A, B3,100 44, 44Q, C3,COUPE 89, 8B,80 81, 85, B2,90 89, 89Q, 8A, B3,100 Avant 44, 44Q, C3,COUPE 81, 85,QUATTRO 85,200 44, 44Q,90 81, 85, B2,200 Avant 44, 44Q; SEAT: TOLEDO I 1L; SAAB: 900 I Cabriolet,900 I Combi Coupe,900 I AC4, AM4; PORSCHE: 924; 191905351A, 191905351B, 191905351C, 191905351A, 8980534, 191905351A, 191905351B, 191905351C, 191905351A, 191905351B, 191905351C; Kytkent\u00e4laite, Sytytyslaite<\/p>\n","protected":false},"excerpt":{"rendered":"<p>MEYLE Sytytysmoduuli 100 905 0005 Kytkent\u00e4laite, Sytytyslaite VW,AUDI,SEAT,TRANSPORTER IV Bus 70XB, 70XC, 7DB, 7DW,GOLF II 19E, 1G1<\/p>\n","protected":false},"featured_media":0,"template":"","meta":{"site-sidebar-layout":"default","site-content-layout":"default","ast-global-header-display":"","ast-main-header-display":"","ast-hfb-above-header-display":"","ast-hfb-below-header-display":"","ast-hfb-mobile-header-display":"","site-post-title":"","ast-breadcrumbs-content":"","ast-featured-img":"","footer-sml-layout":"","theme-transparent-header-meta":"","adv-header-id-meta":"","stick-header-meta":"","header-above-stick-meta":"","header-main-stick-meta":"","header-below-stick-meta":""},"pwb-brand":[84],"product_cat":[317],"product_tag":[],"class_list":{"0":"post-90010","1":"product","2":"type-product","3":"status-publish","5":"pwb-brand-meyle","6":"product_cat-sytytysmoduuli","7":"desktop-align-left","8":"tablet-align-left","9":"mobile-align-left","11":"first","12":"instock","13":"product-type-external"},"brands":[{"id":84,"name":"MEYLE","slug":"meyle"}],"_links":{"self":[{"href":"https:\/\/www.autonvaraosahaku.fi\/index.php?rest_route=\/wp\/v2\/product\/90010","targetHints":{"allow":["GET"]}}],"collection":[{"href":"https:\/\/www.autonvaraosahaku.fi\/index.php?rest_route=\/wp\/v2\/product"}],"about":[{"href":"https:\/\/www.autonvaraosahaku.fi\/index.php?rest_route=\/wp\/v2\/types\/product"}],"wp:attachment":[{"href":"https:\/\/www.autonvaraosahaku.fi\/index.php?rest_route=%2Fwp%2Fv2%2Fmedia&parent=90010"}],"wp:term":[{"taxonomy":"pwb-brand","embeddable":true,"href":"https:\/\/www.autonvaraosahaku.fi\/index.php?rest_route=%2Fwp%2Fv2%2Fpwb-brand&post=90010"},{"taxonomy":"product_cat","embeddable":true,"href":"https:\/\/www.autonvaraosahaku.fi\/index.php?rest_route=%2Fwp%2Fv2%2Fproduct_cat&post=90010"},{"taxonomy":"product_tag","embeddable":true,"href":"https:\/\/www.autonvaraosahaku.fi\/index.php?rest_route=%2Fwp%2Fv2%2Fproduct_tag&post=90010"}],"curies":[{"name":"wp","href":"https:\/\/api.w.org\/{rel}","templated":true}]}}