{"id":90012,"date":"2021-02-21T21:18:13","date_gmt":"2021-02-21T21:18:13","guid":{"rendered":"https:\/\/www.autonvaraosahaku.fi\/?product=meyle-100-135-0108-muut-luokat"},"modified":"2021-02-21T21:18:15","modified_gmt":"2021-02-21T21:18:15","slug":"meyle-100-135-0108-muut-luokat","status":"publish","type":"product","link":"https:\/\/www.autonvaraosahaku.fi\/?product=meyle-100-135-0108-muut-luokat","title":{"rendered":"MEYLE 100 135 0108 Muut luokat"},"content":{"rendered":"<p>Vaihteistomalli: AL1000, TR-80SD, 0C8, A7000; Vaihteistomalli: Automaattivaihteisto, 8-vaiht.; Valmistaja rajaus: AISIN; Lis\u00e4tarvike\/lis\u00e4tieto: Tarvikkeilla; M\u00e4\u00e4r\u00e4yksikk\u00f6: Sarja; lis\u00e4tieto: ORIGINAL Quality; VW: TOUAREG 7P5; AUDI: Q7 4L; PORSCHE: CAYENNE,PANAMERA; 0C8325435, 95832543500, 0C8325435<\/p>\n","protected":false},"excerpt":{"rendered":"<p>MEYLE Tarvikesarja, \u00d6ljynvaihto-Automaattivaihteisto 100 135 0108  VW,AUDI,PORSCHE,TOUAREG 7P5,Q7 4L,CAYENNE,PANAMERA<\/p>\n","protected":false},"featured_media":0,"template":"","meta":{"site-sidebar-layout":"default","site-content-layout":"default","ast-global-header-display":"","ast-main-header-display":"","ast-hfb-above-header-display":"","ast-hfb-below-header-display":"","ast-hfb-mobile-header-display":"","site-post-title":"","ast-breadcrumbs-content":"","ast-featured-img":"","footer-sml-layout":"","theme-transparent-header-meta":"","adv-header-id-meta":"","stick-header-meta":"","header-above-stick-meta":"","header-main-stick-meta":"","header-below-stick-meta":""},"pwb-brand":[84],"product_cat":[37],"product_tag":[],"class_list":{"0":"post-90012","1":"product","2":"type-product","3":"status-publish","5":"pwb-brand-meyle","6":"product_cat-muut-luokat","7":"desktop-align-left","8":"tablet-align-left","9":"mobile-align-left","11":"first","12":"instock","13":"product-type-external"},"brands":[{"id":84,"name":"MEYLE","slug":"meyle"}],"_links":{"self":[{"href":"https:\/\/www.autonvaraosahaku.fi\/index.php?rest_route=\/wp\/v2\/product\/90012","targetHints":{"allow":["GET"]}}],"collection":[{"href":"https:\/\/www.autonvaraosahaku.fi\/index.php?rest_route=\/wp\/v2\/product"}],"about":[{"href":"https:\/\/www.autonvaraosahaku.fi\/index.php?rest_route=\/wp\/v2\/types\/product"}],"wp:attachment":[{"href":"https:\/\/www.autonvaraosahaku.fi\/index.php?rest_route=%2Fwp%2Fv2%2Fmedia&parent=90012"}],"wp:term":[{"taxonomy":"pwb-brand","embeddable":true,"href":"https:\/\/www.autonvaraosahaku.fi\/index.php?rest_route=%2Fwp%2Fv2%2Fpwb-brand&post=90012"},{"taxonomy":"product_cat","embeddable":true,"href":"https:\/\/www.autonvaraosahaku.fi\/index.php?rest_route=%2Fwp%2Fv2%2Fproduct_cat&post=90012"},{"taxonomy":"product_tag","embeddable":true,"href":"https:\/\/www.autonvaraosahaku.fi\/index.php?rest_route=%2Fwp%2Fv2%2Fproduct_tag&post=90012"}],"curies":[{"name":"wp","href":"https:\/\/api.w.org\/{rel}","templated":true}]}}