{"id":90019,"date":"2021-02-21T21:18:13","date_gmt":"2021-02-21T21:18:13","guid":{"rendered":"https:\/\/www.autonvaraosahaku.fi\/?product=master-sport-12179-set-ms-raidetangon-paa"},"modified":"2021-02-21T21:18:19","modified_gmt":"2021-02-21T21:18:19","slug":"master-sport-12179-set-ms-raidetangon-paa","status":"publish","type":"product","link":"https:\/\/www.autonvaraosahaku.fi\/?product=master-sport-12179-set-ms-raidetangon-paa","title":{"rendered":"MASTER-SPORT 12179-SET-MS Raidetangon p\u00e4\u00e4"},"content":{"rendered":"<p>Asennuspuoli: Etuakseli, Vasen, Ulompi; Kierremalli: Oikealla kierteell\u00e4; Ulkokierre [mm]: M12x1,5; Lis\u00e4tarvike\/lis\u00e4tieto: Tarvikkeilla; Sis\u00e4kierre (mm): M16x2; Lukum\u00e4\u00e4r\u00e4 akselille: 1; parilliset tuotenumerot: 12180-SET-MS; Nettopaino [kg]: 0,43; Bruttopaino [kg]: 0,46; OPEL: ASTRA F CC 53_, 54_, 58_, 59_,ASTRA F Caravan 51_, 52_,CALIBRA A 85_,VECTRA A 86_, 87_,ASTRA F Cabriolet 53_B,ASTRA F 56_, 57_,VECTRA A CC 88_, 89_,ASTRA F CLASSIC CC,ASTRA F CLASSIC Stufenheck,ASTRA F CLASSIC Caravan,ASTRA F Van 55_; SAAB: 9-3 YS3D,9-3 Cabriolet YS3D,900 II Cabriolet,900 II,900 II Coupe; VAUXHALL: CALIBRA,ASTRA Mk III F CC,CAVALIER Mk III 87,ASTRA Mk III F Estate,CAVALIER Mk III CC,ASTRAVAN Mk III F; 324053, 324055, 90350447, 90369704, 4242749, 324053, 324055, 90350447, 90369704<\/p>\n","protected":false},"excerpt":{"rendered":"<p>MASTER-SPORT Raidetangon P\u00e4\u00e4 12179-SET-MS  OPEL,SAAB,VAUXHALL,ASTRA F CC 53_, 54_, 58_, 59_,ASTRA F Caravan 51_, 52_,CALIBRA A 85_,VECTRA A 86_, 87_<\/p>\n","protected":false},"featured_media":0,"template":"","meta":{"site-sidebar-layout":"default","site-content-layout":"default","ast-global-header-display":"","ast-main-header-display":"","ast-hfb-above-header-display":"","ast-hfb-below-header-display":"","ast-hfb-mobile-header-display":"","site-post-title":"","ast-breadcrumbs-content":"","ast-featured-img":"","footer-sml-layout":"","theme-transparent-header-meta":"","adv-header-id-meta":"","stick-header-meta":"","header-above-stick-meta":"","header-main-stick-meta":"","header-below-stick-meta":""},"pwb-brand":[61],"product_cat":[96],"product_tag":[],"class_list":{"0":"post-90019","1":"product","2":"type-product","3":"status-publish","5":"pwb-brand-master-sport","6":"product_cat-raidetangon-paa","7":"desktop-align-left","8":"tablet-align-left","9":"mobile-align-left","11":"first","12":"instock","13":"product-type-external"},"brands":[{"id":61,"name":"MASTER-SPORT","slug":"master-sport"}],"_links":{"self":[{"href":"https:\/\/www.autonvaraosahaku.fi\/index.php?rest_route=\/wp\/v2\/product\/90019","targetHints":{"allow":["GET"]}}],"collection":[{"href":"https:\/\/www.autonvaraosahaku.fi\/index.php?rest_route=\/wp\/v2\/product"}],"about":[{"href":"https:\/\/www.autonvaraosahaku.fi\/index.php?rest_route=\/wp\/v2\/types\/product"}],"wp:attachment":[{"href":"https:\/\/www.autonvaraosahaku.fi\/index.php?rest_route=%2Fwp%2Fv2%2Fmedia&parent=90019"}],"wp:term":[{"taxonomy":"pwb-brand","embeddable":true,"href":"https:\/\/www.autonvaraosahaku.fi\/index.php?rest_route=%2Fwp%2Fv2%2Fpwb-brand&post=90019"},{"taxonomy":"product_cat","embeddable":true,"href":"https:\/\/www.autonvaraosahaku.fi\/index.php?rest_route=%2Fwp%2Fv2%2Fproduct_cat&post=90019"},{"taxonomy":"product_tag","embeddable":true,"href":"https:\/\/www.autonvaraosahaku.fi\/index.php?rest_route=%2Fwp%2Fv2%2Fproduct_tag&post=90019"}],"curies":[{"name":"wp","href":"https:\/\/api.w.org\/{rel}","templated":true}]}}