{"id":90032,"date":"2021-02-21T21:18:26","date_gmt":"2021-02-21T21:18:26","guid":{"rendered":"https:\/\/www.autonvaraosahaku.fi\/?product=febi-bilstein-48461-ilmansuodatin"},"modified":"2021-02-21T21:18:28","modified_gmt":"2021-02-21T21:18:28","slug":"febi-bilstein-48461-ilmansuodatin","status":"publish","type":"product","link":"https:\/\/www.autonvaraosahaku.fi\/?product=febi-bilstein-48461-ilmansuodatin","title":{"rendered":"FEBI BILSTEIN 48461 Ilmansuodatin"},"content":{"rendered":"<p>Suodatintyyppi: Suodatinpanos, Suodatinpanos; Pituus (mm): 124; Sis\u00e4l\u00e4pimitta [mm]: 79,0; Ulkol\u00e4pimitta [mm]: 150,0; Paino [kg]: 0,31; Huomioi tekniset tiedot: ; AUDI: A6 Avant 4F5, C6,A6 4F2, C6; 07L133843B, 07L133843E, 7L133843B, 7L133843E<\/p>\n","protected":false},"excerpt":{"rendered":"<p>FEBI BILSTEIN Ilmansuodatin 48461  AUDI,A6 Avant 4F5, C6,A6 4F2, C6<\/p>\n","protected":false},"featured_media":0,"template":"","meta":{"site-sidebar-layout":"default","site-content-layout":"default","ast-global-header-display":"","ast-main-header-display":"","ast-hfb-above-header-display":"","ast-hfb-below-header-display":"","ast-hfb-mobile-header-display":"","site-post-title":"","ast-breadcrumbs-content":"","ast-featured-img":"","footer-sml-layout":"","theme-transparent-header-meta":"","adv-header-id-meta":"","stick-header-meta":"","header-above-stick-meta":"","header-main-stick-meta":"","header-below-stick-meta":""},"pwb-brand":[50],"product_cat":[31],"product_tag":[],"class_list":{"0":"post-90032","1":"product","2":"type-product","3":"status-publish","5":"pwb-brand-febi-bilstein","6":"product_cat-ilmansuodatin","7":"desktop-align-left","8":"tablet-align-left","9":"mobile-align-left","11":"first","12":"instock","13":"product-type-external"},"brands":[{"id":50,"name":"FEBI BILSTEIN","slug":"febi-bilstein"}],"_links":{"self":[{"href":"https:\/\/www.autonvaraosahaku.fi\/index.php?rest_route=\/wp\/v2\/product\/90032","targetHints":{"allow":["GET"]}}],"collection":[{"href":"https:\/\/www.autonvaraosahaku.fi\/index.php?rest_route=\/wp\/v2\/product"}],"about":[{"href":"https:\/\/www.autonvaraosahaku.fi\/index.php?rest_route=\/wp\/v2\/types\/product"}],"wp:attachment":[{"href":"https:\/\/www.autonvaraosahaku.fi\/index.php?rest_route=%2Fwp%2Fv2%2Fmedia&parent=90032"}],"wp:term":[{"taxonomy":"pwb-brand","embeddable":true,"href":"https:\/\/www.autonvaraosahaku.fi\/index.php?rest_route=%2Fwp%2Fv2%2Fpwb-brand&post=90032"},{"taxonomy":"product_cat","embeddable":true,"href":"https:\/\/www.autonvaraosahaku.fi\/index.php?rest_route=%2Fwp%2Fv2%2Fproduct_cat&post=90032"},{"taxonomy":"product_tag","embeddable":true,"href":"https:\/\/www.autonvaraosahaku.fi\/index.php?rest_route=%2Fwp%2Fv2%2Fproduct_tag&post=90032"}],"curies":[{"name":"wp","href":"https:\/\/api.w.org\/{rel}","templated":true}]}}