{"id":90046,"date":"2021-02-21T21:18:26","date_gmt":"2021-02-21T21:18:26","guid":{"rendered":"https:\/\/www.autonvaraosahaku.fi\/?product=maxgear-33-0173-pyoranlaakerit"},"modified":"2021-02-21T21:18:35","modified_gmt":"2021-02-21T21:18:35","slug":"maxgear-33-0173-pyoranlaakerit","status":"publish","type":"product","link":"https:\/\/www.autonvaraosahaku.fi\/?product=maxgear-33-0173-pyoranlaakerit","title":{"rendered":"MAXGEAR 33-0173 Py\u00f6r\u00e4nlaakerit"},"content":{"rendered":"<p>Vanne, aukkoja: 5; Laippa \u00d8(mm): 136; Korvaava tuote\/korvaava tiedote 2: integroidulla ABS-sensorilla; Asennuspuoli: Hinterachse; JAGUAR: X-TYPE CF1,X-TYPE Estate; FORD: MONDEO III Kombi BWY,MONDEO III B5Y,MONDEO III Stufenheck B4Y; 1115019; Py\u00f6r\u00e4nlaakerisarja<\/p>\n","protected":false},"excerpt":{"rendered":"<p>MAXGEAR Py\u00f6r\u00e4nlaakerit 33-0173 Py\u00f6r\u00e4nlaakerisarja JAGUAR,FORD,X-TYPE CF1,X-TYPE Estate,MONDEO III Kombi BWY,MONDEO III B5Y,MONDEO III Stufenheck B4Y<\/p>\n","protected":false},"featured_media":0,"template":"","meta":{"site-sidebar-layout":"default","site-content-layout":"default","ast-global-header-display":"","ast-main-header-display":"","ast-hfb-above-header-display":"","ast-hfb-below-header-display":"","ast-hfb-mobile-header-display":"","site-post-title":"","ast-breadcrumbs-content":"","ast-featured-img":"","footer-sml-layout":"","theme-transparent-header-meta":"","adv-header-id-meta":"","stick-header-meta":"","header-above-stick-meta":"","header-main-stick-meta":"","header-below-stick-meta":""},"pwb-brand":[48],"product_cat":[83],"product_tag":[],"class_list":{"0":"post-90046","1":"product","2":"type-product","3":"status-publish","5":"pwb-brand-maxgear","6":"product_cat-pyoranlaakerit","7":"desktop-align-left","8":"tablet-align-left","9":"mobile-align-left","11":"first","12":"instock","13":"product-type-external"},"brands":[{"id":48,"name":"MAXGEAR","slug":"maxgear"}],"_links":{"self":[{"href":"https:\/\/www.autonvaraosahaku.fi\/index.php?rest_route=\/wp\/v2\/product\/90046","targetHints":{"allow":["GET"]}}],"collection":[{"href":"https:\/\/www.autonvaraosahaku.fi\/index.php?rest_route=\/wp\/v2\/product"}],"about":[{"href":"https:\/\/www.autonvaraosahaku.fi\/index.php?rest_route=\/wp\/v2\/types\/product"}],"wp:attachment":[{"href":"https:\/\/www.autonvaraosahaku.fi\/index.php?rest_route=%2Fwp%2Fv2%2Fmedia&parent=90046"}],"wp:term":[{"taxonomy":"pwb-brand","embeddable":true,"href":"https:\/\/www.autonvaraosahaku.fi\/index.php?rest_route=%2Fwp%2Fv2%2Fpwb-brand&post=90046"},{"taxonomy":"product_cat","embeddable":true,"href":"https:\/\/www.autonvaraosahaku.fi\/index.php?rest_route=%2Fwp%2Fv2%2Fproduct_cat&post=90046"},{"taxonomy":"product_tag","embeddable":true,"href":"https:\/\/www.autonvaraosahaku.fi\/index.php?rest_route=%2Fwp%2Fv2%2Fproduct_tag&post=90046"}],"curies":[{"name":"wp","href":"https:\/\/api.w.org\/{rel}","templated":true}]}}