{"id":90077,"date":"2021-02-21T21:18:47","date_gmt":"2021-02-21T21:18:47","guid":{"rendered":"https:\/\/www.autonvaraosahaku.fi\/?product=luk-623-0657-00-kytkinpaketti"},"modified":"2021-02-21T21:18:51","modified_gmt":"2021-02-21T21:18:51","slug":"luk-623-0657-00-kytkinpaketti","status":"publish","type":"product","link":"https:\/\/www.autonvaraosahaku.fi\/?product=luk-623-0657-00-kytkinpaketti","title":{"rendered":"LuK 623 0657 00 Kytkinpaketti"},"content":{"rendered":"<p>L\u00e4pimitta [mm]: 230; Korvaava tuote\/korvaava tiedote 2: irroitinlaakerilla, Kytkinlevyll\u00e4, irroitinlaakerilla, Tarkasta 2-massavauhtipy\u00f6r\u00e4 ja uusi tarvitaessa.; Moottorimalli: Moottoreihin, joissa kaksoismassa vauhtipy\u00f6r\u00e4; Tuotelinja: BR 0222; Moottorinumero: M50; BMW: 5 E39,5 Touring E39,3 E36,3 Coupe E36,5 E34,3 Cabriolet E36,3 Touring E36,5 Touring E34; 1204419, 12044194, 1207275, 1208423, 1223168, 1223320, 1223324, 1223337, 1223366, 1223459, 1223460, 1223473, 1223474, 1223475, 1223476, 1223543, 1223544, 1223545, 1223591, 1223592, 1223678, 1225203, 1226123, 21211223320, 21211223324, 21211223337, 21211223459, 21211223460, 21211223473, 21211223474, 21211223475, 21211223476, 21211223543, 21211223544, 21211223545, 21211223591, 21211223592, 21211223678, 21511204419, 21511207275, 21511208423, 21511223168, 21511223366, 21511225203, 21512225619, 21517521471, 2225619, 7521471; Kytkinsarja<\/p>\n","protected":false},"excerpt":{"rendered":"<p>LuK Kytkinpaketti 623 0657 00 Kytkinsarja BMW,5 E39,5 Touring E39,3 E36,3 Coupe E36,5 E34,3 Cabriolet E36,3 Touring E36,5 Touring E34<\/p>\n","protected":false},"featured_media":0,"template":"","meta":{"site-sidebar-layout":"default","site-content-layout":"default","ast-global-header-display":"","ast-main-header-display":"","ast-hfb-above-header-display":"","ast-hfb-below-header-display":"","ast-hfb-mobile-header-display":"","site-post-title":"","ast-breadcrumbs-content":"","ast-featured-img":"","footer-sml-layout":"","theme-transparent-header-meta":"","adv-header-id-meta":"","stick-header-meta":"","header-above-stick-meta":"","header-main-stick-meta":"","header-below-stick-meta":""},"pwb-brand":[20],"product_cat":[21],"product_tag":[],"class_list":{"0":"post-90077","1":"product","2":"type-product","3":"status-publish","5":"pwb-brand-luk","6":"product_cat-kytkinpaketti","7":"desktop-align-left","8":"tablet-align-left","9":"mobile-align-left","11":"first","12":"instock","13":"product-type-external"},"brands":[{"id":20,"name":"LuK","slug":"luk"}],"_links":{"self":[{"href":"https:\/\/www.autonvaraosahaku.fi\/index.php?rest_route=\/wp\/v2\/product\/90077","targetHints":{"allow":["GET"]}}],"collection":[{"href":"https:\/\/www.autonvaraosahaku.fi\/index.php?rest_route=\/wp\/v2\/product"}],"about":[{"href":"https:\/\/www.autonvaraosahaku.fi\/index.php?rest_route=\/wp\/v2\/types\/product"}],"wp:attachment":[{"href":"https:\/\/www.autonvaraosahaku.fi\/index.php?rest_route=%2Fwp%2Fv2%2Fmedia&parent=90077"}],"wp:term":[{"taxonomy":"pwb-brand","embeddable":true,"href":"https:\/\/www.autonvaraosahaku.fi\/index.php?rest_route=%2Fwp%2Fv2%2Fpwb-brand&post=90077"},{"taxonomy":"product_cat","embeddable":true,"href":"https:\/\/www.autonvaraosahaku.fi\/index.php?rest_route=%2Fwp%2Fv2%2Fproduct_cat&post=90077"},{"taxonomy":"product_tag","embeddable":true,"href":"https:\/\/www.autonvaraosahaku.fi\/index.php?rest_route=%2Fwp%2Fv2%2Fproduct_tag&post=90077"}],"curies":[{"name":"wp","href":"https:\/\/api.w.org\/{rel}","templated":true}]}}