{"id":90104,"date":"2021-02-21T21:18:58","date_gmt":"2021-02-21T21:18:58","guid":{"rendered":"https:\/\/www.autonvaraosahaku.fi\/?product=ajusa-81006800-kannen-pultit"},"modified":"2021-02-21T21:19:06","modified_gmt":"2021-02-21T21:19:06","slug":"ajusa-81006800-kannen-pultit","status":"publish","type":"product","link":"https:\/\/www.autonvaraosahaku.fi\/?product=ajusa-81006800-kannen-pultit","title":{"rendered":"AJUSA 81006800 Kannen pultit"},"content":{"rendered":"<p>Kierremitta: M12; Kierrenousu (mm): 1,5; Pituus (mm): 144; Ruuvikanta\/mutteriprofiili: Kuusioruuvi \/-mutteri; M\u00e4\u00e4r\u00e4: 10; Paino [g]: 1250; Valmistusvuoteen: 06\/1985; FIAT: DUCATO Kasten 280,DUCATO Panorama 280; CITRO\u00cbN: C25 Bus 280_, 290_,C25 Pritsche\/Fahrgestell 280_, 290_,C25 Kasten 280_, 290_; PEUGEOT: J5 Pritsche\/Fahrgestell 280L,J5 Kasten 280L,J5 Bus 280P,504 A_, M_,404,504 Cabriolet,505 551A,504 Coupe,505 Break 551D,604 561A_,J7 Bus,504 Break D_, F_,504 Pick-up E_,J7 Kasten,J9 Bus,J9 Kasten,J9 Pritsche\/Fahrgestell,J7 Pritsche\/Fahrgestell; 7910005617&#215;10; Sylinterikannen Pultit,Syl.Kannen Pulttisarja<\/p>\n","protected":false},"excerpt":{"rendered":"<p>AJUSA Kannen Pultit 81006800 Sylinterikannen Pultit,Syl.Kannen Pulttisarja FIAT,CITRO\u00cbN,PEUGEOT,DUCATO Kasten 280,DUCATO Panorama 280<\/p>\n","protected":false},"featured_media":0,"template":"","meta":{"site-sidebar-layout":"default","site-content-layout":"default","ast-global-header-display":"","ast-main-header-display":"","ast-hfb-above-header-display":"","ast-hfb-below-header-display":"","ast-hfb-mobile-header-display":"","site-post-title":"","ast-breadcrumbs-content":"","ast-featured-img":"","footer-sml-layout":"","theme-transparent-header-meta":"","adv-header-id-meta":"","stick-header-meta":"","header-above-stick-meta":"","header-main-stick-meta":"","header-below-stick-meta":""},"pwb-brand":[211],"product_cat":[67],"product_tag":[],"class_list":{"0":"post-90104","1":"product","2":"type-product","3":"status-publish","5":"pwb-brand-ajusa","6":"product_cat-kannen-pultit","7":"desktop-align-left","8":"tablet-align-left","9":"mobile-align-left","11":"first","12":"instock","13":"product-type-external"},"brands":[{"id":211,"name":"AJUSA","slug":"ajusa"}],"_links":{"self":[{"href":"https:\/\/www.autonvaraosahaku.fi\/index.php?rest_route=\/wp\/v2\/product\/90104","targetHints":{"allow":["GET"]}}],"collection":[{"href":"https:\/\/www.autonvaraosahaku.fi\/index.php?rest_route=\/wp\/v2\/product"}],"about":[{"href":"https:\/\/www.autonvaraosahaku.fi\/index.php?rest_route=\/wp\/v2\/types\/product"}],"wp:attachment":[{"href":"https:\/\/www.autonvaraosahaku.fi\/index.php?rest_route=%2Fwp%2Fv2%2Fmedia&parent=90104"}],"wp:term":[{"taxonomy":"pwb-brand","embeddable":true,"href":"https:\/\/www.autonvaraosahaku.fi\/index.php?rest_route=%2Fwp%2Fv2%2Fpwb-brand&post=90104"},{"taxonomy":"product_cat","embeddable":true,"href":"https:\/\/www.autonvaraosahaku.fi\/index.php?rest_route=%2Fwp%2Fv2%2Fproduct_cat&post=90104"},{"taxonomy":"product_tag","embeddable":true,"href":"https:\/\/www.autonvaraosahaku.fi\/index.php?rest_route=%2Fwp%2Fv2%2Fproduct_tag&post=90104"}],"curies":[{"name":"wp","href":"https:\/\/api.w.org\/{rel}","templated":true}]}}