{"id":90106,"date":"2021-02-21T21:18:58","date_gmt":"2021-02-21T21:18:58","guid":{"rendered":"https:\/\/www.autonvaraosahaku.fi\/?product=ulo-1041004-takavalot"},"modified":"2021-02-21T21:19:07","modified_gmt":"2021-02-21T21:19:07","slug":"ulo-1041004-takavalot","status":"publish","type":"product","link":"https:\/\/www.autonvaraosahaku.fi\/?product=ulo-1041004-takavalot","title":{"rendered":"ULO 1041004 Takavalot"},"content":{"rendered":"<p>Vuosimalliin: 2010, 2010; Asennuspuoli: Oikea; Vasen \/ oikea liikenne: Oikean-\/vasemmanpuolinen ohjaus; Osa: Uloin osa; Lyhdyn muoto: LED, Hehkulankatekniikka; Valotoiminto: Takavalolla (LED); Lasin v\u00e4ri, vilkkulyhty: Lasinkirkas; Vilkun v\u00e4ri: Keltainen; Lis\u00e4tarvike\/lis\u00e4tieto: Lampun kannalla; Rekister\u00f6ity tyyppi: E-hyv\u00e4ksytty, SAE-hyv\u00e4ksytty; Laatu: OEM, ORIGINAL; Paino [kg]: 0,171; BMW: 3 Coupe E92; 63217174404; Takavalo<\/p>\n","protected":false},"excerpt":{"rendered":"<p>ULO Takavalot 1041004 Takavalo BMW,3 Coupe E92<\/p>\n","protected":false},"featured_media":0,"template":"","meta":{"site-sidebar-layout":"default","site-content-layout":"default","ast-global-header-display":"","ast-main-header-display":"","ast-hfb-above-header-display":"","ast-hfb-below-header-display":"","ast-hfb-mobile-header-display":"","site-post-title":"","ast-breadcrumbs-content":"","ast-featured-img":"","footer-sml-layout":"","theme-transparent-header-meta":"","adv-header-id-meta":"","stick-header-meta":"","header-above-stick-meta":"","header-main-stick-meta":"","header-below-stick-meta":""},"pwb-brand":[316],"product_cat":[159],"product_tag":[],"class_list":{"0":"post-90106","1":"product","2":"type-product","3":"status-publish","5":"pwb-brand-ulo","6":"product_cat-takavalot","7":"desktop-align-left","8":"tablet-align-left","9":"mobile-align-left","11":"first","12":"instock","13":"product-type-external"},"brands":[{"id":316,"name":"ULO","slug":"ulo"}],"_links":{"self":[{"href":"https:\/\/www.autonvaraosahaku.fi\/index.php?rest_route=\/wp\/v2\/product\/90106","targetHints":{"allow":["GET"]}}],"collection":[{"href":"https:\/\/www.autonvaraosahaku.fi\/index.php?rest_route=\/wp\/v2\/product"}],"about":[{"href":"https:\/\/www.autonvaraosahaku.fi\/index.php?rest_route=\/wp\/v2\/types\/product"}],"wp:attachment":[{"href":"https:\/\/www.autonvaraosahaku.fi\/index.php?rest_route=%2Fwp%2Fv2%2Fmedia&parent=90106"}],"wp:term":[{"taxonomy":"pwb-brand","embeddable":true,"href":"https:\/\/www.autonvaraosahaku.fi\/index.php?rest_route=%2Fwp%2Fv2%2Fpwb-brand&post=90106"},{"taxonomy":"product_cat","embeddable":true,"href":"https:\/\/www.autonvaraosahaku.fi\/index.php?rest_route=%2Fwp%2Fv2%2Fproduct_cat&post=90106"},{"taxonomy":"product_tag","embeddable":true,"href":"https:\/\/www.autonvaraosahaku.fi\/index.php?rest_route=%2Fwp%2Fv2%2Fproduct_tag&post=90106"}],"curies":[{"name":"wp","href":"https:\/\/api.w.org\/{rel}","templated":true}]}}