{"id":90123,"date":"2021-02-21T21:19:10","date_gmt":"2021-02-21T21:19:10","guid":{"rendered":"https:\/\/www.autonvaraosahaku.fi\/?product=stabilus-2312pw-ohjausvaimennin"},"modified":"2021-02-21T21:19:18","modified_gmt":"2021-02-21T21:19:18","slug":"stabilus-2312pw-ohjausvaimennin","status":"publish","type":"product","link":"https:\/\/www.autonvaraosahaku.fi\/?product=stabilus-2312pw-ohjausvaimennin","title":{"rendered":"STABILUS 2312PW Ohjausvaimennin"},"content":{"rendered":"<p>Vetovoima [N]: 2000; Ty\u00f6nt\u00f6voima [N]: 2000; Pituus (mm): 633; Isku (mm): 236; Akselitunnus: (730)306;307;383;384, 385;386;387;388;389, 390;399; Tuotelinja: \/\/  STAB-O-SHOC\u00ae; Tarvittava kappalem\u00e4\u00e4r\u00e4: 1; MERCEDES-BENZ: G-CLASS W463,G-CLASS Cabrio W463; A4634630032; Ohjausiskunvaimennin<\/p>\n","protected":false},"excerpt":{"rendered":"<p>STABILUS Ohjausvaimennin 2312PW Ohjausiskunvaimennin MERCEDES-BENZ,G-CLASS W463,G-CLASS Cabrio W463<\/p>\n","protected":false},"featured_media":0,"template":"","meta":{"site-sidebar-layout":"default","site-content-layout":"default","ast-global-header-display":"","ast-main-header-display":"","ast-hfb-above-header-display":"","ast-hfb-below-header-display":"","ast-hfb-mobile-header-display":"","site-post-title":"","ast-breadcrumbs-content":"","ast-featured-img":"","footer-sml-layout":"","theme-transparent-header-meta":"","adv-header-id-meta":"","stick-header-meta":"","header-above-stick-meta":"","header-main-stick-meta":"","header-below-stick-meta":""},"pwb-brand":[218],"product_cat":[475],"product_tag":[],"class_list":{"0":"post-90123","1":"product","2":"type-product","3":"status-publish","5":"pwb-brand-stabilus","6":"product_cat-ohjausvaimennin","7":"desktop-align-left","8":"tablet-align-left","9":"mobile-align-left","11":"first","12":"instock","13":"product-type-external"},"brands":[{"id":218,"name":"STABILUS","slug":"stabilus"}],"_links":{"self":[{"href":"https:\/\/www.autonvaraosahaku.fi\/index.php?rest_route=\/wp\/v2\/product\/90123","targetHints":{"allow":["GET"]}}],"collection":[{"href":"https:\/\/www.autonvaraosahaku.fi\/index.php?rest_route=\/wp\/v2\/product"}],"about":[{"href":"https:\/\/www.autonvaraosahaku.fi\/index.php?rest_route=\/wp\/v2\/types\/product"}],"wp:attachment":[{"href":"https:\/\/www.autonvaraosahaku.fi\/index.php?rest_route=%2Fwp%2Fv2%2Fmedia&parent=90123"}],"wp:term":[{"taxonomy":"pwb-brand","embeddable":true,"href":"https:\/\/www.autonvaraosahaku.fi\/index.php?rest_route=%2Fwp%2Fv2%2Fpwb-brand&post=90123"},{"taxonomy":"product_cat","embeddable":true,"href":"https:\/\/www.autonvaraosahaku.fi\/index.php?rest_route=%2Fwp%2Fv2%2Fproduct_cat&post=90123"},{"taxonomy":"product_tag","embeddable":true,"href":"https:\/\/www.autonvaraosahaku.fi\/index.php?rest_route=%2Fwp%2Fv2%2Fproduct_tag&post=90123"}],"curies":[{"name":"wp","href":"https:\/\/api.w.org\/{rel}","templated":true}]}}