{"id":90124,"date":"2021-02-21T21:19:10","date_gmt":"2021-02-21T21:19:10","guid":{"rendered":"https:\/\/www.autonvaraosahaku.fi\/?product=stabilus-8982cx-muut-luokat"},"modified":"2021-02-21T21:19:19","modified_gmt":"2021-02-21T21:19:19","slug":"stabilus-8982cx-muut-luokat","status":"publish","type":"product","link":"https:\/\/www.autonvaraosahaku.fi\/?product=stabilus-8982cx-muut-luokat","title":{"rendered":"STABILUS 8982CX Muut luokat"},"content":{"rendered":"<p>Vetovoima [N]: 170; Ty\u00f6nt\u00f6voima [N]: 900; Pituus (mm): 207; Isku (mm): 38; lis\u00e4tieto: \/\/  STAB-O-SHOC\u00ae; Tarvittava kappalem\u00e4\u00e4r\u00e4: 1; MERCEDES-BENZ: 190 W201,Stufenheck W124,KOMBI Kombi S124,G-CLASS W463,COUPE C124,G-CLASS W461,T1 Bus 601,T1 Kasten 602,T2\/LN1 Kasten\/Kombi,T1 Kasten 601,T1\/TN Pritsche\/Fahrgestell,G-CLASS Cabrio W463,T2\/LN1 Pritsche\/Fahrgestell,T1\/TN Kasten\/Kombi; 1022000814, 1022001214, 1022001414, A1022000814, A1022001214, A1022001414<\/p>\n","protected":false},"excerpt":{"rendered":"<p>STABILUS V\u00e4rin\u00e4nvaimennin, Moniurahihna 8982CX  MERCEDES-BENZ,190 W201,Stufenheck W124,KOMBI Kombi S124,G-CLASS W463,COUPE C124,G-CLASS W461<\/p>\n","protected":false},"featured_media":0,"template":"","meta":{"site-sidebar-layout":"default","site-content-layout":"default","ast-global-header-display":"","ast-main-header-display":"","ast-hfb-above-header-display":"","ast-hfb-below-header-display":"","ast-hfb-mobile-header-display":"","site-post-title":"","ast-breadcrumbs-content":"","ast-featured-img":"","footer-sml-layout":"","theme-transparent-header-meta":"","adv-header-id-meta":"","stick-header-meta":"","header-above-stick-meta":"","header-main-stick-meta":"","header-below-stick-meta":""},"pwb-brand":[218],"product_cat":[37],"product_tag":[],"class_list":{"0":"post-90124","1":"product","2":"type-product","3":"status-publish","5":"pwb-brand-stabilus","6":"product_cat-muut-luokat","7":"desktop-align-left","8":"tablet-align-left","9":"mobile-align-left","11":"first","12":"instock","13":"product-type-external"},"brands":[{"id":218,"name":"STABILUS","slug":"stabilus"}],"_links":{"self":[{"href":"https:\/\/www.autonvaraosahaku.fi\/index.php?rest_route=\/wp\/v2\/product\/90124","targetHints":{"allow":["GET"]}}],"collection":[{"href":"https:\/\/www.autonvaraosahaku.fi\/index.php?rest_route=\/wp\/v2\/product"}],"about":[{"href":"https:\/\/www.autonvaraosahaku.fi\/index.php?rest_route=\/wp\/v2\/types\/product"}],"wp:attachment":[{"href":"https:\/\/www.autonvaraosahaku.fi\/index.php?rest_route=%2Fwp%2Fv2%2Fmedia&parent=90124"}],"wp:term":[{"taxonomy":"pwb-brand","embeddable":true,"href":"https:\/\/www.autonvaraosahaku.fi\/index.php?rest_route=%2Fwp%2Fv2%2Fpwb-brand&post=90124"},{"taxonomy":"product_cat","embeddable":true,"href":"https:\/\/www.autonvaraosahaku.fi\/index.php?rest_route=%2Fwp%2Fv2%2Fproduct_cat&post=90124"},{"taxonomy":"product_tag","embeddable":true,"href":"https:\/\/www.autonvaraosahaku.fi\/index.php?rest_route=%2Fwp%2Fv2%2Fproduct_tag&post=90124"}],"curies":[{"name":"wp","href":"https:\/\/api.w.org\/{rel}","templated":true}]}}