{"id":90148,"date":"2021-02-21T21:19:23","date_gmt":"2021-02-21T21:19:23","guid":{"rendered":"https:\/\/www.autonvaraosahaku.fi\/?product=monroe-v2019-iskunvaimennin"},"modified":"2021-02-21T21:19:33","modified_gmt":"2021-02-21T21:19:33","slug":"monroe-v2019-iskunvaimennin","status":"publish","type":"product","link":"https:\/\/www.autonvaraosahaku.fi\/?product=monroe-v2019-iskunvaimennin","title":{"rendered":"MONROE V2019 Iskunvaimennin"},"content":{"rendered":"<p>Iskunvaimennin tyyppi: \u00d6ljypaine; Iskunvaimennusj\u00e4rjestelm\u00e4: Kaksiputki; Iskunvaimennin asennustapa: Silmukka ylh\u00e4\u00e4ll\u00e4, Silmukka alhaalla; Paino [kg]: 3,320; Reik\u00e4-\u00d8 [mm]: 35; suurin pituus [mm]: 583; v\u00e4h. pituus [mm]: 362; Pakkauspituus [cm]: 50,5; Pakkausleveys [cm]: 6,4; Pakkauskorkeus [mm]: 6,4; Tullitariffinumero: 87088035; Tappil\u00e4pimitta [mm]: 15,8; Asennuspuoli: Vorderachse; FORD: TRANSIT Bus V_ _,TRANSIT Kasten V_ _,TRANSIT Pritsche\/Fahrgestell V_ _,TRANSIT Bus 72E, 73E,TRANSIT Kasten 72E, 71E,TRANSIT Pritsche\/Fahrgestell 74E; 08489, 08546, 1476578, 1499291, 1499292, 1502209, 1502211, 1504314, 1552203, 6059132, 6059133, 6059134, 6072059, 62170, 62182, 62184, 62272, 62273, 62286, 64062, 70VB18045F2A, 70VB18045G1B, 70VB18045G2B, 70VB18045H2A, 78VB18045A1A, 78VB18045A2A, 78VB18045B1A, 78VB18045B2A, 78VB18045B2B, 78VB18045CIA, EAB353, EAB354, EAB355, EAN363, LP24, LP424, V70VB18045VAA, V70VG18045VAA, GDA1084, GDA1085; Iskarit,Iskunvaimennin<\/p>\n","protected":false},"excerpt":{"rendered":"<p>MONROE Iskunvaimentimet VAN-MAGNUM V2019 Iskarit,Iskunvaimennin FORD,TRANSIT Bus V_ _,TRANSIT Kasten V_ _,TRANSIT Pritsche\/Fahrgestell V_ _<\/p>\n","protected":false},"featured_media":0,"template":"","meta":{"site-sidebar-layout":"default","site-content-layout":"default","ast-global-header-display":"","ast-main-header-display":"","ast-hfb-above-header-display":"","ast-hfb-below-header-display":"","ast-hfb-mobile-header-display":"","site-post-title":"","ast-breadcrumbs-content":"","ast-featured-img":"","footer-sml-layout":"","theme-transparent-header-meta":"","adv-header-id-meta":"","stick-header-meta":"","header-above-stick-meta":"","header-main-stick-meta":"","header-below-stick-meta":""},"pwb-brand":[79],"product_cat":[80],"product_tag":[],"class_list":{"0":"post-90148","1":"product","2":"type-product","3":"status-publish","5":"pwb-brand-monroe","6":"product_cat-iskunvaimennin","7":"desktop-align-left","8":"tablet-align-left","9":"mobile-align-left","11":"first","12":"instock","13":"product-type-external"},"brands":[{"id":79,"name":"MONROE","slug":"monroe"}],"_links":{"self":[{"href":"https:\/\/www.autonvaraosahaku.fi\/index.php?rest_route=\/wp\/v2\/product\/90148","targetHints":{"allow":["GET"]}}],"collection":[{"href":"https:\/\/www.autonvaraosahaku.fi\/index.php?rest_route=\/wp\/v2\/product"}],"about":[{"href":"https:\/\/www.autonvaraosahaku.fi\/index.php?rest_route=\/wp\/v2\/types\/product"}],"wp:attachment":[{"href":"https:\/\/www.autonvaraosahaku.fi\/index.php?rest_route=%2Fwp%2Fv2%2Fmedia&parent=90148"}],"wp:term":[{"taxonomy":"pwb-brand","embeddable":true,"href":"https:\/\/www.autonvaraosahaku.fi\/index.php?rest_route=%2Fwp%2Fv2%2Fpwb-brand&post=90148"},{"taxonomy":"product_cat","embeddable":true,"href":"https:\/\/www.autonvaraosahaku.fi\/index.php?rest_route=%2Fwp%2Fv2%2Fproduct_cat&post=90148"},{"taxonomy":"product_tag","embeddable":true,"href":"https:\/\/www.autonvaraosahaku.fi\/index.php?rest_route=%2Fwp%2Fv2%2Fproduct_tag&post=90148"}],"curies":[{"name":"wp","href":"https:\/\/api.w.org\/{rel}","templated":true}]}}