{"id":90187,"date":"2021-02-21T21:19:46","date_gmt":"2021-02-21T21:19:46","guid":{"rendered":"https:\/\/www.autonvaraosahaku.fi\/?product=elring-440-730-kampiakselin-tiiviste"},"modified":"2021-02-21T21:19:56","modified_gmt":"2021-02-21T21:19:56","slug":"elring-440-730-kampiakselin-tiiviste","status":"publish","type":"product","link":"https:\/\/www.autonvaraosahaku.fi\/?product=elring-440-730-kampiakselin-tiiviste","title":{"rendered":"ELRING 440.730 Kampiakselin tiiviste"},"content":{"rendered":"<p>Sis\u00e4l\u00e4pimitta [mm]: 30; Ulkol\u00e4pimitta [mm]: 43; Korkeus (mm): 8; Akselitiivisteen malli: AW\/BS; Rihlamalli: Oikea kierre; Materiaali: ACM (polyakryyli-kautsu); Suojavaippa: Suojakumilla; Asennuspuoli: stirnseitig; LANCIA: DELTA I 831AB0,KAPPA 838A,THEMA 834,DELTA II 836,KAPPA SW 838B,KAPPA Coupe 838,DEDRA 835,DEDRA SW 835,THEMA SW 834,PRISMA 831AB0; FIAT: DUCATO Pritsche\/Fahrgestell 230,DUCATO Bus 230,PUNTO 176,DUCATO Kasten 290,DUCATO Pritsche\/Fahrgestell 290,DUCATO Kasten 230L,DUCATO Kasten 280,DUCATO Pritsche\/Fahrgestell 280,COUPE FA\/175,STRADA Pick-up 178E,DUCATO Panorama 280,BRAVO I 182,BRAVA 182,UNO 146A\/E,DUCATO Panorama 290,PALIO Weekend 178DX,FIORINO Kasten 146,TIPO 160,CROMA 154,TALENTO Pritsche\/Fahrgestell 290,TEMPRA 159,RITMO I 138A,PUNTO Van 176L,TEMPRA S.W. 159,FIORINO Pick up 146,TALENTO Bus 290,TALENTO Kasten 290,REGATA 138,PALIO 178BX,UNO Kasten 146,SIENA 178_,REGATA Weekend 138,DUNA 146 B,ELBA 146_,DUNA Weekend 146 B; CITRO\u00cbN: C25 Bus 280_, 290_,C25 Pritsche\/Fahrgestell 280_, 290_; ALFA ROMEO: 164 164,145 930,155 167,146 930,AR 6 Bus 280,AR 6 Kasten 280; INNOCENTI: ELBA 146; 60805219, 40004250, 40004260, 40005010, 5957615; Akselitiiviste, Kampiakseli<\/p>\n","protected":false},"excerpt":{"rendered":"<p>ELRING Kampiakselin Tiiviste 440.730 Akselitiiviste, Kampiakseli LANCIA,FIAT,CITRO\u00cbN,DELTA I 831AB0,KAPPA 838A,THEMA 834,DELTA II 836,KAPPA SW 838B<\/p>\n","protected":false},"featured_media":0,"template":"","meta":{"site-sidebar-layout":"default","site-content-layout":"default","ast-global-header-display":"","ast-main-header-display":"","ast-hfb-above-header-display":"","ast-hfb-below-header-display":"","ast-hfb-mobile-header-display":"","site-post-title":"","ast-breadcrumbs-content":"","ast-featured-img":"","footer-sml-layout":"","theme-transparent-header-meta":"","adv-header-id-meta":"","stick-header-meta":"","header-above-stick-meta":"","header-main-stick-meta":"","header-below-stick-meta":""},"pwb-brand":[26],"product_cat":[88],"product_tag":[],"class_list":{"0":"post-90187","1":"product","2":"type-product","3":"status-publish","5":"pwb-brand-elring","6":"product_cat-kampiakselin-tiiviste","7":"desktop-align-left","8":"tablet-align-left","9":"mobile-align-left","11":"first","12":"instock","13":"product-type-external"},"brands":[{"id":26,"name":"ELRING","slug":"elring"}],"_links":{"self":[{"href":"https:\/\/www.autonvaraosahaku.fi\/index.php?rest_route=\/wp\/v2\/product\/90187","targetHints":{"allow":["GET"]}}],"collection":[{"href":"https:\/\/www.autonvaraosahaku.fi\/index.php?rest_route=\/wp\/v2\/product"}],"about":[{"href":"https:\/\/www.autonvaraosahaku.fi\/index.php?rest_route=\/wp\/v2\/types\/product"}],"wp:attachment":[{"href":"https:\/\/www.autonvaraosahaku.fi\/index.php?rest_route=%2Fwp%2Fv2%2Fmedia&parent=90187"}],"wp:term":[{"taxonomy":"pwb-brand","embeddable":true,"href":"https:\/\/www.autonvaraosahaku.fi\/index.php?rest_route=%2Fwp%2Fv2%2Fpwb-brand&post=90187"},{"taxonomy":"product_cat","embeddable":true,"href":"https:\/\/www.autonvaraosahaku.fi\/index.php?rest_route=%2Fwp%2Fv2%2Fproduct_cat&post=90187"},{"taxonomy":"product_tag","embeddable":true,"href":"https:\/\/www.autonvaraosahaku.fi\/index.php?rest_route=%2Fwp%2Fv2%2Fproduct_tag&post=90187"}],"curies":[{"name":"wp","href":"https:\/\/api.w.org\/{rel}","templated":true}]}}