{"id":90196,"date":"2021-02-21T21:19:59","date_gmt":"2021-02-21T21:19:59","guid":{"rendered":"https:\/\/www.autonvaraosahaku.fi\/?product=kyb-343419-iskunvaimennin"},"modified":"2021-02-21T21:20:03","modified_gmt":"2021-02-21T21:20:03","slug":"kyb-343419-iskunvaimennin","status":"publish","type":"product","link":"https:\/\/www.autonvaraosahaku.fi\/?product=kyb-343419-iskunvaimennin","title":{"rendered":"KYB 343419 Iskunvaimennin"},"content":{"rendered":"<p>Asennuspuoli: Taka-akseli; Iskunvaimennin tyyppi: Kaasupaine; Iskunvaimennin asennustapa: Tappi ylh\u00e4\u00e4ll\u00e4, Silmukka alhaalla; Iskunvaimennusj\u00e4rjestelm\u00e4: Kaksiputki; Tuotelinja: Excel-G; Valmistusvuosi alkaen: 04\/2004; VOLVO: V50 MW,C30,S40 II MS; 30635523, 30647504, 30681610, 30683420, 30683422, 30683572, 30683573, 30683598, 30683600, 30683873, 30714085, 30714086, 30714087, 30714088, 30714390, 30723047, 30723050, 30736523, 30736524, 30736768, 30736770, 30736772, 30748409, 30748410, 30776958, 31200268, 31200272, 31200274, 31201047, 31201049, 31201175, 31201176, 31201177, 31212499, 31212500, 31212941, 31212943, 31255199, 3M5118080ECA, 3M5118080GAD, 3M5118080GAF, 3M5118080GAG, 3M5118080GAH, 3M5118080GAJ, 3M5118080UBC, 3M5118080UBE, 3M5118080UBF, 3M5118080UBG, 3M5118080UBH, 3M5118080UCA, 3M5118097EAF, 3M5118097EAG, 3M5118097ECA, 3M5118097UCA, 4N5118080AAA, 4N5118080AAB, 4N5118080AAC, 4N5118097AAA, 4N5118097AAB; Iskarit,Iskunvaimennin<\/p>\n","protected":false},"excerpt":{"rendered":"<p>KYB Iskunvaimentimet 343419 Iskarit,Iskunvaimennin VOLVO,V50 MW,C30,S40 II MS<\/p>\n","protected":false},"featured_media":0,"template":"","meta":{"site-sidebar-layout":"default","site-content-layout":"default","ast-global-header-display":"","ast-main-header-display":"","ast-hfb-above-header-display":"","ast-hfb-below-header-display":"","ast-hfb-mobile-header-display":"","site-post-title":"","ast-breadcrumbs-content":"","ast-featured-img":"","footer-sml-layout":"","theme-transparent-header-meta":"","adv-header-id-meta":"","stick-header-meta":"","header-above-stick-meta":"","header-main-stick-meta":"","header-below-stick-meta":""},"pwb-brand":[226],"product_cat":[80],"product_tag":[],"class_list":{"0":"post-90196","1":"product","2":"type-product","3":"status-publish","5":"pwb-brand-kyb","6":"product_cat-iskunvaimennin","7":"desktop-align-left","8":"tablet-align-left","9":"mobile-align-left","11":"first","12":"instock","13":"product-type-external"},"brands":[{"id":226,"name":"KYB","slug":"kyb"}],"_links":{"self":[{"href":"https:\/\/www.autonvaraosahaku.fi\/index.php?rest_route=\/wp\/v2\/product\/90196","targetHints":{"allow":["GET"]}}],"collection":[{"href":"https:\/\/www.autonvaraosahaku.fi\/index.php?rest_route=\/wp\/v2\/product"}],"about":[{"href":"https:\/\/www.autonvaraosahaku.fi\/index.php?rest_route=\/wp\/v2\/types\/product"}],"wp:attachment":[{"href":"https:\/\/www.autonvaraosahaku.fi\/index.php?rest_route=%2Fwp%2Fv2%2Fmedia&parent=90196"}],"wp:term":[{"taxonomy":"pwb-brand","embeddable":true,"href":"https:\/\/www.autonvaraosahaku.fi\/index.php?rest_route=%2Fwp%2Fv2%2Fpwb-brand&post=90196"},{"taxonomy":"product_cat","embeddable":true,"href":"https:\/\/www.autonvaraosahaku.fi\/index.php?rest_route=%2Fwp%2Fv2%2Fproduct_cat&post=90196"},{"taxonomy":"product_tag","embeddable":true,"href":"https:\/\/www.autonvaraosahaku.fi\/index.php?rest_route=%2Fwp%2Fv2%2Fproduct_tag&post=90196"}],"curies":[{"name":"wp","href":"https:\/\/api.w.org\/{rel}","templated":true}]}}