{"id":90197,"date":"2021-02-21T21:19:59","date_gmt":"2021-02-21T21:19:59","guid":{"rendered":"https:\/\/www.autonvaraosahaku.fi\/?product=vaico-v40-0776-pyoranlaakerit"},"modified":"2021-02-21T21:20:04","modified_gmt":"2021-02-21T21:20:04","slug":"vaico-v40-0776-pyoranlaakerit","status":"publish","type":"product","link":"https:\/\/www.autonvaraosahaku.fi\/?product=vaico-v40-0776-pyoranlaakerit","title":{"rendered":"VAICO V40-0776 Py\u00f6r\u00e4nlaakerit"},"content":{"rendered":"<p>Asennuspuoli: Etuakseli; Sis\u00e4l\u00e4pimitta [mm]: 45; Jarru-\/ajodynamiikka: Autoihin, joissa ABS; Korvaava tuote\/korvaava tiedote 2: sis\u00e4\u00e4nrakennetulla magneetti sensorirenkaalla; OE-numerolle: 44 51 762; Ulkol\u00e4pimitta [mm]: 88; Leveys (mm): 39; Paino [kg]: 1,193; Pakkausleveys [cm]: 8,3; Pakkauskorkeus [mm]: 9; Pakkaussyvyys [cm]: 14,8; lis\u00e4tieto: CST98; Valmistusvuosi alkaen: 11\/2002; NISSAN: PRIMASTAR Bus X83,PRIMASTAR Kasten X83,PRIMASTAR Pritsche\/Fahrgestell; OPEL: VIVARO Kasten F7,VIVARO Combi J7,VIVARO Pritsche\/Fahrgestell E7; RENAULT: ESPACE IV JK0\/1_,MEGANE II BM0\/1_, CM0\/1_,TRAFIC II Bus JL,TRAFIC II Kasten FL,VEL SATIS BJ0_,TRAFIC II Pritsche\/Fahrgestell EL; VAUXHALL: VIVARO Kasten F7,VIVARO Combi J7,VIVARO Pritsche\/Fahrgestell E7; 4021000QAG, 4021000QAK, 4412598, 4430305, 4451762, 93161059, 93161376, 402109697R, 7701207358, 7701207966, 7701208427; Py\u00f6r\u00e4nlaakerisarja<\/p>\n","protected":false},"excerpt":{"rendered":"<p>VAICO Py\u00f6r\u00e4nlaakerit V40-0776 Py\u00f6r\u00e4nlaakerisarja NISSAN,OPEL,RENAULT,PRIMASTAR Bus X83,PRIMASTAR Kasten X83,PRIMASTAR Pritsche\/Fahrgestell<\/p>\n","protected":false},"featured_media":0,"template":"","meta":{"site-sidebar-layout":"default","site-content-layout":"default","ast-global-header-display":"","ast-main-header-display":"","ast-hfb-above-header-display":"","ast-hfb-below-header-display":"","ast-hfb-mobile-header-display":"","site-post-title":"","ast-breadcrumbs-content":"","ast-featured-img":"","footer-sml-layout":"","theme-transparent-header-meta":"","adv-header-id-meta":"","stick-header-meta":"","header-above-stick-meta":"","header-main-stick-meta":"","header-below-stick-meta":""},"pwb-brand":[330],"product_cat":[83],"product_tag":[],"class_list":{"0":"post-90197","1":"product","2":"type-product","3":"status-publish","5":"pwb-brand-vaico","6":"product_cat-pyoranlaakerit","7":"desktop-align-left","8":"tablet-align-left","9":"mobile-align-left","11":"first","12":"instock","13":"product-type-external"},"brands":[{"id":330,"name":"VAICO","slug":"vaico"}],"_links":{"self":[{"href":"https:\/\/www.autonvaraosahaku.fi\/index.php?rest_route=\/wp\/v2\/product\/90197","targetHints":{"allow":["GET"]}}],"collection":[{"href":"https:\/\/www.autonvaraosahaku.fi\/index.php?rest_route=\/wp\/v2\/product"}],"about":[{"href":"https:\/\/www.autonvaraosahaku.fi\/index.php?rest_route=\/wp\/v2\/types\/product"}],"wp:attachment":[{"href":"https:\/\/www.autonvaraosahaku.fi\/index.php?rest_route=%2Fwp%2Fv2%2Fmedia&parent=90197"}],"wp:term":[{"taxonomy":"pwb-brand","embeddable":true,"href":"https:\/\/www.autonvaraosahaku.fi\/index.php?rest_route=%2Fwp%2Fv2%2Fpwb-brand&post=90197"},{"taxonomy":"product_cat","embeddable":true,"href":"https:\/\/www.autonvaraosahaku.fi\/index.php?rest_route=%2Fwp%2Fv2%2Fproduct_cat&post=90197"},{"taxonomy":"product_tag","embeddable":true,"href":"https:\/\/www.autonvaraosahaku.fi\/index.php?rest_route=%2Fwp%2Fv2%2Fproduct_tag&post=90197"}],"curies":[{"name":"wp","href":"https:\/\/api.w.org\/{rel}","templated":true}]}}