{"id":90198,"date":"2021-02-21T21:19:59","date_gmt":"2021-02-21T21:19:59","guid":{"rendered":"https:\/\/www.autonvaraosahaku.fi\/?product=hella-6dd-008-622-081-jarruvalokytkin"},"modified":"2021-02-21T21:20:04","modified_gmt":"2021-02-21T21:20:04","slug":"hella-6dd-008-622-081-jarruvalokytkin","status":"publish","type":"product","link":"https:\/\/www.autonvaraosahaku.fi\/?product=hella-6dd-008-622-081-jarruvalokytkin","title":{"rendered":"HELLA 6DD 008 622-081 Jarruvalokytkin"},"content":{"rendered":"<p>K\u00e4ytt\u00f6: S\u00e4hk\u00f6inen; Asennusmalli: Poltti\/ruuvi; Nimellisj\u00e4nnite (V): 12; Liittimi\u00e4: 2; Kierrrepituus 1 [mm]: 23; Kierremitta: M16x1,5; Yhdistelm\u00e4kytkintoiminto: Avaaja; Vasen \/ oikea liikenne: f\u00fcr Rechtslenker; VOLVO: V40 Kombi VW,S40 I VS; OPEL: ARENA Bus,ARENA Kasten TB, TF,ARENA Kasten; RENAULT: TWINGO I C06_,CLIO II BB0\/1\/2_, CB0\/1\/2_,ESPACE III JE0_,LAGUNA I B56_, 556_,CLIO I B\/C57_, 5\/357_,LAGUNA I Grandtour K56_,TWINGO I Kasten S06_,ESPACE II J\/S63_,19 II B\/C53_,19 II Cabriolet D53_, 853_,RAPID Kasten F40_, G40_,19 I B\/C53_,SAFRANE II B54_,TRAFIC Kasten TXX,TRAFIC Bus TXW,SAFRANE I B54_,19 II Chamade L53_,21 Stufenheck L48_,25 B29_,19 I Chamade L53_,CLIO I Kasten S57_,19 I Cabriolet D53_,SPORT SPIDER EF0_,21 B48_,19 II Kasten S53_,19 I Kasten S53_,TRAFIC Pritsche\/Fahrgestell PXX,EXPRESS Pick-up,EXPRESS Kasten\/Kombi; MITSUBISHI: SPACE STAR DG_A,CARISMA DA_,CARISMA Stufenheck DA_; MB953385, 4405731, 9120784, 7700785258, 4405731, 9120784, 30870941, 308709419; Jarruvalokatkaisin<\/p>\n","protected":false},"excerpt":{"rendered":"<p>HELLA Jarruvalokytkin 6DD 008 622-081 Jarruvalokatkaisin VOLVO,OPEL,RENAULT,V40 Kombi VW,S40 I VS,ARENA Bus,ARENA Kasten TB, TF,ARENA Kasten<\/p>\n","protected":false},"featured_media":0,"template":"","meta":{"site-sidebar-layout":"default","site-content-layout":"default","ast-global-header-display":"","ast-main-header-display":"","ast-hfb-above-header-display":"","ast-hfb-below-header-display":"","ast-hfb-mobile-header-display":"","site-post-title":"","ast-breadcrumbs-content":"","ast-featured-img":"","footer-sml-layout":"","theme-transparent-header-meta":"","adv-header-id-meta":"","stick-header-meta":"","header-above-stick-meta":"","header-main-stick-meta":"","header-below-stick-meta":""},"pwb-brand":[24],"product_cat":[117],"product_tag":[],"class_list":{"0":"post-90198","1":"product","2":"type-product","3":"status-publish","5":"pwb-brand-hella","6":"product_cat-jarruvalokytkin","7":"desktop-align-left","8":"tablet-align-left","9":"mobile-align-left","11":"first","12":"instock","13":"product-type-external"},"brands":[{"id":24,"name":"HELLA","slug":"hella"}],"_links":{"self":[{"href":"https:\/\/www.autonvaraosahaku.fi\/index.php?rest_route=\/wp\/v2\/product\/90198","targetHints":{"allow":["GET"]}}],"collection":[{"href":"https:\/\/www.autonvaraosahaku.fi\/index.php?rest_route=\/wp\/v2\/product"}],"about":[{"href":"https:\/\/www.autonvaraosahaku.fi\/index.php?rest_route=\/wp\/v2\/types\/product"}],"wp:attachment":[{"href":"https:\/\/www.autonvaraosahaku.fi\/index.php?rest_route=%2Fwp%2Fv2%2Fmedia&parent=90198"}],"wp:term":[{"taxonomy":"pwb-brand","embeddable":true,"href":"https:\/\/www.autonvaraosahaku.fi\/index.php?rest_route=%2Fwp%2Fv2%2Fpwb-brand&post=90198"},{"taxonomy":"product_cat","embeddable":true,"href":"https:\/\/www.autonvaraosahaku.fi\/index.php?rest_route=%2Fwp%2Fv2%2Fproduct_cat&post=90198"},{"taxonomy":"product_tag","embeddable":true,"href":"https:\/\/www.autonvaraosahaku.fi\/index.php?rest_route=%2Fwp%2Fv2%2Fproduct_tag&post=90198"}],"curies":[{"name":"wp","href":"https:\/\/api.w.org\/{rel}","templated":true}]}}