{"id":90215,"date":"2021-02-21T21:20:12","date_gmt":"2021-02-21T21:20:12","guid":{"rendered":"https:\/\/www.autonvaraosahaku.fi\/?product=vaico-v30-2078-takaluukun-kaasujousi"},"modified":"2021-02-21T21:20:15","modified_gmt":"2021-02-21T21:20:15","slug":"vaico-v30-2078-takaluukun-kaasujousi","status":"publish","type":"product","link":"https:\/\/www.autonvaraosahaku.fi\/?product=vaico-v30-2078-takaluukun-kaasujousi","title":{"rendered":"VAICO V30-2078 Takaluukun kaasujousi"},"content":{"rendered":"<p>Pituus (mm): 305; Ty\u00f6nt\u00f6voima [N]: 130; Paino [kg]: 0,21434; Pakkausleveys [cm]: 15,7; Pakkauskorkeus [mm]: 17,1; lis\u00e4tieto: CST99; Asennuspuoli: beidseitig; SMART: FORTWO Coupe 451,CITY-COUPE 450,FORTWO Coupe 450,FORTWO Coupe 453; 0000618V007000000, 113000013, A0000618, A0000618V007000000; Kaasujousi, Tavaratila<\/p>\n","protected":false},"excerpt":{"rendered":"<p>VAICO Takaluukun Kaasujousi V30-2078 Kaasujousi, Tavaratila SMART,FORTWO Coupe 451,CITY-COUPE 450,FORTWO Coupe 450,FORTWO Coupe 453<\/p>\n","protected":false},"featured_media":0,"template":"","meta":{"site-sidebar-layout":"default","site-content-layout":"default","ast-global-header-display":"","ast-main-header-display":"","ast-hfb-above-header-display":"","ast-hfb-below-header-display":"","ast-hfb-mobile-header-display":"","site-post-title":"","ast-breadcrumbs-content":"","ast-featured-img":"","footer-sml-layout":"","theme-transparent-header-meta":"","adv-header-id-meta":"","stick-header-meta":"","header-above-stick-meta":"","header-main-stick-meta":"","header-below-stick-meta":""},"pwb-brand":[330],"product_cat":[59],"product_tag":[],"class_list":{"0":"post-90215","1":"product","2":"type-product","3":"status-publish","5":"pwb-brand-vaico","6":"product_cat-takaluukun-kaasujousi","7":"desktop-align-left","8":"tablet-align-left","9":"mobile-align-left","11":"first","12":"instock","13":"product-type-external"},"brands":[{"id":330,"name":"VAICO","slug":"vaico"}],"_links":{"self":[{"href":"https:\/\/www.autonvaraosahaku.fi\/index.php?rest_route=\/wp\/v2\/product\/90215","targetHints":{"allow":["GET"]}}],"collection":[{"href":"https:\/\/www.autonvaraosahaku.fi\/index.php?rest_route=\/wp\/v2\/product"}],"about":[{"href":"https:\/\/www.autonvaraosahaku.fi\/index.php?rest_route=\/wp\/v2\/types\/product"}],"wp:attachment":[{"href":"https:\/\/www.autonvaraosahaku.fi\/index.php?rest_route=%2Fwp%2Fv2%2Fmedia&parent=90215"}],"wp:term":[{"taxonomy":"pwb-brand","embeddable":true,"href":"https:\/\/www.autonvaraosahaku.fi\/index.php?rest_route=%2Fwp%2Fv2%2Fpwb-brand&post=90215"},{"taxonomy":"product_cat","embeddable":true,"href":"https:\/\/www.autonvaraosahaku.fi\/index.php?rest_route=%2Fwp%2Fv2%2Fproduct_cat&post=90215"},{"taxonomy":"product_tag","embeddable":true,"href":"https:\/\/www.autonvaraosahaku.fi\/index.php?rest_route=%2Fwp%2Fv2%2Fproduct_tag&post=90215"}],"curies":[{"name":"wp","href":"https:\/\/api.w.org\/{rel}","templated":true}]}}