{"id":90246,"date":"2021-02-21T21:20:26","date_gmt":"2021-02-21T21:20:26","guid":{"rendered":"https:\/\/www.autonvaraosahaku.fi\/?product=ate-13-0460-5833-2-jarrupalat"},"modified":"2021-02-21T21:20:35","modified_gmt":"2021-02-21T21:20:35","slug":"ate-13-0460-5833-2-jarrupalat","status":"publish","type":"product","link":"https:\/\/www.autonvaraosahaku.fi\/?product=ate-13-0460-5833-2-jarrupalat","title":{"rendered":"ATE 13.0460-5833.2 Jarrupalat"},"content":{"rendered":"<p>Leveys (mm): 98,6; Korkeus (mm): 40,9; Paksuus [mm]: 14,4; Korvaava tuote\/korvaava tiedote 2: Huudonvaimennuspellill\u00e4; Kulumisenilmaisimen liitos: akustisella kulumavaroittimella; Lis\u00e4tarvike\/lis\u00e4tieto: Tarvikkeilla; Tarkistuskilpi: E9 90R-01231\/873; Jarruj\u00e4rjestelm\u00e4: Akebono; MAPP-koodi saatavilla: ; M\u00e4\u00e4r\u00e4yksikk\u00f6: Akselisarja; Valmistusvuosi alkaen: 02\/2001; KIA: SPORTAGE JE_, KM_,MAGENTIS GD,MAGENTIS MG; HYUNDAI: GETZ TB,TUCSON JM,SANTA F\u00c9 I SM,MATRIX FC,TRAJET FO,SONATA V NF,SONATA IV EF,GRANDEUR TG,XG XG,HIGHWAY VAN,ELANTRA Stufenheck HD; 5830217A00, 583021CA00, 583021CA10, 5830226A00, 5830226A10, 5830226A30, 583022EA00, 583022EA30, 583022GA00, 583022HA00, 5830238A20, 5830238A30, 5830239A40, 583023AA20, 583023CA10, 583023KA30, 583023KA40, 583021FE00, 5830226A00, 5830226A10, 5830226A30, 583022EA00, 583022EA30, 583022GA00, 583023CA10, 583023KA30, 583023KA40; Jarrupalasarja,Jarrupala, Levyjarru<\/p>\n","protected":false},"excerpt":{"rendered":"<p>ATE Jarrupalat 13.0460-5833.2 Jarrupalasarja,Jarrupala, Levyjarru KIA,HYUNDAI,SPORTAGE JE_, KM_,MAGENTIS GD,MAGENTIS MG,GETZ TB,TUCSON JM<\/p>\n","protected":false},"featured_media":0,"template":"","meta":{"site-sidebar-layout":"default","site-content-layout":"default","ast-global-header-display":"","ast-main-header-display":"","ast-hfb-above-header-display":"","ast-hfb-below-header-display":"","ast-hfb-mobile-header-display":"","site-post-title":"","ast-breadcrumbs-content":"","ast-featured-img":"","footer-sml-layout":"","theme-transparent-header-meta":"","adv-header-id-meta":"","stick-header-meta":"","header-above-stick-meta":"","header-main-stick-meta":"","header-below-stick-meta":""},"pwb-brand":[108],"product_cat":[100],"product_tag":[],"class_list":{"0":"post-90246","1":"product","2":"type-product","3":"status-publish","5":"pwb-brand-ate","6":"product_cat-jarrupalat","7":"desktop-align-left","8":"tablet-align-left","9":"mobile-align-left","11":"first","12":"instock","13":"product-type-external"},"brands":[{"id":108,"name":"ATE","slug":"ate"}],"_links":{"self":[{"href":"https:\/\/www.autonvaraosahaku.fi\/index.php?rest_route=\/wp\/v2\/product\/90246","targetHints":{"allow":["GET"]}}],"collection":[{"href":"https:\/\/www.autonvaraosahaku.fi\/index.php?rest_route=\/wp\/v2\/product"}],"about":[{"href":"https:\/\/www.autonvaraosahaku.fi\/index.php?rest_route=\/wp\/v2\/types\/product"}],"wp:attachment":[{"href":"https:\/\/www.autonvaraosahaku.fi\/index.php?rest_route=%2Fwp%2Fv2%2Fmedia&parent=90246"}],"wp:term":[{"taxonomy":"pwb-brand","embeddable":true,"href":"https:\/\/www.autonvaraosahaku.fi\/index.php?rest_route=%2Fwp%2Fv2%2Fpwb-brand&post=90246"},{"taxonomy":"product_cat","embeddable":true,"href":"https:\/\/www.autonvaraosahaku.fi\/index.php?rest_route=%2Fwp%2Fv2%2Fproduct_cat&post=90246"},{"taxonomy":"product_tag","embeddable":true,"href":"https:\/\/www.autonvaraosahaku.fi\/index.php?rest_route=%2Fwp%2Fv2%2Fproduct_tag&post=90246"}],"curies":[{"name":"wp","href":"https:\/\/api.w.org\/{rel}","templated":true}]}}