{"id":90278,"date":"2021-02-21T21:20:51","date_gmt":"2021-02-21T21:20:51","guid":{"rendered":"https:\/\/www.autonvaraosahaku.fi\/?product=hella-8xy-004-723-001-polttoainetankin-korkki"},"modified":"2021-02-21T21:20:56","modified_gmt":"2021-02-21T21:20:56","slug":"hella-8xy-004-723-001-polttoainetankin-korkki","status":"publish","type":"product","link":"https:\/\/www.autonvaraosahaku.fi\/?product=hella-8xy-004-723-001-polttoainetankin-korkki","title":{"rendered":"HELLA 8XY 004 723-001 Polttoainetankin korkki"},"content":{"rendered":"<p>Korvaava tuote\/korvaava tiedote 2: ilman pidikehihnaa; Ulkol\u00e4pimitta 1 [mm]: 41; Sis\u00e4l\u00e4pimitta [mm]: 34; Lukkolaite: Lukolla, Avaimella; Oviluku: 2; OPEL: KADETT E CC 33_, 34_, 43_, 44_,CORSA A CC 93_, 94_, 98_, 99_,KADETT E Cabriolet 43B_,CORSA A TR 91_, 92_, 96_, 97_,KADETT D 31_-34_, 41_-44_,KADETT E Caravan 35_, 36_, 45_, 46_,KADETT D 32_,37_,39, _42,KADETT D Caravan 35_, 36_, 45_, 46_,KADETT E Kasten 37_, 47_,KADETT E Combo 38_, 48_; Tankin Korkki,Korkki, Polttoainetankki<\/p>\n","protected":false},"excerpt":{"rendered":"<p>HELLA Polttoainetankin Korkki 8XY 004 723-001 Tankin Korkki,Korkki, Polttoainetankki OPEL,KADETT E CC 33_, 34_, 43_, 44_,CORSA A CC 93_, 94_, 98_, 99_<\/p>\n","protected":false},"featured_media":0,"template":"","meta":{"site-sidebar-layout":"default","site-content-layout":"default","ast-global-header-display":"","ast-main-header-display":"","ast-hfb-above-header-display":"","ast-hfb-below-header-display":"","ast-hfb-mobile-header-display":"","site-post-title":"","ast-breadcrumbs-content":"","ast-featured-img":"","footer-sml-layout":"","theme-transparent-header-meta":"","adv-header-id-meta":"","stick-header-meta":"","header-above-stick-meta":"","header-main-stick-meta":"","header-below-stick-meta":""},"pwb-brand":[24],"product_cat":[105],"product_tag":[],"class_list":{"0":"post-90278","1":"product","2":"type-product","3":"status-publish","5":"pwb-brand-hella","6":"product_cat-polttoainetankin-korkki","7":"desktop-align-left","8":"tablet-align-left","9":"mobile-align-left","11":"first","12":"instock","13":"product-type-external"},"brands":[{"id":24,"name":"HELLA","slug":"hella"}],"_links":{"self":[{"href":"https:\/\/www.autonvaraosahaku.fi\/index.php?rest_route=\/wp\/v2\/product\/90278","targetHints":{"allow":["GET"]}}],"collection":[{"href":"https:\/\/www.autonvaraosahaku.fi\/index.php?rest_route=\/wp\/v2\/product"}],"about":[{"href":"https:\/\/www.autonvaraosahaku.fi\/index.php?rest_route=\/wp\/v2\/types\/product"}],"wp:attachment":[{"href":"https:\/\/www.autonvaraosahaku.fi\/index.php?rest_route=%2Fwp%2Fv2%2Fmedia&parent=90278"}],"wp:term":[{"taxonomy":"pwb-brand","embeddable":true,"href":"https:\/\/www.autonvaraosahaku.fi\/index.php?rest_route=%2Fwp%2Fv2%2Fpwb-brand&post=90278"},{"taxonomy":"product_cat","embeddable":true,"href":"https:\/\/www.autonvaraosahaku.fi\/index.php?rest_route=%2Fwp%2Fv2%2Fproduct_cat&post=90278"},{"taxonomy":"product_tag","embeddable":true,"href":"https:\/\/www.autonvaraosahaku.fi\/index.php?rest_route=%2Fwp%2Fv2%2Fproduct_tag&post=90278"}],"curies":[{"name":"wp","href":"https:\/\/api.w.org\/{rel}","templated":true}]}}