{"id":90286,"date":"2021-02-21T21:20:51","date_gmt":"2021-02-21T21:20:51","guid":{"rendered":"https:\/\/www.autonvaraosahaku.fi\/?product=hella-8et-009-142-641-ilmamassamittari"},"modified":"2021-02-21T21:21:00","modified_gmt":"2021-02-21T21:21:00","slug":"hella-8et-009-142-641-ilmamassamittari","status":"publish","type":"product","link":"https:\/\/www.autonvaraosahaku.fi\/?product=hella-8et-009-142-641-ilmamassamittari","title":{"rendered":"HELLA 8ET 009 142-641 Ilmamassamittari"},"content":{"rendered":"<p>Asennusmalli: Poltti\/ruuvi; Lis\u00e4tarvike\/lis\u00e4tieto: Ilman imusarjaa; Liittimi\u00e4: 5; Uusi osa: ; BMW: 3 Touring E91,3 E90,5 E60,1 E87,5 Touring E61,Z4 E85,7 E65, E66, E67,6 E63,Z4 Coupe E86,6 Cabriolet E64; 13627520519, 7520519; Ilmam\u00e4\u00e4r\u00e4mittari,MAF Anturi<\/p>\n","protected":false},"excerpt":{"rendered":"<p>HELLA Ilmamassamittari 8ET 009 142-641 Ilmam\u00e4\u00e4r\u00e4mittari,MAF Anturi BMW,3 Touring E91,3 E90,5 E60,1 E87,5 Touring E61,Z4 E85,7 E65, E66, E67,6 E63<\/p>\n","protected":false},"featured_media":0,"template":"","meta":{"site-sidebar-layout":"default","site-content-layout":"default","ast-global-header-display":"","ast-main-header-display":"","ast-hfb-above-header-display":"","ast-hfb-below-header-display":"","ast-hfb-mobile-header-display":"","site-post-title":"","ast-breadcrumbs-content":"","ast-featured-img":"","footer-sml-layout":"","theme-transparent-header-meta":"","adv-header-id-meta":"","stick-header-meta":"","header-above-stick-meta":"","header-main-stick-meta":"","header-below-stick-meta":""},"pwb-brand":[24],"product_cat":[270],"product_tag":[],"class_list":{"0":"post-90286","1":"product","2":"type-product","3":"status-publish","5":"pwb-brand-hella","6":"product_cat-ilmamassamittari","7":"desktop-align-left","8":"tablet-align-left","9":"mobile-align-left","11":"first","12":"instock","13":"product-type-external"},"brands":[{"id":24,"name":"HELLA","slug":"hella"}],"_links":{"self":[{"href":"https:\/\/www.autonvaraosahaku.fi\/index.php?rest_route=\/wp\/v2\/product\/90286","targetHints":{"allow":["GET"]}}],"collection":[{"href":"https:\/\/www.autonvaraosahaku.fi\/index.php?rest_route=\/wp\/v2\/product"}],"about":[{"href":"https:\/\/www.autonvaraosahaku.fi\/index.php?rest_route=\/wp\/v2\/types\/product"}],"wp:attachment":[{"href":"https:\/\/www.autonvaraosahaku.fi\/index.php?rest_route=%2Fwp%2Fv2%2Fmedia&parent=90286"}],"wp:term":[{"taxonomy":"pwb-brand","embeddable":true,"href":"https:\/\/www.autonvaraosahaku.fi\/index.php?rest_route=%2Fwp%2Fv2%2Fpwb-brand&post=90286"},{"taxonomy":"product_cat","embeddable":true,"href":"https:\/\/www.autonvaraosahaku.fi\/index.php?rest_route=%2Fwp%2Fv2%2Fproduct_cat&post=90286"},{"taxonomy":"product_tag","embeddable":true,"href":"https:\/\/www.autonvaraosahaku.fi\/index.php?rest_route=%2Fwp%2Fv2%2Fproduct_tag&post=90286"}],"curies":[{"name":"wp","href":"https:\/\/api.w.org\/{rel}","templated":true}]}}