{"id":90288,"date":"2021-02-21T21:20:51","date_gmt":"2021-02-21T21:20:51","guid":{"rendered":"https:\/\/www.autonvaraosahaku.fi\/?product=hella-6zl-003-259-511-oljynpaineanturi"},"modified":"2021-02-21T21:21:02","modified_gmt":"2021-02-21T21:21:02","slug":"hella-6zl-003-259-511-oljynpaineanturi","status":"publish","type":"product","link":"https:\/\/www.autonvaraosahaku.fi\/?product=hella-6zl-003-259-511-oljynpaineanturi","title":{"rendered":"HELLA 6ZL 003 259-511 \u00d6ljynpaineanturi"},"content":{"rendered":"<p>Nimellisj\u00e4nnite (V): 12; Liittimi\u00e4: 1; V\u00e4ri: Musta; Kierremitta: 1\/8 GAS; Kytkent\u00e4paine (bar): 0,2; Yhdistelm\u00e4kytkintoiminto: Avaaja; Avainv\u00e4li: 24; Valmistusvuosi alkaen: 11\/1992; MAZDA: RX 8 SE17; LEXUS: IS II GSE2_, ALE2_, USE2_,RX MHU3_, GSU3_, MCU3_,IS I JCE1_, GXE1_,GS GRS19_, UZS19_, GWS19_,RX GYL1_, GGL15, AGL10,CT ZWA1_,GS UZS161, JZS160,IS SportCross,RX MCU15,IS III GSE3_, AVE3_,LS UVF4_, USF4_,LS UCF20,GS GRL1_, GWL1_,SC UZZ40_,LS UCF30,LS UCF10,GS JZS147,IS C GSE2_,GX _J12_,ES AVV6_, GSV6_, ASV6_,ES GSV4_, ACV4_,GX URJ15_,ES F1, F2,HS ANF10,NX ZGZ1_, AGZ1_, AYZ1_,RX _L2_,RC GSC1_, USC1_,LS VXFA5_,LC; HONDA: CIVIC VIII Hatchback FN, FK,JAZZ II GD,CR-V III RE,JAZZ III GE,CR-V II RD_,ACCORD VII CL,FR-V BE,CR-V IV RE,ACCORD VIII CU,ACCORD VII Tourer CM,CIVIC IX FK,ACCORD VIII Kombi,CIVIC VIII Stufenheck FD, FA,INSIGHT ZE_,CR-Z ZF1,CIVIC VII Stufenheck ES,CIVIC IX Stufenheck FB, FG,INSIGHT ZE,CIVIC IX Tourer FK,CITY Stufenheck GM,HR-V RU,CIVIC X Schr\u00e4gheck FC_, FK,CIVIC X Stufenheck FC_,ACCORD IX Stufenheck,CROSSTOUR; VOLVO: XC90 I,S80 II AS; MINI: MINI R50, R53; TOYOTA: YARIS SCP9_, NSP9_, KSP9_, NCP9_, ZSP9_,YARIS SCP1_, NLP1_, NCP1_,AVENSIS Kombi T25,COROLLA Verso ZER_, ZZE12_, R1_,AYGO WNB1_, KGB1_,AURIS NRE15_, ZZE15_, ADE15_, ZRE15_, NDE15_,RAV 4 III ACA3_, ACE_, ALA3_, GSA3_, ZSA3_,RAV 4 II CLA2_, XA2_, ZCA2_, ACA2_,COROLLA ZZE12_, NDE12_, ZDE12_,AVENSIS Station Wagon ZRT27, ADT27,VERSO _AUR2_, _ZGR2_,AVENSIS T25_,YARIS VERSO _NLP2_, _NCP2_,YARIS NHP13_, NSP13_, NCP13_, KSP13_, NLP13_,AURIS NZE18_, ZRE18_,STARLET EP91,COROLLA Kombi _E12J_, _E12T_,PRIUS Liftback NHW20_,AVENSIS Stufenheck T25,AVENSIS _T22_,COROLLA Liftback _E11_,AURIS TOURING SPORTS ADE18_, ZWE18_, ZRE18_,IQ KPJ1_, NGJ1_, KGJ1_, NUJ1_,COROLLA Compact _E11_,AVENSIS Station Wagon _T22_,RAV 4 I SXA1_,COROLLA Verso ZDE12_, CDE12_,CELICA ZZT23_,PRIUS ZVW3_,AVENSIS Stufenheck ZRT27, ADT27,RAV 4 IV ZSA4_, ALA4_,PREVIA MCR3_, ACR3_, CLR3_,LAND CRUISER KDJ12_, GRJ12_,HILUX III Pick-up TGN1_, GGN2_, GGN1_, KUN2_, KUN1_,VERSO S NLP12_, NCP12_, NSP12_,COROLLA Stufenheck _E12J_, _E1; CITRO\u00cbN: C1 PM_, PN_,C1 II; PEUGEOT: 107,108; 7792397, 1131J1, 8353005010, 8353028020, 8353060020, 8353014060, 8353030090, 37240PHM003, 37240PHN003, 37241RNAA01, N3H118501, 13627792397, 7792397, 1131J1, 3782073H10000, 8353005010, 835300E010, 8353012050, 8353012060, 8353012070, 8353014060, 8353014070, 8353020030, 8353028010, 8353028020, 8353030090, 8353030100, 8353060010, 8353060020, 83530AA010, 83530AA011, 30713497, 30874183, 30874788, J8353014070; \u00d6ljynpainekytkin<\/p>\n","protected":false},"excerpt":{"rendered":"<p>HELLA \u00d6ljynpaineanturi 6ZL 003 259-511 \u00d6ljynpainekytkin MAZDA,LEXUS,HONDA,RX 8 SE17,IS II GSE2_, ALE2_, USE2_,RX MHU3_, GSU3_, MCU3_,IS I JCE1_, GXE1_<\/p>\n","protected":false},"featured_media":0,"template":"","meta":{"site-sidebar-layout":"default","site-content-layout":"default","ast-global-header-display":"","ast-main-header-display":"","ast-hfb-above-header-display":"","ast-hfb-below-header-display":"","ast-hfb-mobile-header-display":"","site-post-title":"","ast-breadcrumbs-content":"","ast-featured-img":"","footer-sml-layout":"","theme-transparent-header-meta":"","adv-header-id-meta":"","stick-header-meta":"","header-above-stick-meta":"","header-main-stick-meta":"","header-below-stick-meta":""},"pwb-brand":[24],"product_cat":[235],"product_tag":[],"class_list":{"0":"post-90288","1":"product","2":"type-product","3":"status-publish","5":"pwb-brand-hella","6":"product_cat-oljynpaineanturi","7":"desktop-align-left","8":"tablet-align-left","9":"mobile-align-left","11":"first","12":"instock","13":"product-type-external"},"brands":[{"id":24,"name":"HELLA","slug":"hella"}],"_links":{"self":[{"href":"https:\/\/www.autonvaraosahaku.fi\/index.php?rest_route=\/wp\/v2\/product\/90288","targetHints":{"allow":["GET"]}}],"collection":[{"href":"https:\/\/www.autonvaraosahaku.fi\/index.php?rest_route=\/wp\/v2\/product"}],"about":[{"href":"https:\/\/www.autonvaraosahaku.fi\/index.php?rest_route=\/wp\/v2\/types\/product"}],"wp:attachment":[{"href":"https:\/\/www.autonvaraosahaku.fi\/index.php?rest_route=%2Fwp%2Fv2%2Fmedia&parent=90288"}],"wp:term":[{"taxonomy":"pwb-brand","embeddable":true,"href":"https:\/\/www.autonvaraosahaku.fi\/index.php?rest_route=%2Fwp%2Fv2%2Fpwb-brand&post=90288"},{"taxonomy":"product_cat","embeddable":true,"href":"https:\/\/www.autonvaraosahaku.fi\/index.php?rest_route=%2Fwp%2Fv2%2Fproduct_cat&post=90288"},{"taxonomy":"product_tag","embeddable":true,"href":"https:\/\/www.autonvaraosahaku.fi\/index.php?rest_route=%2Fwp%2Fv2%2Fproduct_tag&post=90288"}],"curies":[{"name":"wp","href":"https:\/\/api.w.org\/{rel}","templated":true}]}}