{"id":90290,"date":"2021-02-21T21:21:04","date_gmt":"2021-02-21T21:21:04","guid":{"rendered":"https:\/\/www.autonvaraosahaku.fi\/?product=hella-6pu-009-163-481-kampiakselin-asentotunnistin"},"modified":"2021-02-21T21:21:05","modified_gmt":"2021-02-21T21:21:05","slug":"hella-6pu-009-163-481-kampiakselin-asentotunnistin","status":"publish","type":"product","link":"https:\/\/www.autonvaraosahaku.fi\/?product=hella-6pu-009-163-481-kampiakselin-asentotunnistin","title":{"rendered":"HELLA 6PU 009 163-481 Kampiakselin asentotunnistin"},"content":{"rendered":"<p>Korvaava tuote\/korvaava tiedote 2: ilman kaapelia; Nimellisj\u00e4nnite (V): 12; Napojen m\u00e4\u00e4r\u00e4: 3; V\u00e4ri vastaa alkuper\u00e4isosaa: Musta; Tunnistinmalli: Hall-anturi; Varusteet: f\u00fcr Fahrzeuge ohne Start-Stopp-Funktion; VW: POLO 9N_,POLO 6R, 6C,FOX 5Z1, 5Z3; SKODA: FABIA Combi 6Y5,FABIA,FABIA 6Y2,FABIA Combi,ROOMSTER 5J,RAPID Spaceback NH1,FABIA Stufenheck 6Y3,ROOMSTER Praktik 5J,RAPID NH3,FABIA Praktik; SEAT: IBIZA IV 6L1,IBIZA V 6J5, 6P5,IBIZA V ST 6J8, 6P8,IBIZA V SPORTCOUPE 6J1, 6P1,CORDOBA 6L2,TOLEDO IV KG3; 03D906433, 03D906433, 03D906433A, 03D906433, 03D906433A, 03D906433, 03D906433A; Kampiakselin Anturi,Impulssianturi, Kampiakseli<\/p>\n","protected":false},"excerpt":{"rendered":"<p>HELLA Kampiakselin Asentotunnistin 6PU 009 163-481 Kampiakselin Anturi,Impulssianturi, Kampiakseli VW,SKODA,SEAT,POLO 9N_,POLO 6R, 6C,FOX 5Z1, 5Z3<\/p>\n","protected":false},"featured_media":0,"template":"","meta":{"site-sidebar-layout":"default","site-content-layout":"default","ast-global-header-display":"","ast-main-header-display":"","ast-hfb-above-header-display":"","ast-hfb-below-header-display":"","ast-hfb-mobile-header-display":"","site-post-title":"","ast-breadcrumbs-content":"","ast-featured-img":"","footer-sml-layout":"","theme-transparent-header-meta":"","adv-header-id-meta":"","stick-header-meta":"","header-above-stick-meta":"","header-main-stick-meta":"","header-below-stick-meta":""},"pwb-brand":[24],"product_cat":[184],"product_tag":[],"class_list":{"0":"post-90290","1":"product","2":"type-product","3":"status-publish","5":"pwb-brand-hella","6":"product_cat-kampiakselin-asentotunnistin","7":"desktop-align-left","8":"tablet-align-left","9":"mobile-align-left","11":"first","12":"instock","13":"product-type-external"},"brands":[{"id":24,"name":"HELLA","slug":"hella"}],"_links":{"self":[{"href":"https:\/\/www.autonvaraosahaku.fi\/index.php?rest_route=\/wp\/v2\/product\/90290","targetHints":{"allow":["GET"]}}],"collection":[{"href":"https:\/\/www.autonvaraosahaku.fi\/index.php?rest_route=\/wp\/v2\/product"}],"about":[{"href":"https:\/\/www.autonvaraosahaku.fi\/index.php?rest_route=\/wp\/v2\/types\/product"}],"wp:attachment":[{"href":"https:\/\/www.autonvaraosahaku.fi\/index.php?rest_route=%2Fwp%2Fv2%2Fmedia&parent=90290"}],"wp:term":[{"taxonomy":"pwb-brand","embeddable":true,"href":"https:\/\/www.autonvaraosahaku.fi\/index.php?rest_route=%2Fwp%2Fv2%2Fpwb-brand&post=90290"},{"taxonomy":"product_cat","embeddable":true,"href":"https:\/\/www.autonvaraosahaku.fi\/index.php?rest_route=%2Fwp%2Fv2%2Fproduct_cat&post=90290"},{"taxonomy":"product_tag","embeddable":true,"href":"https:\/\/www.autonvaraosahaku.fi\/index.php?rest_route=%2Fwp%2Fv2%2Fproduct_tag&post=90290"}],"curies":[{"name":"wp","href":"https:\/\/api.w.org\/{rel}","templated":true}]}}