{"id":90293,"date":"2021-02-21T21:21:04","date_gmt":"2021-02-21T21:21:04","guid":{"rendered":"https:\/\/www.autonvaraosahaku.fi\/?product=ate-13-0460-7183-2-jarrupalat"},"modified":"2021-02-21T21:21:06","modified_gmt":"2021-02-21T21:21:06","slug":"ate-13-0460-7183-2-jarrupalat","status":"publish","type":"product","link":"https:\/\/www.autonvaraosahaku.fi\/?product=ate-13-0460-7183-2-jarrupalat","title":{"rendered":"ATE 13.0460-7183.2 Jarrupalat"},"content":{"rendered":"<p>Leveys (mm): 194,3; Korkeus (mm): 73,5; Paksuus [mm]: 20,5; Kulumisenilmaisimen liitos: Kulumisenilmaisemelle, Ilman kulumisenilmaisinta; Jarruj\u00e4rjestelm\u00e4: ATE; Tarkistuskilpi: E1 90R-01517\/657; MAPP-koodi saatavilla: ; Suositellun tarvikkeen tuotenumero: 24.8190-0106.2, 24.8190-0107.2, 24.8190-0232.2, 24.8190-0233.2, 24.8190-0234.2, 24.8190-0418.2, 24.8190-0419.2, 24.8190-0425.2, 24.8190-0955.2; Huomioi mitat: ; M\u00e4\u00e4r\u00e4yksikk\u00f6: Akselisarja; Valmistusvuoteen: 08\/1998; VW: GOLF IV 1J1,PASSAT Variant 3B6,PASSAT 3B3; AUDI: A4 Avant 8D5, B5,TT 8N3,A8 4D2, 4D8,TT Roadster 8N9; BMW: 7 E38,Z8 E52; MERCEDES-BENZ: E-CLASS W211,C-CLASS W202,E-CLASS T-Model S211,SLK R170,E-CLASS W210,E-CLASS Kombi S210,CLK C208,C-CLASS Kombi S202,S-CLASS W220,CLK Cabriolet A208; CHRYSLER: CROSSFIRE,CROSSFIRE Roadster; BENTLEY: CONTINENTAL Coupe 3W_,ARNAGE RBS_,CONTINENTAL,AZURE; ROLLS-ROYCE: SILVER SERAPH; PC57341PA, 34111162884, 34111165626, 34111166161, 34116753799, 34116761246, 05143230AA, 5143230AA, 0034202120, 0034209120, A0034202120, A0034209120, HWA2104200120, PC57341PA; Jarrupalasarja,Jarrupala, Levyjarru<\/p>\n","protected":false},"excerpt":{"rendered":"<p>ATE Jarrupalat 13.0460-7183.2 Jarrupalasarja,Jarrupala, Levyjarru VW,AUDI,BMW,GOLF IV 1J1,PASSAT Variant 3B6,PASSAT 3B3,A4 Avant 8D5, B5,TT 8N3<\/p>\n","protected":false},"featured_media":0,"template":"","meta":{"site-sidebar-layout":"default","site-content-layout":"default","ast-global-header-display":"","ast-main-header-display":"","ast-hfb-above-header-display":"","ast-hfb-below-header-display":"","ast-hfb-mobile-header-display":"","site-post-title":"","ast-breadcrumbs-content":"","ast-featured-img":"","footer-sml-layout":"","theme-transparent-header-meta":"","adv-header-id-meta":"","stick-header-meta":"","header-above-stick-meta":"","header-main-stick-meta":"","header-below-stick-meta":""},"pwb-brand":[108],"product_cat":[100],"product_tag":[],"class_list":{"0":"post-90293","1":"product","2":"type-product","3":"status-publish","5":"pwb-brand-ate","6":"product_cat-jarrupalat","7":"desktop-align-left","8":"tablet-align-left","9":"mobile-align-left","11":"first","12":"instock","13":"product-type-external"},"brands":[{"id":108,"name":"ATE","slug":"ate"}],"_links":{"self":[{"href":"https:\/\/www.autonvaraosahaku.fi\/index.php?rest_route=\/wp\/v2\/product\/90293","targetHints":{"allow":["GET"]}}],"collection":[{"href":"https:\/\/www.autonvaraosahaku.fi\/index.php?rest_route=\/wp\/v2\/product"}],"about":[{"href":"https:\/\/www.autonvaraosahaku.fi\/index.php?rest_route=\/wp\/v2\/types\/product"}],"wp:attachment":[{"href":"https:\/\/www.autonvaraosahaku.fi\/index.php?rest_route=%2Fwp%2Fv2%2Fmedia&parent=90293"}],"wp:term":[{"taxonomy":"pwb-brand","embeddable":true,"href":"https:\/\/www.autonvaraosahaku.fi\/index.php?rest_route=%2Fwp%2Fv2%2Fpwb-brand&post=90293"},{"taxonomy":"product_cat","embeddable":true,"href":"https:\/\/www.autonvaraosahaku.fi\/index.php?rest_route=%2Fwp%2Fv2%2Fproduct_cat&post=90293"},{"taxonomy":"product_tag","embeddable":true,"href":"https:\/\/www.autonvaraosahaku.fi\/index.php?rest_route=%2Fwp%2Fv2%2Fproduct_tag&post=90293"}],"curies":[{"name":"wp","href":"https:\/\/api.w.org\/{rel}","templated":true}]}}