{"id":9030,"date":"2021-02-21T14:04:44","date_gmt":"2021-02-21T14:04:44","guid":{"rendered":"https:\/\/www.autonvaraosahaku.fi\/?product=meyle-16-15-523-0024-jarrulevyt"},"modified":"2021-02-21T14:04:45","modified_gmt":"2021-02-21T14:04:45","slug":"meyle-16-15-523-0024-jarrulevyt","status":"publish","type":"product","link":"https:\/\/www.autonvaraosahaku.fi\/?product=meyle-16-15-523-0024-jarrulevyt","title":{"rendered":"MEYLE 16-15 523 0024 Jarrulevyt"},"content":{"rendered":"<p>Asennuspuoli: Taka-akseli; Ulkol\u00e4pimitta [mm]: 260; Korkeus (mm): 86,2; Jarrulevyn paksuus (mm): 8; V\u00e4himm\u00e4ispaksuus (mm): 7; keskitt\u00e4misl\u00e4pimitta [mm]: 52,2; Reik\u00e4ympyr\u00e4-\u00d8 [mm]: 114,3; Py\u00f6r\u00e4npulttireik\u00e4-\u00d8 [mm]: 12; Reikien m\u00e4\u00e4r\u00e4: 5; Jarrulevytyyppi: Vakiomalli; Vetoakseli: Ilman ABS-rengasta; Korvaava tuote\/korvaava tiedote 2: ilman py\u00f6r\u00e4nlaakeria; Tarvittava kappalem\u00e4\u00e4r\u00e4: 2; lis\u00e4tieto: ORIGINAL Quality; RENAULT: MEGANE III Grandtour KZ0\/1,SC\u00c9NIC III JZ0\/1_,GRAND SC\u00c9NIC III JZ0\/1_,MEGANE CC EZ0\/1_; 432000010R, 432006506R, 432007556R; Jarrulevy<\/p>\n","protected":false},"excerpt":{"rendered":"<p>MEYLE Jarrulevyt 16-15 523 0024 Jarrulevy RENAULT,MEGANE III Grandtour KZ0\/1,SC\u00c9NIC III JZ0\/1_,GRAND SC\u00c9NIC III JZ0\/1_,MEGANE CC EZ0\/1_<\/p>\n","protected":false},"featured_media":0,"template":"","meta":{"site-sidebar-layout":"default","site-content-layout":"default","ast-global-header-display":"","ast-main-header-display":"","ast-hfb-above-header-display":"","ast-hfb-below-header-display":"","ast-hfb-mobile-header-display":"","site-post-title":"","ast-breadcrumbs-content":"","ast-featured-img":"","footer-sml-layout":"","theme-transparent-header-meta":"","adv-header-id-meta":"","stick-header-meta":"","header-above-stick-meta":"","header-main-stick-meta":"","header-below-stick-meta":""},"pwb-brand":[84],"product_cat":[66],"product_tag":[],"class_list":{"0":"post-9030","1":"product","2":"type-product","3":"status-publish","5":"pwb-brand-meyle","6":"product_cat-jarrulevyt","7":"desktop-align-left","8":"tablet-align-left","9":"mobile-align-left","11":"first","12":"instock","13":"product-type-external"},"brands":[{"id":84,"name":"MEYLE","slug":"meyle"}],"_links":{"self":[{"href":"https:\/\/www.autonvaraosahaku.fi\/index.php?rest_route=\/wp\/v2\/product\/9030","targetHints":{"allow":["GET"]}}],"collection":[{"href":"https:\/\/www.autonvaraosahaku.fi\/index.php?rest_route=\/wp\/v2\/product"}],"about":[{"href":"https:\/\/www.autonvaraosahaku.fi\/index.php?rest_route=\/wp\/v2\/types\/product"}],"wp:attachment":[{"href":"https:\/\/www.autonvaraosahaku.fi\/index.php?rest_route=%2Fwp%2Fv2%2Fmedia&parent=9030"}],"wp:term":[{"taxonomy":"pwb-brand","embeddable":true,"href":"https:\/\/www.autonvaraosahaku.fi\/index.php?rest_route=%2Fwp%2Fv2%2Fpwb-brand&post=9030"},{"taxonomy":"product_cat","embeddable":true,"href":"https:\/\/www.autonvaraosahaku.fi\/index.php?rest_route=%2Fwp%2Fv2%2Fproduct_cat&post=9030"},{"taxonomy":"product_tag","embeddable":true,"href":"https:\/\/www.autonvaraosahaku.fi\/index.php?rest_route=%2Fwp%2Fv2%2Fproduct_tag&post=9030"}],"curies":[{"name":"wp","href":"https:\/\/api.w.org\/{rel}","templated":true}]}}