{"id":90315,"date":"2021-02-21T21:21:16","date_gmt":"2021-02-21T21:21:16","guid":{"rendered":"https:\/\/www.autonvaraosahaku.fi\/?product=elring-023-520-kampiakselin-tiiviste"},"modified":"2021-02-21T21:21:20","modified_gmt":"2021-02-21T21:21:20","slug":"elring-023-520-kampiakselin-tiiviste","status":"publish","type":"product","link":"https:\/\/www.autonvaraosahaku.fi\/?product=elring-023-520-kampiakselin-tiiviste","title":{"rendered":"ELRING 023.520 Kampiakselin tiiviste"},"content":{"rendered":"<p>Sis\u00e4l\u00e4pimitta [mm]: 38; Ulkol\u00e4pimitta [mm]: 52; Korkeus (mm): 6; Akselitiivisteen malli: ASW; Rihlamalli: Oikea kierre; Materiaali: FPM (fluori-kumi); Suojavaippa: Suojakumilla; MAZDA: CX-5 KE, GH,2 DY,3 BM,6 Kombi GJ, GH,6 Stufenheck GJ, GH,3 Stufenheck BM,121 III JASM, JBSM,CX-5 KF; KIA: K2900; VOLVO: V50 MW,C30,S40 II MS; DAIHATSU: CUORE VII L251,CUORE VI L7_,MATERIA M4_,TREVIS,SIRION M1,YRV M2,CUORE IV L501,MOVE L6, L9,MOVE L6_,CUORE III L201,CUORE II L80, L81; FORD: FIESTA V JH_, JD_,FOCUS II Kombi DA_,FIESTA VI,FOCUS Kombi DNW,FOCUS II DA_,FOCUS DAW, DBW,FOCUS C-MAX,FIESTA IV JA_, JB_,FUSION JU_,C-MAX DM2,FOCUS III,FOCUS Stufenheck DFW,FOCUS II Stufenheck DA_,B-MAX JK,FOCUS II Cabriolet,PUMA EC_,FIESTA VI Van,FIESTA Kasten J5_, J3_,COURIER Pick-up F3 F5,B-MAX Van; INNOCENTI: MINI; 3721003066, 1004302, 1077686, 1471482, 6M5G6K292BA, 96MM6K292A2A, 96MM6K292A2B, 1E1110602, 1E1110602A, 30711647, 31216283, 31330415; Akselitiiviste, Kampiakseli<\/p>\n","protected":false},"excerpt":{"rendered":"<p>ELRING Kampiakselin Tiiviste 023.520 Akselitiiviste, Kampiakseli MAZDA,KIA,VOLVO,CX-5 KE, GH,2 DY,3 BM,6 Kombi GJ, GH,6 Stufenheck GJ, GH<\/p>\n","protected":false},"featured_media":0,"template":"","meta":{"site-sidebar-layout":"default","site-content-layout":"default","ast-global-header-display":"","ast-main-header-display":"","ast-hfb-above-header-display":"","ast-hfb-below-header-display":"","ast-hfb-mobile-header-display":"","site-post-title":"","ast-breadcrumbs-content":"","ast-featured-img":"","footer-sml-layout":"","theme-transparent-header-meta":"","adv-header-id-meta":"","stick-header-meta":"","header-above-stick-meta":"","header-main-stick-meta":"","header-below-stick-meta":""},"pwb-brand":[26],"product_cat":[88],"product_tag":[],"class_list":{"0":"post-90315","1":"product","2":"type-product","3":"status-publish","5":"pwb-brand-elring","6":"product_cat-kampiakselin-tiiviste","7":"desktop-align-left","8":"tablet-align-left","9":"mobile-align-left","11":"first","12":"instock","13":"product-type-external"},"brands":[{"id":26,"name":"ELRING","slug":"elring"}],"_links":{"self":[{"href":"https:\/\/www.autonvaraosahaku.fi\/index.php?rest_route=\/wp\/v2\/product\/90315","targetHints":{"allow":["GET"]}}],"collection":[{"href":"https:\/\/www.autonvaraosahaku.fi\/index.php?rest_route=\/wp\/v2\/product"}],"about":[{"href":"https:\/\/www.autonvaraosahaku.fi\/index.php?rest_route=\/wp\/v2\/types\/product"}],"wp:attachment":[{"href":"https:\/\/www.autonvaraosahaku.fi\/index.php?rest_route=%2Fwp%2Fv2%2Fmedia&parent=90315"}],"wp:term":[{"taxonomy":"pwb-brand","embeddable":true,"href":"https:\/\/www.autonvaraosahaku.fi\/index.php?rest_route=%2Fwp%2Fv2%2Fpwb-brand&post=90315"},{"taxonomy":"product_cat","embeddable":true,"href":"https:\/\/www.autonvaraosahaku.fi\/index.php?rest_route=%2Fwp%2Fv2%2Fproduct_cat&post=90315"},{"taxonomy":"product_tag","embeddable":true,"href":"https:\/\/www.autonvaraosahaku.fi\/index.php?rest_route=%2Fwp%2Fv2%2Fproduct_tag&post=90315"}],"curies":[{"name":"wp","href":"https:\/\/api.w.org\/{rel}","templated":true}]}}