{"id":90329,"date":"2021-02-21T21:21:16","date_gmt":"2021-02-21T21:21:16","guid":{"rendered":"https:\/\/www.autonvaraosahaku.fi\/?product=ate-24-0711-6198-3-abs-anturi"},"modified":"2021-02-21T21:21:27","modified_gmt":"2021-02-21T21:21:27","slug":"ate-24-0711-6198-3-abs-anturi","status":"publish","type":"product","link":"https:\/\/www.autonvaraosahaku.fi\/?product=ate-24-0711-6198-3-abs-anturi","title":{"rendered":"ATE 24.0711-6198.3 ABS anturi"},"content":{"rendered":"<p>Pituus (mm): 660; MAPP-koodi saatavilla: ; Tarvittava kappalem\u00e4\u00e4r\u00e4: 2; BMW: 3 Touring E91,3 E90,1 E87,1 E81,3 Coupe E92,3 Cabriolet E93,1 Cabriolet E88,1 Coupe E82; 34526762465; ABS Tunnistin,Tunnistin, Kiertonopeus<\/p>\n","protected":false},"excerpt":{"rendered":"<p>ATE ABS Anturi 24.0711-6198.3 ABS Tunnistin,Tunnistin, Kiertonopeus BMW,3 Touring E91,3 E90,1 E87,1 E81,3 Coupe E92,3 Cabriolet E93,1 Cabriolet E88<\/p>\n","protected":false},"featured_media":0,"template":"","meta":{"site-sidebar-layout":"default","site-content-layout":"default","ast-global-header-display":"","ast-main-header-display":"","ast-hfb-above-header-display":"","ast-hfb-below-header-display":"","ast-hfb-mobile-header-display":"","site-post-title":"","ast-breadcrumbs-content":"","ast-featured-img":"","footer-sml-layout":"","theme-transparent-header-meta":"","adv-header-id-meta":"","stick-header-meta":"","header-above-stick-meta":"","header-main-stick-meta":"","header-below-stick-meta":""},"pwb-brand":[108],"product_cat":[118],"product_tag":[],"class_list":{"0":"post-90329","1":"product","2":"type-product","3":"status-publish","5":"pwb-brand-ate","6":"product_cat-abs-anturi","7":"desktop-align-left","8":"tablet-align-left","9":"mobile-align-left","11":"first","12":"instock","13":"product-type-external"},"brands":[{"id":108,"name":"ATE","slug":"ate"}],"_links":{"self":[{"href":"https:\/\/www.autonvaraosahaku.fi\/index.php?rest_route=\/wp\/v2\/product\/90329","targetHints":{"allow":["GET"]}}],"collection":[{"href":"https:\/\/www.autonvaraosahaku.fi\/index.php?rest_route=\/wp\/v2\/product"}],"about":[{"href":"https:\/\/www.autonvaraosahaku.fi\/index.php?rest_route=\/wp\/v2\/types\/product"}],"wp:attachment":[{"href":"https:\/\/www.autonvaraosahaku.fi\/index.php?rest_route=%2Fwp%2Fv2%2Fmedia&parent=90329"}],"wp:term":[{"taxonomy":"pwb-brand","embeddable":true,"href":"https:\/\/www.autonvaraosahaku.fi\/index.php?rest_route=%2Fwp%2Fv2%2Fpwb-brand&post=90329"},{"taxonomy":"product_cat","embeddable":true,"href":"https:\/\/www.autonvaraosahaku.fi\/index.php?rest_route=%2Fwp%2Fv2%2Fproduct_cat&post=90329"},{"taxonomy":"product_tag","embeddable":true,"href":"https:\/\/www.autonvaraosahaku.fi\/index.php?rest_route=%2Fwp%2Fv2%2Fproduct_tag&post=90329"}],"curies":[{"name":"wp","href":"https:\/\/api.w.org\/{rel}","templated":true}]}}