{"id":90334,"date":"2021-02-21T21:21:29","date_gmt":"2021-02-21T21:21:29","guid":{"rendered":"https:\/\/www.autonvaraosahaku.fi\/?product=ate-03-3590-0044-1-muut-luokat"},"modified":"2021-02-21T21:21:32","modified_gmt":"2021-02-21T21:21:32","slug":"ate-03-3590-0044-1-muut-luokat","status":"publish","type":"product","link":"https:\/\/www.autonvaraosahaku.fi\/?product=ate-03-3590-0044-1-muut-luokat","title":{"rendered":"ATE 03.3590-0044.1 Muut luokat"},"content":{"rendered":"<p>L\u00e4pimitta [mm]: 13,0; Sis\u00e4l\u00e4pimitta [mm]: 4,7; Korkeus (mm): 8,0; 11600260520017, 60724244, 60748280, 700118, 11600260520017, 60724244, 60748280, 700118, 0004316087, A0004316087<\/p>\n","protected":false},"excerpt":{"rendered":"<p>ATE Korkki \/ Kansi 03.3590-0044.1<\/p>\n","protected":false},"featured_media":0,"template":"","meta":{"site-sidebar-layout":"default","site-content-layout":"default","ast-global-header-display":"","ast-main-header-display":"","ast-hfb-above-header-display":"","ast-hfb-below-header-display":"","ast-hfb-mobile-header-display":"","site-post-title":"","ast-breadcrumbs-content":"","ast-featured-img":"","footer-sml-layout":"","theme-transparent-header-meta":"","adv-header-id-meta":"","stick-header-meta":"","header-above-stick-meta":"","header-main-stick-meta":"","header-below-stick-meta":""},"pwb-brand":[108],"product_cat":[37],"product_tag":[],"class_list":{"0":"post-90334","1":"product","2":"type-product","3":"status-publish","5":"pwb-brand-ate","6":"product_cat-muut-luokat","7":"desktop-align-left","8":"tablet-align-left","9":"mobile-align-left","11":"first","12":"instock","13":"product-type-external"},"brands":[{"id":108,"name":"ATE","slug":"ate"}],"_links":{"self":[{"href":"https:\/\/www.autonvaraosahaku.fi\/index.php?rest_route=\/wp\/v2\/product\/90334","targetHints":{"allow":["GET"]}}],"collection":[{"href":"https:\/\/www.autonvaraosahaku.fi\/index.php?rest_route=\/wp\/v2\/product"}],"about":[{"href":"https:\/\/www.autonvaraosahaku.fi\/index.php?rest_route=\/wp\/v2\/types\/product"}],"wp:attachment":[{"href":"https:\/\/www.autonvaraosahaku.fi\/index.php?rest_route=%2Fwp%2Fv2%2Fmedia&parent=90334"}],"wp:term":[{"taxonomy":"pwb-brand","embeddable":true,"href":"https:\/\/www.autonvaraosahaku.fi\/index.php?rest_route=%2Fwp%2Fv2%2Fpwb-brand&post=90334"},{"taxonomy":"product_cat","embeddable":true,"href":"https:\/\/www.autonvaraosahaku.fi\/index.php?rest_route=%2Fwp%2Fv2%2Fproduct_cat&post=90334"},{"taxonomy":"product_tag","embeddable":true,"href":"https:\/\/www.autonvaraosahaku.fi\/index.php?rest_route=%2Fwp%2Fv2%2Fproduct_tag&post=90334"}],"curies":[{"name":"wp","href":"https:\/\/api.w.org\/{rel}","templated":true}]}}