{"id":90357,"date":"2021-02-21T21:21:42","date_gmt":"2021-02-21T21:21:42","guid":{"rendered":"https:\/\/www.autonvaraosahaku.fi\/?product=ridex-7o0051-oljynsuodatin"},"modified":"2021-02-21T21:21:47","modified_gmt":"2021-02-21T21:21:47","slug":"ridex-7o0051-oljynsuodatin","status":"publish","type":"product","link":"https:\/\/www.autonvaraosahaku.fi\/?product=ridex-7o0051-oljynsuodatin","title":{"rendered":"RIDEX 7O0051 \u00d6ljynsuodatin"},"content":{"rendered":"<p>Suodatintyyppi: Suodatinpanos; L\u00e4pimitta [mm]: 71; L\u00e4pimitta 1 [mm]: 29; Korkeus (mm): 82; Rakennemalli: ; LEXUS: IS II GSE2_, ALE2_, USE2_,GS GRS19_, UZS19_, GWS19_,IS III GSE3_, AVE3_,LS UVF4_, USF4_,GS GRL1_, GWL1_,IS C GSE2_,GX URJ15_,LS VXFA5_; TOYOTA: AVENSIS Kombi T25,COROLLA Verso ZER_, ZZE12_, R1_,AURIS NRE15_, ZZE15_, ADE15_, ZRE15_, NDE15_,RAV 4 III ACA3_, ACE_, ALA3_, GSA3_, ZSA3_,AVENSIS Station Wagon ZRT27, ADT27,VERSO _AUR2_, _ZGR2_,AVENSIS T25_,AURIS NZE18_, ZRE18_,AVENSIS Stufenheck T25,AURIS TOURING SPORTS ADE18_, ZWE18_, ZRE18_,AVENSIS Stufenheck ZRT27, ADT27,RAV 4 IV ZSA4_, ALA4_,LAND CRUISER KDJ12_, GRJ12_,HILUX III Pick-up TGN1_, GGN2_, GGN1_, KUN2_, KUN1_,LAND CRUISER 150 KDJ15_, GRJ15_,COROLLA Stufenheck E15_,FJ CRUISER GSJ1_,HIACE IV Kasten TRH2_, KDH2_,HIACE \/ COMMUTER IV TRH2_, KDH2_; 041520R010, 0415231060, 0415231080, 0415238010, 04152YZZA3, 04152YZZA5, 415231060, 415231080, 4152YZZA5, 0415131060, 041520R010, 0415226010, 0415231020, 0415231030, 0415231040, 0415231050, 0415231060, 0415231080, 0415238010, 04152YZZA2, 04152YZZA3, 04152YZZA5, 1415231080, 15613YZZA2, 415231050, 415231060, 415238010<\/p>\n","protected":false},"excerpt":{"rendered":"<p>RIDEX \u00d6ljynsuodatin 7O0051  LEXUS,TOYOTA,IS II GSE2_, ALE2_, USE2_,GS GRS19_, UZS19_, GWS19_,IS III GSE3_, AVE3_,LS UVF4_, USF4_,GS GRL1_, GWL1_<\/p>\n","protected":false},"featured_media":0,"template":"","meta":{"site-sidebar-layout":"default","site-content-layout":"default","ast-global-header-display":"","ast-main-header-display":"","ast-hfb-above-header-display":"","ast-hfb-below-header-display":"","ast-hfb-mobile-header-display":"","site-post-title":"","ast-breadcrumbs-content":"","ast-featured-img":"","footer-sml-layout":"","theme-transparent-header-meta":"","adv-header-id-meta":"","stick-header-meta":"","header-above-stick-meta":"","header-main-stick-meta":"","header-below-stick-meta":""},"pwb-brand":[157],"product_cat":[30],"product_tag":[],"class_list":{"0":"post-90357","1":"product","2":"type-product","3":"status-publish","5":"pwb-brand-ridex","6":"product_cat-oljynsuodatin","7":"desktop-align-left","8":"tablet-align-left","9":"mobile-align-left","11":"first","12":"instock","13":"product-type-external"},"brands":[{"id":157,"name":"RIDEX","slug":"ridex"}],"_links":{"self":[{"href":"https:\/\/www.autonvaraosahaku.fi\/index.php?rest_route=\/wp\/v2\/product\/90357","targetHints":{"allow":["GET"]}}],"collection":[{"href":"https:\/\/www.autonvaraosahaku.fi\/index.php?rest_route=\/wp\/v2\/product"}],"about":[{"href":"https:\/\/www.autonvaraosahaku.fi\/index.php?rest_route=\/wp\/v2\/types\/product"}],"wp:attachment":[{"href":"https:\/\/www.autonvaraosahaku.fi\/index.php?rest_route=%2Fwp%2Fv2%2Fmedia&parent=90357"}],"wp:term":[{"taxonomy":"pwb-brand","embeddable":true,"href":"https:\/\/www.autonvaraosahaku.fi\/index.php?rest_route=%2Fwp%2Fv2%2Fpwb-brand&post=90357"},{"taxonomy":"product_cat","embeddable":true,"href":"https:\/\/www.autonvaraosahaku.fi\/index.php?rest_route=%2Fwp%2Fv2%2Fproduct_cat&post=90357"},{"taxonomy":"product_tag","embeddable":true,"href":"https:\/\/www.autonvaraosahaku.fi\/index.php?rest_route=%2Fwp%2Fv2%2Fproduct_tag&post=90357"}],"curies":[{"name":"wp","href":"https:\/\/api.w.org\/{rel}","templated":true}]}}