{"id":90360,"date":"2021-02-21T21:21:42","date_gmt":"2021-02-21T21:21:42","guid":{"rendered":"https:\/\/www.autonvaraosahaku.fi\/?product=ridex-7o0061-oljynsuodatin"},"modified":"2021-02-21T21:21:48","modified_gmt":"2021-02-21T21:21:48","slug":"ridex-7o0061-oljynsuodatin","status":"publish","type":"product","link":"https:\/\/www.autonvaraosahaku.fi\/?product=ridex-7o0061-oljynsuodatin","title":{"rendered":"RIDEX 7O0061 \u00d6ljynsuodatin"},"content":{"rendered":"<p>Suodatintyyppi: Suodatinpanos; Korkeus (mm): 80,3; Korkeus 1 (mm): 76,4; L\u00e4pimitta [mm]: 72,5; Sis\u00e4l\u00e4pimitta 1 [mm]: 31,5, 31,50; L\u00e4pimitta 4 [mm]: 31,5, 31,5; Tiivisteen l\u00e4pimitta [mm]: 31,5; Sis\u00e4l\u00e4pimitta [mm]: 31,5; Paino [g]: 0,16; Korkeus (tuumaa): 3,35; Leveys (tuumaa): 2,95; Pituus (tuumaa): 2,95; BMW: 3 E46,3 Touring E91,3 E90,5 E60,1 E87,5 Touring E61,3 Touring E46,X3 E83,3 Compact E46,3 Coupe E46,X1 E84,1 E81,3 Coupe E92,3 Cabriolet E46,Z4 E85,3 Cabriolet E93,1 Cabriolet E88,1 Coupe E82; 11427501676, 11427501676OD, 11427508969, 11427530668, 11427619232, 11427619319, 7508969, 7530668, 7619319<\/p>\n","protected":false},"excerpt":{"rendered":"<p>RIDEX \u00d6ljynsuodatin 7O0061  BMW,3 E46,3 Touring E91,3 E90,5 E60,1 E87,5 Touring E61,3 Touring E46,X3 E83,3 Compact E46,3 Coupe E46,X1 E84,1 E81<\/p>\n","protected":false},"featured_media":0,"template":"","meta":{"site-sidebar-layout":"default","site-content-layout":"default","ast-global-header-display":"","ast-main-header-display":"","ast-hfb-above-header-display":"","ast-hfb-below-header-display":"","ast-hfb-mobile-header-display":"","site-post-title":"","ast-breadcrumbs-content":"","ast-featured-img":"","footer-sml-layout":"","theme-transparent-header-meta":"","adv-header-id-meta":"","stick-header-meta":"","header-above-stick-meta":"","header-main-stick-meta":"","header-below-stick-meta":""},"pwb-brand":[157],"product_cat":[30],"product_tag":[],"class_list":{"0":"post-90360","1":"product","2":"type-product","3":"status-publish","5":"pwb-brand-ridex","6":"product_cat-oljynsuodatin","7":"desktop-align-left","8":"tablet-align-left","9":"mobile-align-left","11":"first","12":"instock","13":"product-type-external"},"brands":[{"id":157,"name":"RIDEX","slug":"ridex"}],"_links":{"self":[{"href":"https:\/\/www.autonvaraosahaku.fi\/index.php?rest_route=\/wp\/v2\/product\/90360","targetHints":{"allow":["GET"]}}],"collection":[{"href":"https:\/\/www.autonvaraosahaku.fi\/index.php?rest_route=\/wp\/v2\/product"}],"about":[{"href":"https:\/\/www.autonvaraosahaku.fi\/index.php?rest_route=\/wp\/v2\/types\/product"}],"wp:attachment":[{"href":"https:\/\/www.autonvaraosahaku.fi\/index.php?rest_route=%2Fwp%2Fv2%2Fmedia&parent=90360"}],"wp:term":[{"taxonomy":"pwb-brand","embeddable":true,"href":"https:\/\/www.autonvaraosahaku.fi\/index.php?rest_route=%2Fwp%2Fv2%2Fpwb-brand&post=90360"},{"taxonomy":"product_cat","embeddable":true,"href":"https:\/\/www.autonvaraosahaku.fi\/index.php?rest_route=%2Fwp%2Fv2%2Fproduct_cat&post=90360"},{"taxonomy":"product_tag","embeddable":true,"href":"https:\/\/www.autonvaraosahaku.fi\/index.php?rest_route=%2Fwp%2Fv2%2Fproduct_tag&post=90360"}],"curies":[{"name":"wp","href":"https:\/\/api.w.org\/{rel}","templated":true}]}}