{"id":90372,"date":"2021-02-21T21:21:55","date_gmt":"2021-02-21T21:21:55","guid":{"rendered":"https:\/\/www.autonvaraosahaku.fi\/?product=ridex-1382f0040-polttoainepumppu"},"modified":"2021-02-21T21:21:57","modified_gmt":"2021-02-21T21:21:57","slug":"ridex-1382f0040-polttoainepumppu","status":"publish","type":"product","link":"https:\/\/www.autonvaraosahaku.fi\/?product=ridex-1382f0040-polttoainepumppu","title":{"rendered":"RIDEX 1382F0040 Polttoainepumppu"},"content":{"rendered":"<p>Asennuspuoli: polttoaines\u00e4ili\u00f6ss\u00e4, rechts; K\u00e4ytt\u00f6: S\u00e4hk\u00f6inen; Liittimi\u00e4: 4; Siirtom\u00e4\u00e4r\u00e4 (l\/h): 120; Lis\u00e4tarvike\/lis\u00e4tieto: S\u00e4ili\u00f6n anturilla; BMW: 3 E46,3 Touring E46,3 Compact E46,3 Coupe E46,3 Cabriolet E46,3 Cabriolet E36; 16141184276, 16146752499, 16146766942; Polttoaineen Sy\u00f6tt\u00f6yksikk\u00f6<\/p>\n","protected":false},"excerpt":{"rendered":"<p>RIDEX Polttoainepumppu 1382F0040 Polttoaineen Sy\u00f6tt\u00f6yksikk\u00f6 BMW,3 E46,3 Touring E46,3 Compact E46,3 Coupe E46,3 Cabriolet E46,3 Cabriolet E36<\/p>\n","protected":false},"featured_media":0,"template":"","meta":{"site-sidebar-layout":"default","site-content-layout":"default","ast-global-header-display":"","ast-main-header-display":"","ast-hfb-above-header-display":"","ast-hfb-below-header-display":"","ast-hfb-mobile-header-display":"","site-post-title":"","ast-breadcrumbs-content":"","ast-featured-img":"","footer-sml-layout":"","theme-transparent-header-meta":"","adv-header-id-meta":"","stick-header-meta":"","header-above-stick-meta":"","header-main-stick-meta":"","header-below-stick-meta":""},"pwb-brand":[157],"product_cat":[73],"product_tag":[],"class_list":{"0":"post-90372","1":"product","2":"type-product","3":"status-publish","5":"pwb-brand-ridex","6":"product_cat-polttoainepumppu","7":"desktop-align-left","8":"tablet-align-left","9":"mobile-align-left","11":"first","12":"instock","13":"product-type-external"},"brands":[{"id":157,"name":"RIDEX","slug":"ridex"}],"_links":{"self":[{"href":"https:\/\/www.autonvaraosahaku.fi\/index.php?rest_route=\/wp\/v2\/product\/90372","targetHints":{"allow":["GET"]}}],"collection":[{"href":"https:\/\/www.autonvaraosahaku.fi\/index.php?rest_route=\/wp\/v2\/product"}],"about":[{"href":"https:\/\/www.autonvaraosahaku.fi\/index.php?rest_route=\/wp\/v2\/types\/product"}],"wp:attachment":[{"href":"https:\/\/www.autonvaraosahaku.fi\/index.php?rest_route=%2Fwp%2Fv2%2Fmedia&parent=90372"}],"wp:term":[{"taxonomy":"pwb-brand","embeddable":true,"href":"https:\/\/www.autonvaraosahaku.fi\/index.php?rest_route=%2Fwp%2Fv2%2Fpwb-brand&post=90372"},{"taxonomy":"product_cat","embeddable":true,"href":"https:\/\/www.autonvaraosahaku.fi\/index.php?rest_route=%2Fwp%2Fv2%2Fproduct_cat&post=90372"},{"taxonomy":"product_tag","embeddable":true,"href":"https:\/\/www.autonvaraosahaku.fi\/index.php?rest_route=%2Fwp%2Fv2%2Fproduct_tag&post=90372"}],"curies":[{"name":"wp","href":"https:\/\/api.w.org\/{rel}","templated":true}]}}