{"id":9038,"date":"2021-02-21T14:04:44","date_gmt":"2021-02-21T14:04:44","guid":{"rendered":"https:\/\/www.autonvaraosahaku.fi\/?product=febi-bilstein-48542-oljynsuodatin"},"modified":"2021-02-21T14:04:46","modified_gmt":"2021-02-21T14:04:46","slug":"febi-bilstein-48542-oljynsuodatin","status":"publish","type":"product","link":"https:\/\/www.autonvaraosahaku.fi\/?product=febi-bilstein-48542-oljynsuodatin","title":{"rendered":"FEBI BILSTEIN 48542 \u00d6ljynsuodatin"},"content":{"rendered":"<p>Suodatintyyppi: Suodatinpanos, Suodatinpanos; Sis\u00e4l\u00e4pimitta [mm]: 27,0; Korkeus (mm): 147; Ulkol\u00e4pimitta [mm]: 57,5; Tiivisteen l\u00e4pimitta [mm]: 62,5; Paino [kg]: 0,03, 0,03; Moottorinumero: M157; MERCEDES-BENZ: E-CLASS W212,E-CLASS T-Model S212,A-CLASS W176,S-CLASS W221,M-CLASS W166,G-CLASS W463,E-CLASS Coupe C207,CLA Coupe C117,SLK R172,E-CLASS Cabriolet A207,CLS C218,S-CLASS Coupe C216,CLS Shooting Brake X218,S-CLASS W222, V222, X222,GL-CLASS X166,SL R231,C-CLASS T-Model S205,C-CLASS W205,GLA-CLASS X156,CLA Shooting Brake X117,GLC X253,GLE W166,C-CLASS Coupe C205,GLC Coupe C253,GLE Coupe C292,AMG GT \/ GT S C190,GLS X166,C-CLASS Cabriolet A205,S-CLASS Coupe C217,S-CLASS Cabriolet A217; 2781800009, A2781800009<\/p>\n","protected":false},"excerpt":{"rendered":"<p>FEBI BILSTEIN \u00d6ljynsuodatin 48542  MERCEDES-BENZ,E-CLASS W212,E-CLASS T-Model S212,A-CLASS W176,S-CLASS W221,M-CLASS W166,G-CLASS W463<\/p>\n","protected":false},"featured_media":0,"template":"","meta":{"site-sidebar-layout":"default","site-content-layout":"default","ast-global-header-display":"","ast-main-header-display":"","ast-hfb-above-header-display":"","ast-hfb-below-header-display":"","ast-hfb-mobile-header-display":"","site-post-title":"","ast-breadcrumbs-content":"","ast-featured-img":"","footer-sml-layout":"","theme-transparent-header-meta":"","adv-header-id-meta":"","stick-header-meta":"","header-above-stick-meta":"","header-main-stick-meta":"","header-below-stick-meta":""},"pwb-brand":[50],"product_cat":[30],"product_tag":[],"class_list":{"0":"post-9038","1":"product","2":"type-product","3":"status-publish","5":"pwb-brand-febi-bilstein","6":"product_cat-oljynsuodatin","7":"desktop-align-left","8":"tablet-align-left","9":"mobile-align-left","11":"first","12":"instock","13":"product-type-external"},"brands":[{"id":50,"name":"FEBI BILSTEIN","slug":"febi-bilstein"}],"_links":{"self":[{"href":"https:\/\/www.autonvaraosahaku.fi\/index.php?rest_route=\/wp\/v2\/product\/9038","targetHints":{"allow":["GET"]}}],"collection":[{"href":"https:\/\/www.autonvaraosahaku.fi\/index.php?rest_route=\/wp\/v2\/product"}],"about":[{"href":"https:\/\/www.autonvaraosahaku.fi\/index.php?rest_route=\/wp\/v2\/types\/product"}],"wp:attachment":[{"href":"https:\/\/www.autonvaraosahaku.fi\/index.php?rest_route=%2Fwp%2Fv2%2Fmedia&parent=9038"}],"wp:term":[{"taxonomy":"pwb-brand","embeddable":true,"href":"https:\/\/www.autonvaraosahaku.fi\/index.php?rest_route=%2Fwp%2Fv2%2Fpwb-brand&post=9038"},{"taxonomy":"product_cat","embeddable":true,"href":"https:\/\/www.autonvaraosahaku.fi\/index.php?rest_route=%2Fwp%2Fv2%2Fproduct_cat&post=9038"},{"taxonomy":"product_tag","embeddable":true,"href":"https:\/\/www.autonvaraosahaku.fi\/index.php?rest_route=%2Fwp%2Fv2%2Fproduct_tag&post=9038"}],"curies":[{"name":"wp","href":"https:\/\/api.w.org\/{rel}","templated":true}]}}