{"id":90383,"date":"2021-02-21T21:21:55","date_gmt":"2021-02-21T21:21:55","guid":{"rendered":"https:\/\/www.autonvaraosahaku.fi\/?product=pierburg-7-01002-09-0-kaasulappakotelo"},"modified":"2021-02-21T21:22:03","modified_gmt":"2021-02-21T21:22:03","slug":"pierburg-7-01002-09-0-kaasulappakotelo","status":"publish","type":"product","link":"https:\/\/www.autonvaraosahaku.fi\/?product=pierburg-7-01002-09-0-kaasulappakotelo","title":{"rendered":"PIERBURG 7.01002.09.0 Kaasul\u00e4pp\u00e4kotelo"},"content":{"rendered":"<p>K\u00e4ytt\u00f6: S\u00e4hk\u00f6inen; L\u00e4pimitta [mm]: 50; J\u00e4nnite (V): 12; Teknisten tietojen numero: SI 0092; TECDOC-moottorinumero: 24921; LAND ROVER: FREELANDER 2 FA_,RANGE ROVER EVOQUE LV,DISCOVERY SPORT LC; JAGUAR: XF _J05_, CC9,XF SPORTBRAKE CC9; LANCIA: PHEDRA 179; FORD: MONDEO IV Turnier BA7,S-MAX WA6,GALAXY WA6,MONDEO IV BA7,MONDEO IV Stufenheck BA7; FIAT: ULYSSE 179AX; CITRO\u00cbN: C5 III Break TD_,C8 EA_, EB_,C5 II Break RE_,C5 III RD_,C5 II RC_,C-CROSSER EP_,C6 TD_,C-CROSSER ENTERPRISE; PEUGEOT: 407 SW 6E_,807 E,508 SW,607 9D, 9U,407 6D_,4007 GP_,508; MITSUBISHI: OUTLANDER XL II CW_W; 0345E0, 0345F7, 9656932580, 9687888280, 9656932580, 9687888280, 1427361, 1566190, 6G9Q9E926BA, 6G9Q9E926CA, C2Z15660, 9656932580, 9687888280, LR001001, LR012598, 1450A120, 1450A164, 0345E0, 0345F7, 9656932580, 9687888280<\/p>\n","protected":false},"excerpt":{"rendered":"<p>PIERBURG Ohjainl\u00e4pp\u00e4, Ilmankierto 7.01002.09.0  LAND ROVER,JAGUAR,LANCIA,FREELANDER 2 FA_,RANGE ROVER EVOQUE LV,DISCOVERY SPORT LC,XF _J05_, CC9<\/p>\n","protected":false},"featured_media":0,"template":"","meta":{"site-sidebar-layout":"default","site-content-layout":"default","ast-global-header-display":"","ast-main-header-display":"","ast-hfb-above-header-display":"","ast-hfb-below-header-display":"","ast-hfb-mobile-header-display":"","site-post-title":"","ast-breadcrumbs-content":"","ast-featured-img":"","footer-sml-layout":"","theme-transparent-header-meta":"","adv-header-id-meta":"","stick-header-meta":"","header-above-stick-meta":"","header-main-stick-meta":"","header-below-stick-meta":""},"pwb-brand":[380],"product_cat":[277],"product_tag":[],"class_list":{"0":"post-90383","1":"product","2":"type-product","3":"status-publish","5":"pwb-brand-pierburg","6":"product_cat-kaasulappakotelo","7":"desktop-align-left","8":"tablet-align-left","9":"mobile-align-left","11":"first","12":"instock","13":"product-type-external"},"brands":[{"id":380,"name":"PIERBURG","slug":"pierburg"}],"_links":{"self":[{"href":"https:\/\/www.autonvaraosahaku.fi\/index.php?rest_route=\/wp\/v2\/product\/90383","targetHints":{"allow":["GET"]}}],"collection":[{"href":"https:\/\/www.autonvaraosahaku.fi\/index.php?rest_route=\/wp\/v2\/product"}],"about":[{"href":"https:\/\/www.autonvaraosahaku.fi\/index.php?rest_route=\/wp\/v2\/types\/product"}],"wp:attachment":[{"href":"https:\/\/www.autonvaraosahaku.fi\/index.php?rest_route=%2Fwp%2Fv2%2Fmedia&parent=90383"}],"wp:term":[{"taxonomy":"pwb-brand","embeddable":true,"href":"https:\/\/www.autonvaraosahaku.fi\/index.php?rest_route=%2Fwp%2Fv2%2Fpwb-brand&post=90383"},{"taxonomy":"product_cat","embeddable":true,"href":"https:\/\/www.autonvaraosahaku.fi\/index.php?rest_route=%2Fwp%2Fv2%2Fproduct_cat&post=90383"},{"taxonomy":"product_tag","embeddable":true,"href":"https:\/\/www.autonvaraosahaku.fi\/index.php?rest_route=%2Fwp%2Fv2%2Fproduct_tag&post=90383"}],"curies":[{"name":"wp","href":"https:\/\/api.w.org\/{rel}","templated":true}]}}