{"id":9039,"date":"2021-02-21T14:04:47","date_gmt":"2021-02-21T14:04:47","guid":{"rendered":"https:\/\/www.autonvaraosahaku.fi\/?product=original-imperium-30021-pakoputken-asennussarja"},"modified":"2021-02-21T14:04:47","modified_gmt":"2021-02-21T14:04:47","slug":"original-imperium-30021-pakoputken-asennussarja","status":"publish","type":"product","link":"https:\/\/www.autonvaraosahaku.fi\/?product=original-imperium-30021-pakoputken-asennussarja","title":{"rendered":"ORIGINAL IMPERIUM 30021 Pakoputken asennussarja"},"content":{"rendered":"<p>Materiaali: Kumi; Tarvittava kappalem\u00e4\u00e4r\u00e4: 1; Paino [g]: 101; Paksuus [mm]: 40, 18; Sis\u00e4l\u00e4pimitta [mm]: 44; Ulkol\u00e4pimitta [mm]: 80; Korimalli: Kombi; BMW: 3 E30,5 E34,3 Cabriolet E30,7 E32,5 Touring E34,5 E28,6 E24,3 Touring E30,7 E23,5 E12,Z1; 18211245985, 18211712838<\/p>\n","protected":false},"excerpt":{"rendered":"<p>ORIGINAL IMPERIUM Kiinnitin, \u00c4\u00e4nenvaimentaja 30021  BMW,3 E30,5 E34,3 Cabriolet E30,7 E32,5 Touring E34,5 E28,6 E24,3 Touring E30,7 E23,5 E12,Z1<\/p>\n","protected":false},"featured_media":0,"template":"","meta":{"site-sidebar-layout":"default","site-content-layout":"default","ast-global-header-display":"","ast-main-header-display":"","ast-hfb-above-header-display":"","ast-hfb-below-header-display":"","ast-hfb-mobile-header-display":"","site-post-title":"","ast-breadcrumbs-content":"","ast-featured-img":"","footer-sml-layout":"","theme-transparent-header-meta":"","adv-header-id-meta":"","stick-header-meta":"","header-above-stick-meta":"","header-main-stick-meta":"","header-below-stick-meta":""},"pwb-brand":[72],"product_cat":[101],"product_tag":[],"class_list":{"0":"post-9039","1":"product","2":"type-product","3":"status-publish","5":"pwb-brand-original-imperium","6":"product_cat-pakoputken-asennussarja","7":"desktop-align-left","8":"tablet-align-left","9":"mobile-align-left","11":"first","12":"instock","13":"product-type-external"},"brands":[{"id":72,"name":"ORIGINAL IMPERIUM","slug":"original-imperium"}],"_links":{"self":[{"href":"https:\/\/www.autonvaraosahaku.fi\/index.php?rest_route=\/wp\/v2\/product\/9039","targetHints":{"allow":["GET"]}}],"collection":[{"href":"https:\/\/www.autonvaraosahaku.fi\/index.php?rest_route=\/wp\/v2\/product"}],"about":[{"href":"https:\/\/www.autonvaraosahaku.fi\/index.php?rest_route=\/wp\/v2\/types\/product"}],"wp:attachment":[{"href":"https:\/\/www.autonvaraosahaku.fi\/index.php?rest_route=%2Fwp%2Fv2%2Fmedia&parent=9039"}],"wp:term":[{"taxonomy":"pwb-brand","embeddable":true,"href":"https:\/\/www.autonvaraosahaku.fi\/index.php?rest_route=%2Fwp%2Fv2%2Fpwb-brand&post=9039"},{"taxonomy":"product_cat","embeddable":true,"href":"https:\/\/www.autonvaraosahaku.fi\/index.php?rest_route=%2Fwp%2Fv2%2Fproduct_cat&post=9039"},{"taxonomy":"product_tag","embeddable":true,"href":"https:\/\/www.autonvaraosahaku.fi\/index.php?rest_route=%2Fwp%2Fv2%2Fproduct_tag&post=9039"}],"curies":[{"name":"wp","href":"https:\/\/api.w.org\/{rel}","templated":true}]}}