{"id":9040,"date":"2021-02-21T14:04:47","date_gmt":"2021-02-21T14:04:47","guid":{"rendered":"https:\/\/www.autonvaraosahaku.fi\/?product=meyle-025-247-4319-w-jarrupalat"},"modified":"2021-02-21T14:04:47","modified_gmt":"2021-02-21T14:04:47","slug":"meyle-025-247-4319-w-jarrupalat","status":"publish","type":"product","link":"https:\/\/www.autonvaraosahaku.fi\/?product=meyle-025-247-4319-w-jarrupalat","title":{"rendered":"MEYLE 025 247 4319\/W Jarrupalat"},"content":{"rendered":"<p>Asennuspuoli: Etuakseli; Leveys (mm): 188; Korkeus 1 (mm): 74,2; Korkeus 2 (mm): 73,7; Paksuus [mm]: 19,4; Kulumisvaroittimia [pro Achse]: 1; Kulumisenilmaisimen liitos: Sis. kulumisenilmaisimen; Jarruj\u00e4rjestelm\u00e4: TRW; Korvaava tuote\/korvaava tiedote 2: Huudonvaimennuspellill\u00e4; M\u00e4\u00e4r\u00e4yksikk\u00f6: Akselisarja; lis\u00e4tieto: ORIGINAL Quality; Jarrulevyl\u00e4pimitalle [mm]: 320; AUDI: A4 Avant 8K5, B8,A4 8K2, B8,Q5 8R,A5 8T3,A5 Sportback 8TA,A4 Allroad 8KH, B8,A5 Cabriolet 8F7; 8K0698151, 8K0698151B, 8K0698151D, 8K0698151E, 8K0698151G, 8K0698151H, 8K0698151J, 8K0698151K, 8R0698151, 8R0698151A; Jarrupalasarja,Jarrupala, Levyjarru<\/p>\n","protected":false},"excerpt":{"rendered":"<p>MEYLE Jarrupalat 025 247 4319\/W Jarrupalasarja,Jarrupala, Levyjarru AUDI,A4 Avant 8K5, B8,A4 8K2, B8,Q5 8R,A5 8T3,A5 Sportback 8TA,A4 Allroad 8KH, B8<\/p>\n","protected":false},"featured_media":0,"template":"","meta":{"site-sidebar-layout":"default","site-content-layout":"default","ast-global-header-display":"","ast-main-header-display":"","ast-hfb-above-header-display":"","ast-hfb-below-header-display":"","ast-hfb-mobile-header-display":"","site-post-title":"","ast-breadcrumbs-content":"","ast-featured-img":"","footer-sml-layout":"","theme-transparent-header-meta":"","adv-header-id-meta":"","stick-header-meta":"","header-above-stick-meta":"","header-main-stick-meta":"","header-below-stick-meta":""},"pwb-brand":[84],"product_cat":[100],"product_tag":[],"class_list":{"0":"post-9040","1":"product","2":"type-product","3":"status-publish","5":"pwb-brand-meyle","6":"product_cat-jarrupalat","7":"desktop-align-left","8":"tablet-align-left","9":"mobile-align-left","11":"first","12":"instock","13":"product-type-external"},"brands":[{"id":84,"name":"MEYLE","slug":"meyle"}],"_links":{"self":[{"href":"https:\/\/www.autonvaraosahaku.fi\/index.php?rest_route=\/wp\/v2\/product\/9040","targetHints":{"allow":["GET"]}}],"collection":[{"href":"https:\/\/www.autonvaraosahaku.fi\/index.php?rest_route=\/wp\/v2\/product"}],"about":[{"href":"https:\/\/www.autonvaraosahaku.fi\/index.php?rest_route=\/wp\/v2\/types\/product"}],"wp:attachment":[{"href":"https:\/\/www.autonvaraosahaku.fi\/index.php?rest_route=%2Fwp%2Fv2%2Fmedia&parent=9040"}],"wp:term":[{"taxonomy":"pwb-brand","embeddable":true,"href":"https:\/\/www.autonvaraosahaku.fi\/index.php?rest_route=%2Fwp%2Fv2%2Fpwb-brand&post=9040"},{"taxonomy":"product_cat","embeddable":true,"href":"https:\/\/www.autonvaraosahaku.fi\/index.php?rest_route=%2Fwp%2Fv2%2Fproduct_cat&post=9040"},{"taxonomy":"product_tag","embeddable":true,"href":"https:\/\/www.autonvaraosahaku.fi\/index.php?rest_route=%2Fwp%2Fv2%2Fproduct_tag&post=9040"}],"curies":[{"name":"wp","href":"https:\/\/api.w.org\/{rel}","templated":true}]}}