{"id":90401,"date":"2021-02-21T21:22:08","date_gmt":"2021-02-21T21:22:08","guid":{"rendered":"https:\/\/www.autonvaraosahaku.fi\/?product=ridex-424i0203-raitisilmasuodatin"},"modified":"2021-02-21T21:22:15","modified_gmt":"2021-02-21T21:22:15","slug":"ridex-424i0203-raitisilmasuodatin","status":"publish","type":"product","link":"https:\/\/www.autonvaraosahaku.fi\/?product=ridex-424i0203-raitisilmasuodatin","title":{"rendered":"RIDEX 424I0203 Raitisilmasuodatin"},"content":{"rendered":"<p>Suodatintyyppi: Aktiivihiilisuodatin; Pituus (mm): 255; Leveys (mm): 200; Korkeus (mm): 30; Varusteet: f\u00fcr Fahrzeuge mit Klimaanlage; CITRO\u00cbN: XSARA PICASSO N68,XSARA N1; 6447LN, 647940, 9651933980; Sis\u00e4ilmansuodatin,Suodatin, Sis\u00e4ilma<\/p>\n","protected":false},"excerpt":{"rendered":"<p>RIDEX Raitisilmasuodatin 424I0203 Sis\u00e4ilmansuodatin,Suodatin, Sis\u00e4ilma CITRO\u00cbN,XSARA PICASSO N68,XSARA N1<\/p>\n","protected":false},"featured_media":0,"template":"","meta":{"site-sidebar-layout":"default","site-content-layout":"default","ast-global-header-display":"","ast-main-header-display":"","ast-hfb-above-header-display":"","ast-hfb-below-header-display":"","ast-hfb-mobile-header-display":"","site-post-title":"","ast-breadcrumbs-content":"","ast-featured-img":"","footer-sml-layout":"","theme-transparent-header-meta":"","adv-header-id-meta":"","stick-header-meta":"","header-above-stick-meta":"","header-main-stick-meta":"","header-below-stick-meta":""},"pwb-brand":[157],"product_cat":[19],"product_tag":[],"class_list":{"0":"post-90401","1":"product","2":"type-product","3":"status-publish","5":"pwb-brand-ridex","6":"product_cat-raitisilmasuodatin","7":"desktop-align-left","8":"tablet-align-left","9":"mobile-align-left","11":"first","12":"instock","13":"product-type-external"},"brands":[{"id":157,"name":"RIDEX","slug":"ridex"}],"_links":{"self":[{"href":"https:\/\/www.autonvaraosahaku.fi\/index.php?rest_route=\/wp\/v2\/product\/90401","targetHints":{"allow":["GET"]}}],"collection":[{"href":"https:\/\/www.autonvaraosahaku.fi\/index.php?rest_route=\/wp\/v2\/product"}],"about":[{"href":"https:\/\/www.autonvaraosahaku.fi\/index.php?rest_route=\/wp\/v2\/types\/product"}],"wp:attachment":[{"href":"https:\/\/www.autonvaraosahaku.fi\/index.php?rest_route=%2Fwp%2Fv2%2Fmedia&parent=90401"}],"wp:term":[{"taxonomy":"pwb-brand","embeddable":true,"href":"https:\/\/www.autonvaraosahaku.fi\/index.php?rest_route=%2Fwp%2Fv2%2Fpwb-brand&post=90401"},{"taxonomy":"product_cat","embeddable":true,"href":"https:\/\/www.autonvaraosahaku.fi\/index.php?rest_route=%2Fwp%2Fv2%2Fproduct_cat&post=90401"},{"taxonomy":"product_tag","embeddable":true,"href":"https:\/\/www.autonvaraosahaku.fi\/index.php?rest_route=%2Fwp%2Fv2%2Fproduct_tag&post=90401"}],"curies":[{"name":"wp","href":"https:\/\/api.w.org\/{rel}","templated":true}]}}