{"id":90409,"date":"2021-02-21T21:22:08","date_gmt":"2021-02-21T21:22:08","guid":{"rendered":"https:\/\/www.autonvaraosahaku.fi\/?product=vaico-v20-0954-huohotin"},"modified":"2021-02-21T21:22:20","modified_gmt":"2021-02-21T21:22:20","slug":"vaico-v20-0954-huohotin","status":"publish","type":"product","link":"https:\/\/www.autonvaraosahaku.fi\/?product=vaico-v20-0954-huohotin","title":{"rendered":"VAICO V20-0954 Huohotin"},"content":{"rendered":"<p>Leveys (mm): 90; Korkeus (mm): 95; K\u00e4ytt\u00f6: paineohjattu; Ruuvikanta\/mutteriprofiili: Kuusiokolo, sis\u00e4; T\u00e4yssarja: ; Huomioi huolto-ohjeet: ; Venttiilimalli: Ilmanpoistoventtiili; Suositeltu vaihtov\u00e4li [vuotta]: 3; Asennuspuoli: Sylinterikansi; Suodatintyyppi: Suodatinpanos; Suositeltu vaihtov\u00e4li [km]: 60000; Materiaali tiiviste: FPM (fluori-kumi)\/APM (polyakryyli-kumi); Pituus (mm): 230; Lis\u00e4tarvike\/lis\u00e4tieto: Tiivisteill\u00e4; Huomioi tekniset tiedot: ; Korvaava tuote\/korvaava tiedote 2: Suodattimella, Ruuveilla; Huomioi ajoneuvovalmistajan vaatimukset: ; Kotelomateriaali: Polyamidi 6.6; Paino [kg]: 0,2799; Pakkausleveys [cm]: 10,2; Pakkauskorkeus [mm]: 25,1; lis\u00e4tieto: CST98; Moottorinumero: M47; BMW: 3 E46,5 E39,3 Touring E46,5 Touring E39,X5 E53,7 E38; LAND ROVER: FREELANDER LN,RANGE ROVER III LM; OPEL: OMEGA B Caravan 21_, 22_, 23_,OMEGA B 25_, 26_, 27_; 11127781465, 11127789822, 11127793163, 7781465, 7789822, 7793163, 8510224, 8510298, STC4733, 05607485, 05607497, 05607500, 5607485, 5607497, 5607500, 93171354, 93177402, 93183513; Venttiili, Kampikammiotuuletus<\/p>\n","protected":false},"excerpt":{"rendered":"<p>VAICO Huohotin V20-0954 Venttiili, Kampikammiotuuletus BMW,LAND ROVER,OPEL,3 E46,5 E39,3 Touring E46,5 Touring E39,X5 E53,7 E38,FREELANDER LN<\/p>\n","protected":false},"featured_media":0,"template":"","meta":{"site-sidebar-layout":"default","site-content-layout":"default","ast-global-header-display":"","ast-main-header-display":"","ast-hfb-above-header-display":"","ast-hfb-below-header-display":"","ast-hfb-mobile-header-display":"","site-post-title":"","ast-breadcrumbs-content":"","ast-featured-img":"","footer-sml-layout":"","theme-transparent-header-meta":"","adv-header-id-meta":"","stick-header-meta":"","header-above-stick-meta":"","header-main-stick-meta":"","header-below-stick-meta":""},"pwb-brand":[330],"product_cat":[125],"product_tag":[],"class_list":{"0":"post-90409","1":"product","2":"type-product","3":"status-publish","5":"pwb-brand-vaico","6":"product_cat-huohotin","7":"desktop-align-left","8":"tablet-align-left","9":"mobile-align-left","11":"first","12":"instock","13":"product-type-external"},"brands":[{"id":330,"name":"VAICO","slug":"vaico"}],"_links":{"self":[{"href":"https:\/\/www.autonvaraosahaku.fi\/index.php?rest_route=\/wp\/v2\/product\/90409","targetHints":{"allow":["GET"]}}],"collection":[{"href":"https:\/\/www.autonvaraosahaku.fi\/index.php?rest_route=\/wp\/v2\/product"}],"about":[{"href":"https:\/\/www.autonvaraosahaku.fi\/index.php?rest_route=\/wp\/v2\/types\/product"}],"wp:attachment":[{"href":"https:\/\/www.autonvaraosahaku.fi\/index.php?rest_route=%2Fwp%2Fv2%2Fmedia&parent=90409"}],"wp:term":[{"taxonomy":"pwb-brand","embeddable":true,"href":"https:\/\/www.autonvaraosahaku.fi\/index.php?rest_route=%2Fwp%2Fv2%2Fpwb-brand&post=90409"},{"taxonomy":"product_cat","embeddable":true,"href":"https:\/\/www.autonvaraosahaku.fi\/index.php?rest_route=%2Fwp%2Fv2%2Fproduct_cat&post=90409"},{"taxonomy":"product_tag","embeddable":true,"href":"https:\/\/www.autonvaraosahaku.fi\/index.php?rest_route=%2Fwp%2Fv2%2Fproduct_tag&post=90409"}],"curies":[{"name":"wp","href":"https:\/\/api.w.org\/{rel}","templated":true}]}}