{"id":90413,"date":"2021-02-21T21:22:22","date_gmt":"2021-02-21T21:22:22","guid":{"rendered":"https:\/\/www.autonvaraosahaku.fi\/?product=vaico-v10-2184-moottorin-kumityyny"},"modified":"2021-02-21T21:22:24","modified_gmt":"2021-02-21T21:22:24","slug":"vaico-v10-2184-moottorin-kumityyny","status":"publish","type":"product","link":"https:\/\/www.autonvaraosahaku.fi\/?product=vaico-v10-2184-moottorin-kumityyny","title":{"rendered":"VAICO V10-2184 Moottorin kumityyny"},"content":{"rendered":"<p>Asennuspuoli: Oikea, Edess\u00e4; Pituus (mm): 160; Korkeus (mm): 100; Leveys (mm): 100; Tarvittava kappalem\u00e4\u00e4r\u00e4: 1; Paino [kg]: 0,8631; Pakkausleveys [cm]: 10,7; Pakkauskorkeus [mm]: 12; Pakkaussyvyys [cm]: 14,5; lis\u00e4tieto: CST99; Vaihteistomalli: Schaltgetriebe; AUDI: A4 Avant 8ED, B7,A4 Avant 8E5, B6,A4 8E2, B6,A4 Cabriolet 8H7, B6, 8HE, B7,A4 8EC, B7; SEAT: EXEO ST 3R5,EXEO 3R2; 8E0199382A, 8E0199382AA, 8E0199382AH, 8E0199382B, 8E0199382J, 8E0199382Q, 8E0199382A, 8E0199382AA, 8E0199382AH, 8E0199382B, 8E0199382J, 8E0199382Q, 8E0199382A, 8E0199382AA, 8E0199382AH, 8E0199382B, 8E0199382J, 8E0199382Q, 8E0199382A, 8E0199382AA, 8E0199382AH, 8E0199382B, 8E0199382J, 8E0199382Q; Moottorin Tukikumit,Moottorin Tuki<\/p>\n","protected":false},"excerpt":{"rendered":"<p>VAICO Moottorin Kumityyny V10-2184 Moottorin Tukikumit,Moottorin Tuki AUDI,SEAT,A4 Avant 8ED, B7,A4 Avant 8E5, B6,A4 8E2, B6<\/p>\n","protected":false},"featured_media":0,"template":"","meta":{"site-sidebar-layout":"default","site-content-layout":"default","ast-global-header-display":"","ast-main-header-display":"","ast-hfb-above-header-display":"","ast-hfb-below-header-display":"","ast-hfb-mobile-header-display":"","site-post-title":"","ast-breadcrumbs-content":"","ast-featured-img":"","footer-sml-layout":"","theme-transparent-header-meta":"","adv-header-id-meta":"","stick-header-meta":"","header-above-stick-meta":"","header-main-stick-meta":"","header-below-stick-meta":""},"pwb-brand":[330],"product_cat":[74],"product_tag":[],"class_list":{"0":"post-90413","1":"product","2":"type-product","3":"status-publish","5":"pwb-brand-vaico","6":"product_cat-moottorin-kumityyny","7":"desktop-align-left","8":"tablet-align-left","9":"mobile-align-left","11":"first","12":"instock","13":"product-type-external"},"brands":[{"id":330,"name":"VAICO","slug":"vaico"}],"_links":{"self":[{"href":"https:\/\/www.autonvaraosahaku.fi\/index.php?rest_route=\/wp\/v2\/product\/90413","targetHints":{"allow":["GET"]}}],"collection":[{"href":"https:\/\/www.autonvaraosahaku.fi\/index.php?rest_route=\/wp\/v2\/product"}],"about":[{"href":"https:\/\/www.autonvaraosahaku.fi\/index.php?rest_route=\/wp\/v2\/types\/product"}],"wp:attachment":[{"href":"https:\/\/www.autonvaraosahaku.fi\/index.php?rest_route=%2Fwp%2Fv2%2Fmedia&parent=90413"}],"wp:term":[{"taxonomy":"pwb-brand","embeddable":true,"href":"https:\/\/www.autonvaraosahaku.fi\/index.php?rest_route=%2Fwp%2Fv2%2Fpwb-brand&post=90413"},{"taxonomy":"product_cat","embeddable":true,"href":"https:\/\/www.autonvaraosahaku.fi\/index.php?rest_route=%2Fwp%2Fv2%2Fproduct_cat&post=90413"},{"taxonomy":"product_tag","embeddable":true,"href":"https:\/\/www.autonvaraosahaku.fi\/index.php?rest_route=%2Fwp%2Fv2%2Fproduct_tag&post=90413"}],"curies":[{"name":"wp","href":"https:\/\/api.w.org\/{rel}","templated":true}]}}