{"id":9042,"date":"2021-02-21T14:04:47","date_gmt":"2021-02-21T14:04:47","guid":{"rendered":"https:\/\/www.autonvaraosahaku.fi\/?product=febi-bilstein-03505-tiivisteet"},"modified":"2021-02-21T14:04:47","modified_gmt":"2021-02-21T14:04:47","slug":"febi-bilstein-03505-tiivisteet","status":"publish","type":"product","link":"https:\/\/www.autonvaraosahaku.fi\/?product=febi-bilstein-03505-tiivisteet","title":{"rendered":"FEBI BILSTEIN 03505 Tiivisteet"},"content":{"rendered":"<p>Paksuus [mm]: 4,0; Sis\u00e4l\u00e4pimitta [mm]: 60,0; Materiaali: NBR (nitriili-butadi-kumi); Paino [kg]: 0,01, 0,01; Huomioi tekniset tiedot: ; MERCEDES-BENZ: T2\/LN1 Kasten\/Kombi,VARIO Kasten\/Kombi,VARIO Pritsche\/Fahrgestell,VARIO Kipper,T2\/LN1 Pritsche\/Fahrgestell,VARIO Bus,T2\/LN1 Kipper,T2\/LN1 Triebkopf,CITARO (O 530),CONECTO (O 345),INTEGRO (O 550),INTOURO,LK\/LN2,O 301,O 302,O 303,O 304,O 305,O 307,O 330,O 340,O 402,O 403,O 404,O 405,O 407,O 408,OH,TOURINO (O 510),TOURISMO (O 350),TOURO (O 500),TRAVEGO (O 580); SETRA: Series 400; NEOPLAN: Centroliner,Cityliner,Tourliner,Trendliner; MAN: E2000,EL,EM,F2000,F90,F90 Unterflur,FOCL,G,G90,HOCL,L2000,LION\u00b4S CITY,LION\u00b4S COACH,LION\u00b4S REGIO,LION\u00b4S STAR,M 2000 L,M 2000 M,M90,NG,NL,NM,N\u00dc,R,SG,SL II,SR,S\u00dc,TGA,TGL,TGM,TGS,TGX,\u00dcL; ERF: ECT; 06563412122, 81965010035, 0039975748, 0119977048, 0209971148, 0209972848, 0249972848, A0039975748, A0119977048, A0209971148, A0209972848, A0249972848<\/p>\n","protected":false},"excerpt":{"rendered":"<p>FEBI BILSTEIN Tiiviste, Vesipumppu 03505  MERCEDES-BENZ,SETRA,NEOPLAN,T2\/LN1 Kasten\/Kombi,VARIO Kasten\/Kombi,VARIO Pritsche\/Fahrgestell,VARIO Kipper<\/p>\n","protected":false},"featured_media":0,"template":"","meta":{"site-sidebar-layout":"default","site-content-layout":"default","ast-global-header-display":"","ast-main-header-display":"","ast-hfb-above-header-display":"","ast-hfb-below-header-display":"","ast-hfb-mobile-header-display":"","site-post-title":"","ast-breadcrumbs-content":"","ast-featured-img":"","footer-sml-layout":"","theme-transparent-header-meta":"","adv-header-id-meta":"","stick-header-meta":"","header-above-stick-meta":"","header-main-stick-meta":"","header-below-stick-meta":""},"pwb-brand":[50],"product_cat":[27],"product_tag":[],"class_list":{"0":"post-9042","1":"product","2":"type-product","3":"status-publish","5":"pwb-brand-febi-bilstein","6":"product_cat-tiivisteet","7":"desktop-align-left","8":"tablet-align-left","9":"mobile-align-left","11":"first","12":"instock","13":"product-type-external"},"brands":[{"id":50,"name":"FEBI BILSTEIN","slug":"febi-bilstein"}],"_links":{"self":[{"href":"https:\/\/www.autonvaraosahaku.fi\/index.php?rest_route=\/wp\/v2\/product\/9042","targetHints":{"allow":["GET"]}}],"collection":[{"href":"https:\/\/www.autonvaraosahaku.fi\/index.php?rest_route=\/wp\/v2\/product"}],"about":[{"href":"https:\/\/www.autonvaraosahaku.fi\/index.php?rest_route=\/wp\/v2\/types\/product"}],"wp:attachment":[{"href":"https:\/\/www.autonvaraosahaku.fi\/index.php?rest_route=%2Fwp%2Fv2%2Fmedia&parent=9042"}],"wp:term":[{"taxonomy":"pwb-brand","embeddable":true,"href":"https:\/\/www.autonvaraosahaku.fi\/index.php?rest_route=%2Fwp%2Fv2%2Fpwb-brand&post=9042"},{"taxonomy":"product_cat","embeddable":true,"href":"https:\/\/www.autonvaraosahaku.fi\/index.php?rest_route=%2Fwp%2Fv2%2Fproduct_cat&post=9042"},{"taxonomy":"product_tag","embeddable":true,"href":"https:\/\/www.autonvaraosahaku.fi\/index.php?rest_route=%2Fwp%2Fv2%2Fproduct_tag&post=9042"}],"curies":[{"name":"wp","href":"https:\/\/api.w.org\/{rel}","templated":true}]}}