{"id":90428,"date":"2021-02-21T21:22:22","date_gmt":"2021-02-21T21:22:22","guid":{"rendered":"https:\/\/www.autonvaraosahaku.fi\/?product=ate-13-0460-5855-2-jarrupalat"},"modified":"2021-02-21T21:22:32","modified_gmt":"2021-02-21T21:22:32","slug":"ate-13-0460-5855-2-jarrupalat","status":"publish","type":"product","link":"https:\/\/www.autonvaraosahaku.fi\/?product=ate-13-0460-5855-2-jarrupalat","title":{"rendered":"ATE 13.0460-5855.2 Jarrupalat"},"content":{"rendered":"<p>Leveys 1 (mm): 111,3; Korkeus 1 (mm): 44,8; Leveys 2 (mm): 91,0; Korkeus 2 (mm): 44,9; Paksuus [mm]: 16,0; Kulumisenilmaisimen liitos: Ilman kulumisenilmaisinta; Tarkistuskilpi: E1 90R-01891\/840; MAPP-koodi saatavilla: ; Suositellun tarvikkeen tuotenumero: 13.0460-0137.2; Huomioi mitat: ; M\u00e4\u00e4r\u00e4yksikk\u00f6: Akselisarja; Valmistusvuoteen: 06\/2012; JEEP: COMPASS MK49,PATRIOT MK74; CHRYSLER: SEBRING Cabriolet JS; LANCIA: FLAVIA Cabriolet JS; CITRO\u00cbN: C-CROSSER EP_,C4 AIRCROSS,C-CROSSER ENTERPRISE; PEUGEOT: 4007 GP_,4008; MITSUBISHI: ASX GA_W_,OUTLANDER XL II CW_W,GRANDIS NA_W,LANCER SPORTBACK CX_A,PAJERO PININ H6_W, H7_W,LANCER Stufenheck CY\/Z_A,PAJERO III V7_W, V6_W,PAJERO IV V8_W, V9_W,PAJERO IV Van V90, V80,PAJERO CLASSIC V2_W,GALLOPER JK-01,ASX Van GA_W_,PAJERO II V3_W,PAJERO III Gel\u00e4ndewagen offen V6_W, V7_W; 068020256AA, 068028671AA, 68020256AA, 68028671AA, K068020256AA, K068028671AA, K68020256AA, K68028671AA, 1611838980, 425391, 425448, K68028671AA, 068028671AA, 68028671AA, 4605A447, 4605A448, 4605A487, 4605A502, MN102628, MR510544, X3516006, 425390, 425448; Jarrupalasarja,Jarrupala, Levyjarru<\/p>\n","protected":false},"excerpt":{"rendered":"<p>ATE Jarrupalat 13.0460-5855.2 Jarrupalasarja,Jarrupala, Levyjarru JEEP,CHRYSLER,LANCIA,COMPASS MK49,PATRIOT MK74,SEBRING Cabriolet JS<\/p>\n","protected":false},"featured_media":0,"template":"","meta":{"site-sidebar-layout":"default","site-content-layout":"default","ast-global-header-display":"","ast-main-header-display":"","ast-hfb-above-header-display":"","ast-hfb-below-header-display":"","ast-hfb-mobile-header-display":"","site-post-title":"","ast-breadcrumbs-content":"","ast-featured-img":"","footer-sml-layout":"","theme-transparent-header-meta":"","adv-header-id-meta":"","stick-header-meta":"","header-above-stick-meta":"","header-main-stick-meta":"","header-below-stick-meta":""},"pwb-brand":[108],"product_cat":[100],"product_tag":[],"class_list":{"0":"post-90428","1":"product","2":"type-product","3":"status-publish","5":"pwb-brand-ate","6":"product_cat-jarrupalat","7":"desktop-align-left","8":"tablet-align-left","9":"mobile-align-left","11":"first","12":"instock","13":"product-type-external"},"brands":[{"id":108,"name":"ATE","slug":"ate"}],"_links":{"self":[{"href":"https:\/\/www.autonvaraosahaku.fi\/index.php?rest_route=\/wp\/v2\/product\/90428","targetHints":{"allow":["GET"]}}],"collection":[{"href":"https:\/\/www.autonvaraosahaku.fi\/index.php?rest_route=\/wp\/v2\/product"}],"about":[{"href":"https:\/\/www.autonvaraosahaku.fi\/index.php?rest_route=\/wp\/v2\/types\/product"}],"wp:attachment":[{"href":"https:\/\/www.autonvaraosahaku.fi\/index.php?rest_route=%2Fwp%2Fv2%2Fmedia&parent=90428"}],"wp:term":[{"taxonomy":"pwb-brand","embeddable":true,"href":"https:\/\/www.autonvaraosahaku.fi\/index.php?rest_route=%2Fwp%2Fv2%2Fpwb-brand&post=90428"},{"taxonomy":"product_cat","embeddable":true,"href":"https:\/\/www.autonvaraosahaku.fi\/index.php?rest_route=%2Fwp%2Fv2%2Fproduct_cat&post=90428"},{"taxonomy":"product_tag","embeddable":true,"href":"https:\/\/www.autonvaraosahaku.fi\/index.php?rest_route=%2Fwp%2Fv2%2Fproduct_tag&post=90428"}],"curies":[{"name":"wp","href":"https:\/\/api.w.org\/{rel}","templated":true}]}}