{"id":90431,"date":"2021-02-21T21:22:35","date_gmt":"2021-02-21T21:22:35","guid":{"rendered":"https:\/\/www.autonvaraosahaku.fi\/?product=ate-13-0460-4984-2-jarrupalat"},"modified":"2021-02-21T21:22:36","modified_gmt":"2021-02-21T21:22:36","slug":"ate-13-0460-4984-2-jarrupalat","status":"publish","type":"product","link":"https:\/\/www.autonvaraosahaku.fi\/?product=ate-13-0460-4984-2-jarrupalat","title":{"rendered":"ATE 13.0460-4984.2 Jarrupalat"},"content":{"rendered":"<p>Leveys (mm): 119,5; Korkeus (mm): 71,7; Paksuus [mm]: 17,4; Kulumisenilmaisimen liitos: Kulumisenilmaisemelle, Ilman kulumisenilmaisinta; Reik\u00e4v\u00e4li [mm]: 1,8; Huomioi mitat: , ; Jarruj\u00e4rjestelm\u00e4: Brembo; Tarkistuskilpi: E1 90R-01660\/508; MAPP-koodi saatavilla: ; Suositellun tarvikkeen tuotenumero: 13.0460-0269.2, 24.8190-0401.2, 24.8190-0410.2, 24.8190-0412.2; Jarrupalojen m\u00e4\u00e4r\u00e4: 8; M\u00e4\u00e4r\u00e4yksikk\u00f6: Akselisarja; Valmistusvuosi alkaen: 08\/1993; MERCEDES-BENZ: M-CLASS W163,SL R129,S-CLASS W220,S-CLASS W221,S-CLASS Coupe C215; 0034200520, 0034200820, 0034201820, 0034204220, 0044200420, 004420042067, 0044207720, 0054206020, 0064201220, 1634200620, 1634200820, 163420082027, 2214200720, A0034200520, A0034200820, A0034201820, A0034204220, A0044200420, A004420042067, A0044207720, A0054206020, A0064201220, A1634200620, A1634200820, A163420082027, A2214200720; Jarrupalasarja,Jarrupala, Levyjarru<\/p>\n","protected":false},"excerpt":{"rendered":"<p>ATE Jarrupalat 13.0460-4984.2 Jarrupalasarja,Jarrupala, Levyjarru MERCEDES-BENZ,M-CLASS W163,SL R129,S-CLASS W220,S-CLASS W221,S-CLASS Coupe C215<\/p>\n","protected":false},"featured_media":0,"template":"","meta":{"site-sidebar-layout":"default","site-content-layout":"default","ast-global-header-display":"","ast-main-header-display":"","ast-hfb-above-header-display":"","ast-hfb-below-header-display":"","ast-hfb-mobile-header-display":"","site-post-title":"","ast-breadcrumbs-content":"","ast-featured-img":"","footer-sml-layout":"","theme-transparent-header-meta":"","adv-header-id-meta":"","stick-header-meta":"","header-above-stick-meta":"","header-main-stick-meta":"","header-below-stick-meta":""},"pwb-brand":[108],"product_cat":[100],"product_tag":[],"class_list":{"0":"post-90431","1":"product","2":"type-product","3":"status-publish","5":"pwb-brand-ate","6":"product_cat-jarrupalat","7":"desktop-align-left","8":"tablet-align-left","9":"mobile-align-left","11":"first","12":"instock","13":"product-type-external"},"brands":[{"id":108,"name":"ATE","slug":"ate"}],"_links":{"self":[{"href":"https:\/\/www.autonvaraosahaku.fi\/index.php?rest_route=\/wp\/v2\/product\/90431","targetHints":{"allow":["GET"]}}],"collection":[{"href":"https:\/\/www.autonvaraosahaku.fi\/index.php?rest_route=\/wp\/v2\/product"}],"about":[{"href":"https:\/\/www.autonvaraosahaku.fi\/index.php?rest_route=\/wp\/v2\/types\/product"}],"wp:attachment":[{"href":"https:\/\/www.autonvaraosahaku.fi\/index.php?rest_route=%2Fwp%2Fv2%2Fmedia&parent=90431"}],"wp:term":[{"taxonomy":"pwb-brand","embeddable":true,"href":"https:\/\/www.autonvaraosahaku.fi\/index.php?rest_route=%2Fwp%2Fv2%2Fpwb-brand&post=90431"},{"taxonomy":"product_cat","embeddable":true,"href":"https:\/\/www.autonvaraosahaku.fi\/index.php?rest_route=%2Fwp%2Fv2%2Fproduct_cat&post=90431"},{"taxonomy":"product_tag","embeddable":true,"href":"https:\/\/www.autonvaraosahaku.fi\/index.php?rest_route=%2Fwp%2Fv2%2Fproduct_tag&post=90431"}],"curies":[{"name":"wp","href":"https:\/\/api.w.org\/{rel}","templated":true}]}}