{"id":90442,"date":"2021-02-21T21:22:35","date_gmt":"2021-02-21T21:22:35","guid":{"rendered":"https:\/\/www.autonvaraosahaku.fi\/?product=vaico-v10-1754-iskunvaimennin"},"modified":"2021-02-21T21:22:42","modified_gmt":"2021-02-21T21:22:42","slug":"vaico-v10-1754-iskunvaimennin","status":"publish","type":"product","link":"https:\/\/www.autonvaraosahaku.fi\/?product=vaico-v10-1754-iskunvaimennin","title":{"rendered":"VAICO V10-1754 Iskunvaimennin"},"content":{"rendered":"<p>Iskunvaimennin asennustapa: Silmukka alhaalla, Tappi ylh\u00e4\u00e4ll\u00e4; Iskunvaimennin tyyppi: Kaasupaine; Asennuspuoli: Taka-akseli; Paino [kg]: 2,59; Pakkausleveys [cm]: 7; Pakkauskorkeus [mm]: 7; Pakkaussyvyys [cm]: 60; Alustarakenne: f\u00fcr Fahrzeuge mit Standard Fahrwerk; VW: PASSAT Variant 3B6,PASSAT Variant 3B5,PASSAT 3B2,PASSAT 3B3; AUDI: A6 Avant 4B5, C5,A6 4B2, C5; SKODA: SUPERB 3U4; 3B0513031P, 3B5513031A, 3B5513031B, 3B5513031E, 3B9513031D, 3B9513031G, 3B9513031J, 3B9513031N, 4B0513031L, 4B0513031N, 4B0513031R, 4B0513032D, 4B3513031G, 4B5513031S, 4B5513032C, 4B5513032D, 3B0513031P, 3B5513031A, 3B5513031B, 3B5513031E, 3B9513031D, 3B9513031G, 3B9513031J, 3B9513031N, 3BD513031, 4B0513031L, 4B0513031N, 4B0513031R, 4B0513032D, 4B3513031G, 4B5513031S, 4B5513032C, 4B5513032D, 3B0513031P, 3B5513031A, 3B5513031B, 3B5513031E, 3B9513031D, 3B9513031G, 3B9513031J, 3B9513031N, 3BD513031, 4B0513031L, 4B0513031N, 4B0513031R, 4B0513032D, 4B3513031G, 4B5513031S, 4B5513032C, 4B5513032D, 3B0513031P, 3B5513031A, 3B5513031B, 3B5513031E, 3B9513031D, 3B9513031G, 3B9513031J, 3B9513031N, 4B0513031L, 4B0513031N, 4B0513031R, 4B5513031S; Iskarit,Iskunvaimennin<\/p>\n","protected":false},"excerpt":{"rendered":"<p>VAICO Iskunvaimentimet V10-1754 Iskarit,Iskunvaimennin VW,AUDI,SKODA,PASSAT Variant 3B6,PASSAT Variant 3B5,PASSAT 3B2,PASSAT 3B3,A6 Avant 4B5, C5<\/p>\n","protected":false},"featured_media":0,"template":"","meta":{"site-sidebar-layout":"default","site-content-layout":"default","ast-global-header-display":"","ast-main-header-display":"","ast-hfb-above-header-display":"","ast-hfb-below-header-display":"","ast-hfb-mobile-header-display":"","site-post-title":"","ast-breadcrumbs-content":"","ast-featured-img":"","footer-sml-layout":"","theme-transparent-header-meta":"","adv-header-id-meta":"","stick-header-meta":"","header-above-stick-meta":"","header-main-stick-meta":"","header-below-stick-meta":""},"pwb-brand":[330],"product_cat":[80],"product_tag":[],"class_list":{"0":"post-90442","1":"product","2":"type-product","3":"status-publish","5":"pwb-brand-vaico","6":"product_cat-iskunvaimennin","7":"desktop-align-left","8":"tablet-align-left","9":"mobile-align-left","11":"first","12":"instock","13":"product-type-external"},"brands":[{"id":330,"name":"VAICO","slug":"vaico"}],"_links":{"self":[{"href":"https:\/\/www.autonvaraosahaku.fi\/index.php?rest_route=\/wp\/v2\/product\/90442","targetHints":{"allow":["GET"]}}],"collection":[{"href":"https:\/\/www.autonvaraosahaku.fi\/index.php?rest_route=\/wp\/v2\/product"}],"about":[{"href":"https:\/\/www.autonvaraosahaku.fi\/index.php?rest_route=\/wp\/v2\/types\/product"}],"wp:attachment":[{"href":"https:\/\/www.autonvaraosahaku.fi\/index.php?rest_route=%2Fwp%2Fv2%2Fmedia&parent=90442"}],"wp:term":[{"taxonomy":"pwb-brand","embeddable":true,"href":"https:\/\/www.autonvaraosahaku.fi\/index.php?rest_route=%2Fwp%2Fv2%2Fpwb-brand&post=90442"},{"taxonomy":"product_cat","embeddable":true,"href":"https:\/\/www.autonvaraosahaku.fi\/index.php?rest_route=%2Fwp%2Fv2%2Fproduct_cat&post=90442"},{"taxonomy":"product_tag","embeddable":true,"href":"https:\/\/www.autonvaraosahaku.fi\/index.php?rest_route=%2Fwp%2Fv2%2Fproduct_tag&post=90442"}],"curies":[{"name":"wp","href":"https:\/\/api.w.org\/{rel}","templated":true}]}}