{"id":90444,"date":"2021-02-21T21:22:35","date_gmt":"2021-02-21T21:22:35","guid":{"rendered":"https:\/\/www.autonvaraosahaku.fi\/?product=diederichs-2205845-puskurin-ritila"},"modified":"2021-02-21T21:22:43","modified_gmt":"2021-02-21T21:22:43","slug":"diederichs-2205845-puskurin-ritila","status":"publish","type":"product","link":"https:\/\/www.autonvaraosahaku.fi\/?product=diederichs-2205845-puskurin-ritila","title":{"rendered":"DIEDERICHS 2205845 Puskurin ritil\u00e4"},"content":{"rendered":"<p>Asennuspuoli: Vasen, Oikea, Keskell\u00e4; V\u00e4ri: Kromi, Lasinkirkas; M\u00e4\u00e4r\u00e4yksikk\u00f6: Sarja; lis\u00e4tieto: HD Tuning; Tuning: 1; Valmistusvuosi alkaen: 04\/2005; VW: POLO 9N_; Ritil\u00e4<\/p>\n","protected":false},"excerpt":{"rendered":"<p>DIEDERICHS Puskurin Ritil\u00e4 2205845 Ritil\u00e4 VW,POLO 9N_<\/p>\n","protected":false},"featured_media":0,"template":"","meta":{"site-sidebar-layout":"default","site-content-layout":"default","ast-global-header-display":"","ast-main-header-display":"","ast-hfb-above-header-display":"","ast-hfb-below-header-display":"","ast-hfb-mobile-header-display":"","site-post-title":"","ast-breadcrumbs-content":"","ast-featured-img":"","footer-sml-layout":"","theme-transparent-header-meta":"","adv-header-id-meta":"","stick-header-meta":"","header-above-stick-meta":"","header-main-stick-meta":"","header-below-stick-meta":""},"pwb-brand":[227],"product_cat":[259],"product_tag":[],"class_list":{"0":"post-90444","1":"product","2":"type-product","3":"status-publish","5":"pwb-brand-diederichs","6":"product_cat-puskurin-ritila","7":"desktop-align-left","8":"tablet-align-left","9":"mobile-align-left","11":"first","12":"instock","13":"product-type-external"},"brands":[{"id":227,"name":"DIEDERICHS","slug":"diederichs"}],"_links":{"self":[{"href":"https:\/\/www.autonvaraosahaku.fi\/index.php?rest_route=\/wp\/v2\/product\/90444","targetHints":{"allow":["GET"]}}],"collection":[{"href":"https:\/\/www.autonvaraosahaku.fi\/index.php?rest_route=\/wp\/v2\/product"}],"about":[{"href":"https:\/\/www.autonvaraosahaku.fi\/index.php?rest_route=\/wp\/v2\/types\/product"}],"wp:attachment":[{"href":"https:\/\/www.autonvaraosahaku.fi\/index.php?rest_route=%2Fwp%2Fv2%2Fmedia&parent=90444"}],"wp:term":[{"taxonomy":"pwb-brand","embeddable":true,"href":"https:\/\/www.autonvaraosahaku.fi\/index.php?rest_route=%2Fwp%2Fv2%2Fpwb-brand&post=90444"},{"taxonomy":"product_cat","embeddable":true,"href":"https:\/\/www.autonvaraosahaku.fi\/index.php?rest_route=%2Fwp%2Fv2%2Fproduct_cat&post=90444"},{"taxonomy":"product_tag","embeddable":true,"href":"https:\/\/www.autonvaraosahaku.fi\/index.php?rest_route=%2Fwp%2Fv2%2Fproduct_tag&post=90444"}],"curies":[{"name":"wp","href":"https:\/\/api.w.org\/{rel}","templated":true}]}}