{"id":90445,"date":"2021-02-21T21:22:35","date_gmt":"2021-02-21T21:22:35","guid":{"rendered":"https:\/\/www.autonvaraosahaku.fi\/?product=zimmermann-430-1473-52-jarrulevyt"},"modified":"2021-02-21T21:22:44","modified_gmt":"2021-02-21T21:22:44","slug":"zimmermann-430-1473-52-jarrulevyt","status":"publish","type":"product","link":"https:\/\/www.autonvaraosahaku.fi\/?product=zimmermann-430-1473-52-jarrulevyt","title":{"rendered":"ZIMMERMANN 430.1473.52 Jarrulevyt"},"content":{"rendered":"<p>Jarrulevytyyppi: Tuuletettu, sis\u00e4, Reijitetty; K\u00e4sittely: hiiliter\u00e4s; Pinta: pinnoitettu; Ulkol\u00e4pimitta [mm]: 288; Jarrulevyn paksuus (mm): 25; Korkeus (mm): 42; Vanne, aukkoja: 5; Reik\u00e4ympyr\u00e4-\u00d8 [mm]: 110; keskitt\u00e4misl\u00e4pimitta [mm]: 70; Tarkistuskilpi: KBA 60872; V\u00e4himm\u00e4ispaksuus (mm): 22; Paino [kg]: 7,4; Reik\u00e4kuvio\/-m\u00e4\u00e4r\u00e4: 8\/5; Tuotelinja: SPORT COAT Z; Tuning: 1; Alustanumerosta: Tx000001; OPEL: VECTRA B 36_,VECTRA B Caravan 31_,CALIBRA A 85_,VECTRA B CC 38_,SPEEDSTER; SAAB: 9-5 Kombi YS3E,9-3 YS3D,9-5 YS3E,9-3 Cabriolet YS3D; B117J0028F, 4801584, 4801628, 4837019, 4839007, 4839320, 569056, 32025723, 4566840, 5390786; Jarrulevy<\/p>\n","protected":false},"excerpt":{"rendered":"<p>ZIMMERMANN Jarrulevyt 430.1473.52 Jarrulevy OPEL,SAAB,VECTRA B 36_,VECTRA B Caravan 31_,CALIBRA A 85_,VECTRA B CC 38_,SPEEDSTER,9-5 Kombi YS3E<\/p>\n","protected":false},"featured_media":0,"template":"","meta":{"site-sidebar-layout":"default","site-content-layout":"default","ast-global-header-display":"","ast-main-header-display":"","ast-hfb-above-header-display":"","ast-hfb-below-header-display":"","ast-hfb-mobile-header-display":"","site-post-title":"","ast-breadcrumbs-content":"","ast-featured-img":"","footer-sml-layout":"","theme-transparent-header-meta":"","adv-header-id-meta":"","stick-header-meta":"","header-above-stick-meta":"","header-main-stick-meta":"","header-below-stick-meta":""},"pwb-brand":[145],"product_cat":[66],"product_tag":[],"class_list":{"0":"post-90445","1":"product","2":"type-product","3":"status-publish","5":"pwb-brand-zimmermann","6":"product_cat-jarrulevyt","7":"desktop-align-left","8":"tablet-align-left","9":"mobile-align-left","11":"first","12":"instock","13":"product-type-external"},"brands":[{"id":145,"name":"ZIMMERMANN","slug":"zimmermann"}],"_links":{"self":[{"href":"https:\/\/www.autonvaraosahaku.fi\/index.php?rest_route=\/wp\/v2\/product\/90445","targetHints":{"allow":["GET"]}}],"collection":[{"href":"https:\/\/www.autonvaraosahaku.fi\/index.php?rest_route=\/wp\/v2\/product"}],"about":[{"href":"https:\/\/www.autonvaraosahaku.fi\/index.php?rest_route=\/wp\/v2\/types\/product"}],"wp:attachment":[{"href":"https:\/\/www.autonvaraosahaku.fi\/index.php?rest_route=%2Fwp%2Fv2%2Fmedia&parent=90445"}],"wp:term":[{"taxonomy":"pwb-brand","embeddable":true,"href":"https:\/\/www.autonvaraosahaku.fi\/index.php?rest_route=%2Fwp%2Fv2%2Fpwb-brand&post=90445"},{"taxonomy":"product_cat","embeddable":true,"href":"https:\/\/www.autonvaraosahaku.fi\/index.php?rest_route=%2Fwp%2Fv2%2Fproduct_cat&post=90445"},{"taxonomy":"product_tag","embeddable":true,"href":"https:\/\/www.autonvaraosahaku.fi\/index.php?rest_route=%2Fwp%2Fv2%2Fproduct_tag&post=90445"}],"curies":[{"name":"wp","href":"https:\/\/api.w.org\/{rel}","templated":true}]}}