{"id":90446,"date":"2021-02-21T21:22:35","date_gmt":"2021-02-21T21:22:35","guid":{"rendered":"https:\/\/www.autonvaraosahaku.fi\/?product=vaico-v22-0040-alatukivarsi"},"modified":"2021-02-21T21:22:44","modified_gmt":"2021-02-21T21:22:44","slug":"vaico-v22-0040-alatukivarsi","status":"publish","type":"product","link":"https:\/\/www.autonvaraosahaku.fi\/?product=vaico-v22-0040-alatukivarsi","title":{"rendered":"VAICO V22-0040 Alatukivarsi"},"content":{"rendered":"<p>Paino [kg]: 3,3; parilliset tuotenumerot: V22-0041; Ohjausmalli: Poikittaistukivarsi; Asennuspuoli: Oikea, Etuakseli, ala; Korvaava tuote\/korvaava tiedote 2: Alapallo-\/pallonivelell\u00e4; Akselimittaus asennuksen j\u00e4lkeen: ; Suositellun erikoisty\u00f6kalun tuotenumero: V99-1020; Pakkausleveys [cm]: 6,5; Pakkauskorkeus [mm]: 7,8; Pakkaussyvyys [cm]: 12,5; lis\u00e4tieto: CST99; Organisaationumerosta: 10912; CITRO\u00cbN: C2 JM_,C3 I FC_,C3 Pluriel HB_,C2 ENTERPRISE; PEUGEOT: 1007 KM_; 3521H5, 3521H6, 3521J1, 3521J2, 3521K1, 3521K8, 3521L1, 3521N1, 3521N2, 3521N3, 3521N4, 3521N5, 3521N6, 3521N7, 3521R2, 3521H5, 3521K1, 3521K8, 3521L1, 3521N2, 3521N5, 3521N6, 3521N7; Tukivarsi,Tukivarsi, Py\u00f6r\u00e4ntuenta<\/p>\n","protected":false},"excerpt":{"rendered":"<p>VAICO Alatukivarsi V22-0040 Tukivarsi,Tukivarsi, Py\u00f6r\u00e4ntuenta CITRO\u00cbN,PEUGEOT,C2 JM_,C3 I FC_,C3 Pluriel HB_,C2 ENTERPRISE,1007 KM_<\/p>\n","protected":false},"featured_media":0,"template":"","meta":{"site-sidebar-layout":"default","site-content-layout":"default","ast-global-header-display":"","ast-main-header-display":"","ast-hfb-above-header-display":"","ast-hfb-below-header-display":"","ast-hfb-mobile-header-display":"","site-post-title":"","ast-breadcrumbs-content":"","ast-featured-img":"","footer-sml-layout":"","theme-transparent-header-meta":"","adv-header-id-meta":"","stick-header-meta":"","header-above-stick-meta":"","header-main-stick-meta":"","header-below-stick-meta":""},"pwb-brand":[330],"product_cat":[62],"product_tag":[],"class_list":{"0":"post-90446","1":"product","2":"type-product","3":"status-publish","5":"pwb-brand-vaico","6":"product_cat-alatukivarsi","7":"desktop-align-left","8":"tablet-align-left","9":"mobile-align-left","11":"first","12":"instock","13":"product-type-external"},"brands":[{"id":330,"name":"VAICO","slug":"vaico"}],"_links":{"self":[{"href":"https:\/\/www.autonvaraosahaku.fi\/index.php?rest_route=\/wp\/v2\/product\/90446","targetHints":{"allow":["GET"]}}],"collection":[{"href":"https:\/\/www.autonvaraosahaku.fi\/index.php?rest_route=\/wp\/v2\/product"}],"about":[{"href":"https:\/\/www.autonvaraosahaku.fi\/index.php?rest_route=\/wp\/v2\/types\/product"}],"wp:attachment":[{"href":"https:\/\/www.autonvaraosahaku.fi\/index.php?rest_route=%2Fwp%2Fv2%2Fmedia&parent=90446"}],"wp:term":[{"taxonomy":"pwb-brand","embeddable":true,"href":"https:\/\/www.autonvaraosahaku.fi\/index.php?rest_route=%2Fwp%2Fv2%2Fpwb-brand&post=90446"},{"taxonomy":"product_cat","embeddable":true,"href":"https:\/\/www.autonvaraosahaku.fi\/index.php?rest_route=%2Fwp%2Fv2%2Fproduct_cat&post=90446"},{"taxonomy":"product_tag","embeddable":true,"href":"https:\/\/www.autonvaraosahaku.fi\/index.php?rest_route=%2Fwp%2Fv2%2Fproduct_tag&post=90446"}],"curies":[{"name":"wp","href":"https:\/\/api.w.org\/{rel}","templated":true}]}}