{"id":90463,"date":"2021-02-21T21:22:47","date_gmt":"2021-02-21T21:22:47","guid":{"rendered":"https:\/\/www.autonvaraosahaku.fi\/?product=vemo-v24-73-0008-jarruvalokytkin"},"modified":"2021-02-21T21:22:55","modified_gmt":"2021-02-21T21:22:55","slug":"vemo-v24-73-0008-jarruvalokytkin","status":"publish","type":"product","link":"https:\/\/www.autonvaraosahaku.fi\/?product=vemo-v24-73-0008-jarruvalokytkin","title":{"rendered":"VEMO V24-73-0008 Jarruvalokytkin"},"content":{"rendered":"<p>Liittimi\u00e4: 4; K\u00e4ytt\u00f6: Manuaalinen (jalkak\u00e4ytt\u00f6); Napojen m\u00e4\u00e4r\u00e4: 4; Liittimen v\u00e4ri: Musta; J\u00e4lkis\u00e4\u00e4t\u00f6: Automaattisella s\u00e4\u00e4d\u00f6ll\u00e4; Kopan v\u00e4ri: Musta; Pistokkeen kotelon muoto: Kulmikas; Paino [kg]: 0,03504; Pakkausleveys [cm]: 2,6; Pakkauskorkeus [mm]: 2,5; Pakkaussyvyys [cm]: 9; Tuotelinja: Original Quality; Moottorinumero: 169 A4.000; ABARTH: 500 \/ 595 312_,500C \/ 595C 312_; LANCIA: YPSILON 843,DELTA III 844,MUSA 350,THESIS 841AX,LYBRA SW 839BX,LYBRA 839AX; FORD: KA RU8; FIAT: PUNTO 188,PANDA 169,DUCATO Kasten 250,500 312,STILO 192,BRAVO II 198,DUCATO Pritsche\/Fahrgestell 250,DUCATO Pritsche\/Fahrgestell 230,DUCATO Bus 250,DUCATO Bus 230,DUCATO Kasten 244,DOBLO Cargo 223,500 C 312,STILO Multi Wagon 192,DOBLO 119,CROMA 194,DUCATO Pritsche\/Fahrgestell 244,PANDA Van 169,DUCATO Kasten 230L,PUNTO 199,DUCATO Bus 244, Z_,IDEA,PANDA 312,MULTIPLA 186,PUNTO Van 188AX,LINEA 323,PANDA Van 141_,STRADA Pick-up 578_,PALIO 178BX,SIENA 178_,PANDA VAN 312; CITRO\u00cbN: JUMPER Kasten,JUMPER Kasten 244,JUMPER Bus,JUMPER Pritsche\/Fahrgestell,JUMPER Bus 244, Z_,JUMPER Pritsche\/Fahrgestell 244; ALFA ROMEO: 147 937,159 Sportwagon 939,156 Sportwagon 932,156 932,159 939,GT 937,SPIDER 916S_,166 936,BRERA,GTV 916C_,SPIDER 939; PEUGEOT: BOXER Kasten,BOXER Kasten 244,BOXER Bus,BOXER Pritsche\/Fahrgestell,BOXER Bus 244, Z_,BOXER Pritsche\/Fahrgestell 244; MASERATI: QUATTROPORTE V,GRAN TURISMO,GRANCABRIO; 90801906, 46840510, 60669020, 60801906, 60816501, 71752157, 71752158, 71752176, 453450, 46840510, 60669020, 60801906, 60816501, 90801906, 1543231, 1565244, 9S5113480AA, 9S5113K198AA, 46840510, 60669020, 60801906, 60816501, 453450; Jarruvalokatkaisin<\/p>\n","protected":false},"excerpt":{"rendered":"<p>VEMO Jarruvalokytkin V24-73-0008 Jarruvalokatkaisin ABARTH,LANCIA,FORD,500 \/ 595 312_,500C \/ 595C 312_,YPSILON 843,DELTA III 844,MUSA 350,THESIS 841AX<\/p>\n","protected":false},"featured_media":0,"template":"","meta":{"site-sidebar-layout":"default","site-content-layout":"default","ast-global-header-display":"","ast-main-header-display":"","ast-hfb-above-header-display":"","ast-hfb-below-header-display":"","ast-hfb-mobile-header-display":"","site-post-title":"","ast-breadcrumbs-content":"","ast-featured-img":"","footer-sml-layout":"","theme-transparent-header-meta":"","adv-header-id-meta":"","stick-header-meta":"","header-above-stick-meta":"","header-main-stick-meta":"","header-below-stick-meta":""},"pwb-brand":[168],"product_cat":[117],"product_tag":[],"class_list":{"0":"post-90463","1":"product","2":"type-product","3":"status-publish","5":"pwb-brand-vemo","6":"product_cat-jarruvalokytkin","7":"desktop-align-left","8":"tablet-align-left","9":"mobile-align-left","11":"first","12":"instock","13":"product-type-external"},"brands":[{"id":168,"name":"VEMO","slug":"vemo"}],"_links":{"self":[{"href":"https:\/\/www.autonvaraosahaku.fi\/index.php?rest_route=\/wp\/v2\/product\/90463","targetHints":{"allow":["GET"]}}],"collection":[{"href":"https:\/\/www.autonvaraosahaku.fi\/index.php?rest_route=\/wp\/v2\/product"}],"about":[{"href":"https:\/\/www.autonvaraosahaku.fi\/index.php?rest_route=\/wp\/v2\/types\/product"}],"wp:attachment":[{"href":"https:\/\/www.autonvaraosahaku.fi\/index.php?rest_route=%2Fwp%2Fv2%2Fmedia&parent=90463"}],"wp:term":[{"taxonomy":"pwb-brand","embeddable":true,"href":"https:\/\/www.autonvaraosahaku.fi\/index.php?rest_route=%2Fwp%2Fv2%2Fpwb-brand&post=90463"},{"taxonomy":"product_cat","embeddable":true,"href":"https:\/\/www.autonvaraosahaku.fi\/index.php?rest_route=%2Fwp%2Fv2%2Fproduct_cat&post=90463"},{"taxonomy":"product_tag","embeddable":true,"href":"https:\/\/www.autonvaraosahaku.fi\/index.php?rest_route=%2Fwp%2Fv2%2Fproduct_tag&post=90463"}],"curies":[{"name":"wp","href":"https:\/\/api.w.org\/{rel}","templated":true}]}}