{"id":90465,"date":"2021-02-21T21:22:47","date_gmt":"2021-02-21T21:22:47","guid":{"rendered":"https:\/\/www.autonvaraosahaku.fi\/?product=ridex-277w0027-takajarrusylinteri"},"modified":"2021-02-21T21:22:56","modified_gmt":"2021-02-21T21:22:56","slug":"ridex-277w0027-takajarrusylinteri","status":"publish","type":"product","link":"https:\/\/www.autonvaraosahaku.fi\/?product=ridex-277w0027-takajarrusylinteri","title":{"rendered":"RIDEX 277W0027 Takajarrusylinteri"},"content":{"rendered":"<p>Kennon mitat: 22.2; Materiaali: Valurauta; M\u00e4\u00e4r\u00e4: 1; Valmistusvuosi alkaen: 09\/1994; NISSAN: TERRANO II R20; FORD: TRANSIT  MK-5 Bus E_ _,TRANSIT Kasten T_ _,TRANSIT MK-5 Pritsche\/Fahrgestell E_ _,TRANSIT MK-5 Kasten E_ _,TRANSIT MK-4 Kasten E_ _,TRANSIT TOURNEO E_; 6464704, 6466704, 92VB2261AA, 441000X800, C1470; Py\u00f6r\u00e4n Jarrusylinteri,Jarrusylinteri<\/p>\n","protected":false},"excerpt":{"rendered":"<p>RIDEX Takajarrusylinteri 277W0027 Py\u00f6r\u00e4n Jarrusylinteri,Jarrusylinteri NISSAN,FORD,TERRANO II R20,TRANSIT  MK-5 Bus E_ _,TRANSIT Kasten T_ _<\/p>\n","protected":false},"featured_media":0,"template":"","meta":{"site-sidebar-layout":"default","site-content-layout":"default","ast-global-header-display":"","ast-main-header-display":"","ast-hfb-above-header-display":"","ast-hfb-below-header-display":"","ast-hfb-mobile-header-display":"","site-post-title":"","ast-breadcrumbs-content":"","ast-featured-img":"","footer-sml-layout":"","theme-transparent-header-meta":"","adv-header-id-meta":"","stick-header-meta":"","header-above-stick-meta":"","header-main-stick-meta":"","header-below-stick-meta":""},"pwb-brand":[157],"product_cat":[158],"product_tag":[],"class_list":{"0":"post-90465","1":"product","2":"type-product","3":"status-publish","5":"pwb-brand-ridex","6":"product_cat-takajarrusylinteri","7":"desktop-align-left","8":"tablet-align-left","9":"mobile-align-left","11":"first","12":"instock","13":"product-type-external"},"brands":[{"id":157,"name":"RIDEX","slug":"ridex"}],"_links":{"self":[{"href":"https:\/\/www.autonvaraosahaku.fi\/index.php?rest_route=\/wp\/v2\/product\/90465","targetHints":{"allow":["GET"]}}],"collection":[{"href":"https:\/\/www.autonvaraosahaku.fi\/index.php?rest_route=\/wp\/v2\/product"}],"about":[{"href":"https:\/\/www.autonvaraosahaku.fi\/index.php?rest_route=\/wp\/v2\/types\/product"}],"wp:attachment":[{"href":"https:\/\/www.autonvaraosahaku.fi\/index.php?rest_route=%2Fwp%2Fv2%2Fmedia&parent=90465"}],"wp:term":[{"taxonomy":"pwb-brand","embeddable":true,"href":"https:\/\/www.autonvaraosahaku.fi\/index.php?rest_route=%2Fwp%2Fv2%2Fpwb-brand&post=90465"},{"taxonomy":"product_cat","embeddable":true,"href":"https:\/\/www.autonvaraosahaku.fi\/index.php?rest_route=%2Fwp%2Fv2%2Fproduct_cat&post=90465"},{"taxonomy":"product_tag","embeddable":true,"href":"https:\/\/www.autonvaraosahaku.fi\/index.php?rest_route=%2Fwp%2Fv2%2Fproduct_tag&post=90465"}],"curies":[{"name":"wp","href":"https:\/\/api.w.org\/{rel}","templated":true}]}}